{"id":2337,"date":"2024-12-13T13:26:00","date_gmt":"2024-12-13T11:26:00","guid":{"rendered":"https:\/\/cosmoflag.com\/?post_type=product&#038;p=2337"},"modified":"2025-08-12T21:23:37","modified_gmt":"2025-08-12T19:23:37","slug":"azerbaijans-flagga","status":"publish","type":"product","link":"https:\/\/cosmoflag.com\/sv\/product\/azerbaijans-flagga\/","title":{"rendered":"Azerbajdzjans flagga"},"content":{"rendered":"<h3>Utformningen av Azerbajdzjans flagga<\/h3>\n<p>V\u00e5r Azerbajdzjan-flagga \u00e4r tillverkad av h\u00f6gkvalitativ polyester, vilket g\u00f6r den idealisk f\u00f6r l\u00e5ngvarig anv\u00e4ndning b\u00e5de inomhus och utomhus. Den har metall\u00f6glor f\u00f6r enkel installation och ett s\u00e4kert grepp, \u00e4ven under ogynnsamma v\u00e4derf\u00f6rh\u00e5llanden. V\u00e5r flagga finns i 90 x 150 cm\/35 x 59 tum f\u00f6r maximal synlighet och uppfyller en m\u00e4ngd olika behov, oavsett om du vill visa den p\u00e5 en stolpe eller en v\u00e4gg.<\/p>\n<h3>En nationell symbol som genomsyras av historia<\/h3>\n<p>Azerbajdzjans flagga, \u00e4ven k\u00e4nd som \u201cAzerbaycan Bayragi\u201d, best\u00e5r av tre horisontella r\u00e4nder: bl\u00e5 upptill, r\u00f6d i mitten och gr\u00f6n nedtill. Det finns ocks\u00e5 en vit halvm\u00e5ne och en \u00e5ttauddig stj\u00e4rna i mitten av den r\u00f6da randen. Den bl\u00e5 f\u00e4rgen representerar den turkiska kulturen, den r\u00f6da f\u00e4rgen symboliserar modernisering och demokratisk utveckling och den gr\u00f6na f\u00e4rgen f\u00f6r tankarna till islam. Halvm\u00e5nen och stj\u00e4rnan \u00e4r traditionella symboler f\u00f6r islam, men \u00e5terspeglar ocks\u00e5 det azerbajdzjanska folkets str\u00e4van efter frihet. Flaggan, som antogs 1918 och \u00e5ter antogs 1991 efter Sovjetunionens fall, f\u00f6rkroppsligar det azerbajdzjanska folkets nationella identitet och v\u00e4rderingar.<\/p>\n<h3>M\u00e5ngsidiga anv\u00e4ndningsm\u00f6jligheter<\/h3>\n<p>Oavsett om det g\u00e4ller nationella firanden, sportevenemang, kulturella evenemang eller utbildnings\u00e4ndam\u00e5l \u00e4r den azerbajdzjanska flaggan l\u00e4mplig f\u00f6r alla tillf\u00e4llen. Dess robusta design och blekningsbest\u00e4ndiga f\u00e4rger s\u00e4kerst\u00e4ller att flaggan beh\u00e5ller sin betydelse och visuella p\u00e5verkan \u00f6ver tiden.<\/p>","protected":false},"excerpt":{"rendered":"<p>150 x 90 cm flagga med 2 kraftiga metall\u00f6glor f\u00f6r s\u00e4ker upph\u00e4ngning.<\/p>","protected":false},"featured_media":1816,"comment_status":"open","ping_status":"closed","template":"","meta":{"_gspb_post_css":"","iawp_total_views":21},"product_brand":[],"product_cat":[64],"product_tag":[],"class_list":{"0":"post-2337","1":"product","2":"type-product","3":"status-publish","4":"has-post-thumbnail","6":"product_cat-asia-flags","8":"first","9":"instock","10":"sale","11":"shipping-taxable","12":"purchasable","13":"product-type-simple"},"_links":{"self":[{"href":"https:\/\/cosmoflag.com\/sv\/wp-json\/wp\/v2\/product\/2337","targetHints":{"allow":["GET"]}}],"collection":[{"href":"https:\/\/cosmoflag.com\/sv\/wp-json\/wp\/v2\/product"}],"about":[{"href":"https:\/\/cosmoflag.com\/sv\/wp-json\/wp\/v2\/types\/product"}],"replies":[{"embeddable":true,"href":"https:\/\/cosmoflag.com\/sv\/wp-json\/wp\/v2\/comments?post=2337"}],"wp:featuredmedia":[{"embeddable":true,"href":"https:\/\/cosmoflag.com\/sv\/wp-json\/wp\/v2\/media\/1816"}],"wp:attachment":[{"href":"https:\/\/cosmoflag.com\/sv\/wp-json\/wp\/v2\/media?parent=2337"}],"wp:term":[{"taxonomy":"product_brand","embeddable":true,"href":"https:\/\/cosmoflag.com\/sv\/wp-json\/wp\/v2\/product_brand?post=2337"},{"taxonomy":"product_cat","embeddable":true,"href":"https:\/\/cosmoflag.com\/sv\/wp-json\/wp\/v2\/product_cat?post=2337"},{"taxonomy":"product_tag","embeddable":true,"href":"https:\/\/cosmoflag.com\/sv\/wp-json\/wp\/v2\/product_tag?post=2337"}],"curies":[{"name":"wp","href":"https:\/\/api.w.org\/{rel}","templated":true}]}}