{"id":2335,"date":"2024-12-12T23:34:00","date_gmt":"2024-12-12T21:34:00","guid":{"rendered":"https:\/\/cosmoflag.com\/?post_type=product&#038;p=2335"},"modified":"2025-11-30T23:47:11","modified_gmt":"2025-11-30T21:47:11","slug":"armeniens-flagga","status":"publish","type":"product","link":"https:\/\/cosmoflag.com\/sv\/product\/armeniens-flagga\/","title":{"rendered":"Armeniens flagga"},"content":{"rendered":"<h3><strong>Utformning av den armeniska flaggan<\/strong><\/h3>\n<p>V\u00e5r Armenien-flagga \u00e4r tillverkad av h\u00f6gkvalitativ polyester, vilket g\u00f6r den idealisk f\u00f6r h\u00e5llbar anv\u00e4ndning b\u00e5de inomhus och utomhus. Den \u00e4r utrustad med metallgenomf\u00f6ringar som underl\u00e4ttar installationen och s\u00e4kerst\u00e4ller att den sitter s\u00e4kert, \u00e4ven under tuffa v\u00e4derf\u00f6rh\u00e5llanden. V\u00e5r flagga finns i storlek 90 x 150 cm\/35 x 59 tum f\u00f6r maximal synlighet och uppfyller olika behov, oavsett om du vill visa den p\u00e5 en stolpe eller p\u00e5 en v\u00e4gg.<\/p>\n<h3><strong>En nationell symbol rik p\u00e5 historia<\/strong><\/h3>\n<p>Armeniens flagga, som best\u00e5r av tre horisontella r\u00e4nder i r\u00f6tt, bl\u00e5tt och orange, \u00e4r mycket mer \u00e4n bara en nationalflagga. Den antogs 1990, strax f\u00f6re landets sj\u00e4lvst\u00e4ndighet fr\u00e5n Sovjetunionen, och varje f\u00e4rg har en djup inneb\u00f6rd: r\u00f6tt symboliserar det blod som spillts f\u00f6r sj\u00e4lvst\u00e4ndigheten och uppr\u00e4tth\u00e5llandet av kristendomen, bl\u00e5tt representerar det armeniska folkets \u00f6nskan att leva under en fredlig himmel och orange symboliserar folkets kreativitet och h\u00e5rda arbete. Denna flagga \u00e4r inte bara ett dekorativt element; den f\u00f6rkroppsligar den armeniska nationens str\u00e4vanden, mod och stolthet.<\/p>\n<h3><strong>M\u00e5ngsidig anv\u00e4ndning<\/strong><\/h3>\n<p>Oavsett om det g\u00e4ller nationella firanden, kulturevenemang, idrottssammankomster eller utbildnings\u00e4ndam\u00e5l anpassar sig den armeniska flaggan till alla tillf\u00e4llen. Dess robusta design och blekningsbest\u00e4ndiga f\u00e4rger s\u00e4kerst\u00e4ller att flaggan beh\u00e5ller sin betydelse och visuella p\u00e5verkan \u00f6ver tiden.<\/p>","protected":false},"excerpt":{"rendered":"<p>150 x 90 cm flagga med 2 kraftiga metall\u00f6glor f\u00f6r s\u00e4ker upph\u00e4ngning.<\/p>","protected":false},"featured_media":1812,"comment_status":"open","ping_status":"closed","template":"","meta":{"_gspb_post_css":"","iawp_total_views":3},"product_brand":[],"product_cat":[66],"product_tag":[],"class_list":{"0":"post-2335","1":"product","2":"type-product","3":"status-publish","4":"has-post-thumbnail","6":"product_cat-middle-east-flags","8":"first","9":"instock","10":"sale","11":"shipping-taxable","12":"purchasable","13":"product-type-simple"},"_links":{"self":[{"href":"https:\/\/cosmoflag.com\/sv\/wp-json\/wp\/v2\/product\/2335","targetHints":{"allow":["GET"]}}],"collection":[{"href":"https:\/\/cosmoflag.com\/sv\/wp-json\/wp\/v2\/product"}],"about":[{"href":"https:\/\/cosmoflag.com\/sv\/wp-json\/wp\/v2\/types\/product"}],"replies":[{"embeddable":true,"href":"https:\/\/cosmoflag.com\/sv\/wp-json\/wp\/v2\/comments?post=2335"}],"wp:featuredmedia":[{"embeddable":true,"href":"https:\/\/cosmoflag.com\/sv\/wp-json\/wp\/v2\/media\/1812"}],"wp:attachment":[{"href":"https:\/\/cosmoflag.com\/sv\/wp-json\/wp\/v2\/media?parent=2335"}],"wp:term":[{"taxonomy":"product_brand","embeddable":true,"href":"https:\/\/cosmoflag.com\/sv\/wp-json\/wp\/v2\/product_brand?post=2335"},{"taxonomy":"product_cat","embeddable":true,"href":"https:\/\/cosmoflag.com\/sv\/wp-json\/wp\/v2\/product_cat?post=2335"},{"taxonomy":"product_tag","embeddable":true,"href":"https:\/\/cosmoflag.com\/sv\/wp-json\/wp\/v2\/product_tag?post=2335"}],"curies":[{"name":"wp","href":"https:\/\/api.w.org\/{rel}","templated":true}]}}