{"id":2334,"date":"2024-12-12T23:30:00","date_gmt":"2024-12-12T21:30:00","guid":{"rendered":"https:\/\/cosmoflag.com\/?post_type=product&#038;p=2334"},"modified":"2025-08-12T21:23:38","modified_gmt":"2025-08-12T19:23:38","slug":"ukrainas-flagga","status":"publish","type":"product","link":"https:\/\/cosmoflag.com\/sv\/product\/ukrainas-flagga\/","title":{"rendered":"Ukrainas flagga"},"content":{"rendered":"<h3>Utformning av den ukrainska flaggan<\/h3>\n<p>V\u00e5r Ukraina-flagga \u00e4r tillverkad av h\u00f6gkvalitativ polyester, vilket g\u00f6r den idealisk f\u00f6r l\u00e5ngvarig anv\u00e4ndning, b\u00e5de inomhus och utomhus. Den har metall\u00f6glor f\u00f6r enkel installation och garanterad h\u00e5llfasthet, \u00e4ven under ogynnsamma v\u00e4derf\u00f6rh\u00e5llanden. V\u00e5r flagga finns i 90 x 150 cm\/35 x 59 tum f\u00f6r maximal synlighet i mindre utrymmen och uppfyller en m\u00e4ngd olika behov, oavsett om du vill visa den p\u00e5 en stolpe eller en v\u00e4gg.<\/p>\n<h3>En nationell symbol som genomsyras av historia<\/h3>\n<p>Ukrainas flagga best\u00e5r av tv\u00e5 lika stora horisontella r\u00e4nder, bl\u00e5 upptill och gul nedtill. Dessa f\u00e4rger \u00e5terspeglar de stora f\u00e4lten av gyllene vete under en bl\u00e5 himmel, ett landskap som \u00e4r typiskt f\u00f6r Ukraina, som \u00e4r en av v\u00e4rldens st\u00f6rsta spannm\u00e5lsexport\u00f6rer. Flaggan, som antogs 1992 efter landets sj\u00e4lvst\u00e4ndighet, symboliserar fred (bl\u00e5) och v\u00e4lst\u00e5nd (gul). Den \u00e4r en kraftfull p\u00e5minnelse om Ukrainas nationella identitet och stolthet.<\/p>\n<h3>M\u00e5ngsidiga anv\u00e4ndningsm\u00f6jligheter<\/h3>\n<p>Oavsett om det g\u00e4ller nationella firanden, sportevenemang, politiska demonstrationer eller utbildnings\u00e4ndam\u00e5l \u00e4r den ukrainska flaggan l\u00e4mplig f\u00f6r alla tillf\u00e4llen. Dess robusta design och blekningsbest\u00e4ndiga f\u00e4rger s\u00e4kerst\u00e4ller att flaggan beh\u00e5ller sin mening och visuella p\u00e5verkan \u00f6ver tiden.<\/p>","protected":false},"excerpt":{"rendered":"<p>150 x 90 cm flagga med 2 kraftiga metall\u00f6glor f\u00f6r s\u00e4ker upph\u00e4ngning.<\/p>","protected":false},"featured_media":2220,"comment_status":"open","ping_status":"closed","template":"","meta":{"_gspb_post_css":"","iawp_total_views":15},"product_brand":[],"product_cat":[65],"product_tag":[],"class_list":{"0":"post-2334","1":"product","2":"type-product","3":"status-publish","4":"has-post-thumbnail","6":"product_cat-europe-flags","8":"first","9":"instock","10":"sale","11":"shipping-taxable","12":"purchasable","13":"product-type-simple"},"_links":{"self":[{"href":"https:\/\/cosmoflag.com\/sv\/wp-json\/wp\/v2\/product\/2334","targetHints":{"allow":["GET"]}}],"collection":[{"href":"https:\/\/cosmoflag.com\/sv\/wp-json\/wp\/v2\/product"}],"about":[{"href":"https:\/\/cosmoflag.com\/sv\/wp-json\/wp\/v2\/types\/product"}],"replies":[{"embeddable":true,"href":"https:\/\/cosmoflag.com\/sv\/wp-json\/wp\/v2\/comments?post=2334"}],"wp:featuredmedia":[{"embeddable":true,"href":"https:\/\/cosmoflag.com\/sv\/wp-json\/wp\/v2\/media\/2220"}],"wp:attachment":[{"href":"https:\/\/cosmoflag.com\/sv\/wp-json\/wp\/v2\/media?parent=2334"}],"wp:term":[{"taxonomy":"product_brand","embeddable":true,"href":"https:\/\/cosmoflag.com\/sv\/wp-json\/wp\/v2\/product_brand?post=2334"},{"taxonomy":"product_cat","embeddable":true,"href":"https:\/\/cosmoflag.com\/sv\/wp-json\/wp\/v2\/product_cat?post=2334"},{"taxonomy":"product_tag","embeddable":true,"href":"https:\/\/cosmoflag.com\/sv\/wp-json\/wp\/v2\/product_tag?post=2334"}],"curies":[{"name":"wp","href":"https:\/\/api.w.org\/{rel}","templated":true}]}}