{"id":2332,"date":"2024-12-12T23:18:00","date_gmt":"2024-12-12T21:18:00","guid":{"rendered":"https:\/\/cosmoflag.com\/?post_type=product&#038;p=2332"},"modified":"2025-08-12T21:23:41","modified_gmt":"2025-08-12T19:23:41","slug":"feministisk-lesbisk-flagga","status":"publish","type":"product","link":"https:\/\/cosmoflag.com\/sv\/product\/feministisk-lesbisk-flagga\/","title":{"rendered":"Feministisk lesbisk flagga"},"content":{"rendered":"<h3><strong>Den feministiska lesbiska flaggans k\u00e4nnetecken<\/strong><\/h3>\n<p>V\u00e5r feministiska lesbiska flagga \u00e4r tillverkad av h\u00f6gkvalitativ polyester, vilket g\u00f6r den idealisk f\u00f6r h\u00e5llbar anv\u00e4ndning b\u00e5de inomhus och utomhus. Den \u00e4r utrustad med metallgenomf\u00f6ringar som underl\u00e4ttar installationen och s\u00e4kerst\u00e4ller att den sitter s\u00e4kert, \u00e4ven under tuffa v\u00e4derf\u00f6rh\u00e5llanden. V\u00e5r flagga finns i storlekarna 90 x 150 cm\/35 x 59 tum f\u00f6r maximal synlighet och uppfyller olika behov, oavsett om du vill visa den p\u00e5 en stolpe eller p\u00e5 en v\u00e4gg.<\/p>\n<h3><strong>En nationell symbol rik p\u00e5 historia<\/strong><\/h3>\n<p>Flaggans centrala symbol \u00e4r en svart labyrint mot en lila bakgrund. Labrysen \u00e4r en historisk symbol f\u00f6r den feministiska och lesbiska r\u00f6relsen och f\u00f6r tankarna till styrka, sj\u00e4lvst\u00e4ndighet och solidaritet. Den lila bakgrunden \u00e5terspeglar f\u00e4rgerna i den feministiska r\u00f6relsen och f\u00f6rst\u00e4rker identiteten och enheten inom samh\u00e4llet.<\/p>\n<h3><strong>M\u00e5ngsidig anv\u00e4ndning<\/strong><\/h3>\n<p>Oavsett om det g\u00e4ller pride-firande, feministiska sammankomster, kulturella evenemang eller utbildnings\u00e4ndam\u00e5l anpassar sig den feministiska lesbiska labrys-flaggan till alla tillf\u00e4llen. Dess robusta design och blekningsbest\u00e4ndiga f\u00e4rger s\u00e4kerst\u00e4ller att flaggan beh\u00e5ller sin betydelse och visuella p\u00e5verkan \u00f6ver tiden.<\/p>","protected":false},"excerpt":{"rendered":"<p>150 x 90 cm flagga med 2 kraftiga metall\u00f6glor f\u00f6r s\u00e4ker upph\u00e4ngning.<\/p>","protected":false},"featured_media":1200,"comment_status":"open","ping_status":"closed","template":"","meta":{"_gspb_post_css":"","iawp_total_views":14},"product_brand":[],"product_cat":[57],"product_tag":[],"class_list":{"0":"post-2332","1":"product","2":"type-product","3":"status-publish","4":"has-post-thumbnail","6":"product_cat-lgbt-flags","8":"first","9":"instock","10":"sale","11":"shipping-taxable","12":"purchasable","13":"product-type-simple"},"_links":{"self":[{"href":"https:\/\/cosmoflag.com\/sv\/wp-json\/wp\/v2\/product\/2332","targetHints":{"allow":["GET"]}}],"collection":[{"href":"https:\/\/cosmoflag.com\/sv\/wp-json\/wp\/v2\/product"}],"about":[{"href":"https:\/\/cosmoflag.com\/sv\/wp-json\/wp\/v2\/types\/product"}],"replies":[{"embeddable":true,"href":"https:\/\/cosmoflag.com\/sv\/wp-json\/wp\/v2\/comments?post=2332"}],"wp:featuredmedia":[{"embeddable":true,"href":"https:\/\/cosmoflag.com\/sv\/wp-json\/wp\/v2\/media\/1200"}],"wp:attachment":[{"href":"https:\/\/cosmoflag.com\/sv\/wp-json\/wp\/v2\/media?parent=2332"}],"wp:term":[{"taxonomy":"product_brand","embeddable":true,"href":"https:\/\/cosmoflag.com\/sv\/wp-json\/wp\/v2\/product_brand?post=2332"},{"taxonomy":"product_cat","embeddable":true,"href":"https:\/\/cosmoflag.com\/sv\/wp-json\/wp\/v2\/product_cat?post=2332"},{"taxonomy":"product_tag","embeddable":true,"href":"https:\/\/cosmoflag.com\/sv\/wp-json\/wp\/v2\/product_tag?post=2332"}],"curies":[{"name":"wp","href":"https:\/\/api.w.org\/{rel}","templated":true}]}}