{"id":2328,"date":"2024-12-12T22:59:00","date_gmt":"2024-12-12T20:59:00","guid":{"rendered":"https:\/\/cosmoflag.com\/?post_type=product&#038;p=2328"},"modified":"2025-08-12T21:23:42","modified_gmt":"2025-08-12T19:23:42","slug":"icke-binar-flagga","status":"publish","type":"product","link":"https:\/\/cosmoflag.com\/sv\/product\/icke-binar-flagga\/","title":{"rendered":"Icke bin\u00e4r flagga"},"content":{"rendered":"<h3>Funktioner f\u00f6r icke-bin\u00e4r flagga<\/h3>\n<p>V\u00e5r icke-bin\u00e4ra flagga \u00e4r tillverkad av h\u00f6gkvalitativ polyester, vilket g\u00f6r den idealisk f\u00f6r l\u00e5ngvarig anv\u00e4ndning, oavsett om det \u00e4r inomhus eller utomhus. Den har metallgenomf\u00f6ringar f\u00f6r enkel installation och garanterad h\u00e5llfasthet, \u00e4ven i ogynnsamma v\u00e4derf\u00f6rh\u00e5llanden. V\u00e5r flagga finns i 90 x 150 cm\/35 x 59 tum f\u00f6r maximal synlighet och uppfyller en m\u00e4ngd olika behov, oavsett om du vill visa den p\u00e5 en stolpe eller en v\u00e4gg.<\/p>\n<h3>En nationell symbol som genomsyras av historia<\/h3>\n<p>Den icke-bin\u00e4ra flaggan har fyra horisontella r\u00e4nder i gult, vitt, lila och svart. Gult representerar personer vars k\u00f6n existerar utanf\u00f6r bin\u00e4riteten man-kvinna, vitt representerar personer med flera identiteter, lila representerar personer med blandade identiteter och svart representerar personer utan k\u00f6n.<\/p>\n<h3>M\u00e5ngsidiga anv\u00e4ndningsm\u00f6jligheter<\/h3>\n<p>Den icke-bin\u00e4ra flaggan passar f\u00f6r alla tillf\u00e4llen, oavsett om det g\u00e4ller pride-evenemang, sammankomster i samh\u00e4llet, kulturevenemang eller som ett s\u00e4tt att informera om k\u00f6nsm\u00e5ngfald. Dess robusthet och blekningsbest\u00e4ndiga f\u00e4rger s\u00e4kerst\u00e4ller att flaggan beh\u00e5ller sin visuella inverkan \u00f6ver tiden.<\/p>","protected":false},"excerpt":{"rendered":"<p>150 x 90 cm flagga med 2 kraftiga metall\u00f6glor f\u00f6r s\u00e4ker upph\u00e4ngning.<\/p>","protected":false},"featured_media":1294,"comment_status":"open","ping_status":"closed","template":"","meta":{"_gspb_post_css":"","iawp_total_views":25},"product_brand":[],"product_cat":[57],"product_tag":[],"class_list":{"0":"post-2328","1":"product","2":"type-product","3":"status-publish","4":"has-post-thumbnail","6":"product_cat-lgbt-flags","8":"first","9":"instock","10":"sale","11":"shipping-taxable","12":"purchasable","13":"product-type-simple"},"_links":{"self":[{"href":"https:\/\/cosmoflag.com\/sv\/wp-json\/wp\/v2\/product\/2328","targetHints":{"allow":["GET"]}}],"collection":[{"href":"https:\/\/cosmoflag.com\/sv\/wp-json\/wp\/v2\/product"}],"about":[{"href":"https:\/\/cosmoflag.com\/sv\/wp-json\/wp\/v2\/types\/product"}],"replies":[{"embeddable":true,"href":"https:\/\/cosmoflag.com\/sv\/wp-json\/wp\/v2\/comments?post=2328"}],"wp:featuredmedia":[{"embeddable":true,"href":"https:\/\/cosmoflag.com\/sv\/wp-json\/wp\/v2\/media\/1294"}],"wp:attachment":[{"href":"https:\/\/cosmoflag.com\/sv\/wp-json\/wp\/v2\/media?parent=2328"}],"wp:term":[{"taxonomy":"product_brand","embeddable":true,"href":"https:\/\/cosmoflag.com\/sv\/wp-json\/wp\/v2\/product_brand?post=2328"},{"taxonomy":"product_cat","embeddable":true,"href":"https:\/\/cosmoflag.com\/sv\/wp-json\/wp\/v2\/product_cat?post=2328"},{"taxonomy":"product_tag","embeddable":true,"href":"https:\/\/cosmoflag.com\/sv\/wp-json\/wp\/v2\/product_tag?post=2328"}],"curies":[{"name":"wp","href":"https:\/\/api.w.org\/{rel}","templated":true}]}}