{"id":2327,"date":"2024-12-12T22:50:00","date_gmt":"2024-12-12T20:50:00","guid":{"rendered":"https:\/\/cosmoflag.com\/?post_type=product&#038;p=2327"},"modified":"2025-08-12T21:23:42","modified_gmt":"2025-08-12T19:23:42","slug":"gay-kanada-flagga","status":"publish","type":"product","link":"https:\/\/cosmoflag.com\/sv\/product\/gay-kanada-flagga\/","title":{"rendered":"Gay Kanada Flagga"},"content":{"rendered":"<h3>Gay Kanada Flagga Funktioner<\/h3>\n<p>V\u00e5r kanadensiska gay pride-flagga \u00e4r tillverkad av h\u00f6gkvalitativ polyester, vilket g\u00f6r den idealisk f\u00f6r l\u00e5ngvarig anv\u00e4ndning, b\u00e5de inomhus och utomhus. Den har metallgenomf\u00f6ringar f\u00f6r enkel installation och garanterad h\u00e5llfasthet, \u00e4ven i ogynnsamma v\u00e4derf\u00f6rh\u00e5llanden. V\u00e5r flagga finns i 90 x 150 cm\/35 x 59 tum f\u00f6r maximal synlighet och uppfyller en m\u00e4ngd olika behov, oavsett om du vill visa den p\u00e5 en stolpe eller en v\u00e4gg.<\/p>\n<h3>En symbol fylld av historia<\/h3>\n<p>Flaggan kombinerar element av gay pride med ikoniska kanadensiska symboler. Den inneh\u00e5ller regnb\u00e5gens f\u00e4rger, den universella symbolen f\u00f6r HBTQ+-samh\u00e4llet, med Kanadas r\u00f6da l\u00f6nnl\u00f6v i mitten, f\u00f6r att fira inkludering och m\u00e5ngfald inom den kanadensiska kulturen.<\/p>\n<h3>M\u00e5ngsidig anv\u00e4ndning<\/h3>\n<p>Den kanadensiska Gay Pride-flaggan \u00e4r idealisk f\u00f6r Pride-festivaler, parader, samh\u00e4llsm\u00f6ten eller som en st\u00f6djande display och \u00e4r ett m\u00e5ste f\u00f6r alla som firar sexuell m\u00e5ngfald och yttrandefrihet i Kanada. Med sin h\u00e5llbara konstruktion och livliga f\u00e4rger \u00e4r flaggan utformad f\u00f6r stark, p\u00e5g\u00e5ende visuell p\u00e5verkan.<\/p>","protected":false},"excerpt":{"rendered":"<p>150 x 90 cm flagga med 2 kraftiga metall\u00f6glor f\u00f6r s\u00e4ker upph\u00e4ngning.<\/p>","protected":false},"featured_media":1117,"comment_status":"open","ping_status":"closed","template":"","meta":{"_gspb_post_css":"","iawp_total_views":2},"product_brand":[],"product_cat":[57],"product_tag":[],"class_list":{"0":"post-2327","1":"product","2":"type-product","3":"status-publish","4":"has-post-thumbnail","6":"product_cat-lgbt-flags","8":"first","9":"instock","10":"sale","11":"shipping-taxable","12":"purchasable","13":"product-type-simple"},"_links":{"self":[{"href":"https:\/\/cosmoflag.com\/sv\/wp-json\/wp\/v2\/product\/2327","targetHints":{"allow":["GET"]}}],"collection":[{"href":"https:\/\/cosmoflag.com\/sv\/wp-json\/wp\/v2\/product"}],"about":[{"href":"https:\/\/cosmoflag.com\/sv\/wp-json\/wp\/v2\/types\/product"}],"replies":[{"embeddable":true,"href":"https:\/\/cosmoflag.com\/sv\/wp-json\/wp\/v2\/comments?post=2327"}],"wp:featuredmedia":[{"embeddable":true,"href":"https:\/\/cosmoflag.com\/sv\/wp-json\/wp\/v2\/media\/1117"}],"wp:attachment":[{"href":"https:\/\/cosmoflag.com\/sv\/wp-json\/wp\/v2\/media?parent=2327"}],"wp:term":[{"taxonomy":"product_brand","embeddable":true,"href":"https:\/\/cosmoflag.com\/sv\/wp-json\/wp\/v2\/product_brand?post=2327"},{"taxonomy":"product_cat","embeddable":true,"href":"https:\/\/cosmoflag.com\/sv\/wp-json\/wp\/v2\/product_cat?post=2327"},{"taxonomy":"product_tag","embeddable":true,"href":"https:\/\/cosmoflag.com\/sv\/wp-json\/wp\/v2\/product_tag?post=2327"}],"curies":[{"name":"wp","href":"https:\/\/api.w.org\/{rel}","templated":true}]}}