{"id":2324,"date":"2024-12-12T14:36:00","date_gmt":"2024-12-12T12:36:00","guid":{"rendered":"https:\/\/cosmoflag.com\/?post_type=product&#038;p=2324"},"modified":"2025-08-12T21:23:43","modified_gmt":"2025-08-12T19:23:43","slug":"laderflagga","status":"publish","type":"product","link":"https:\/\/cosmoflag.com\/sv\/product\/laderflagga\/","title":{"rendered":"Flagga i l\u00e4der"},"content":{"rendered":"<h3>Flagga i l\u00e4der<\/h3>\n<p>V\u00e5r Leather-flagga \u00e4r tillverkad av h\u00f6gkvalitativ polyester, vilket g\u00f6r den idealisk f\u00f6r l\u00e5ngvarig anv\u00e4ndning, b\u00e5de inomhus och utomhus. Den har metallgenomf\u00f6ringar f\u00f6r enkel installation och garanterad h\u00e5llfasthet, \u00e4ven under ogynnsamma v\u00e4derf\u00f6rh\u00e5llanden. V\u00e5r flagga finns i 90 x 150 cm\/35 x 59 tum f\u00f6r maximal synlighet och uppfyller en m\u00e4ngd olika behov, oavsett om du vill visa den p\u00e5 en stolpe eller en v\u00e4gg.<\/p>\n<h3>En symbol fylld av historia<\/h3>\n<p>L\u00e4derflaggan, som designades av Tony DeBlase 1989, \u00e4r en viktig symbol f\u00f6r l\u00e4dergemenskapen. Den har omv\u00e4xlande svarta och bl\u00e5 horisontella r\u00e4nder, med ett r\u00f6tt hj\u00e4rta i det \u00f6vre v\u00e4nstra h\u00f6rnet. Varje f\u00e4rg har sin egen betydelse: svart representerar l\u00e4der, bl\u00e5tt lojalitet och h\u00e4ngivenhet, och r\u00f6tt passion och k\u00e4rlek.<\/p>\n<h3>M\u00e5ngsidiga anv\u00e4ndningsm\u00f6jligheter<\/h3>\n<p>Oavsett om det g\u00e4ller prideparader, l\u00e4dergemenskapens sammankomster, kulturevenemang eller BDSM-evenemang \u00e4r Leather-flaggan en kraftfull symbol f\u00f6r stolthet och identitet. Dess robusta design och blekningsbest\u00e4ndiga f\u00e4rger s\u00e4kerst\u00e4ller att flaggan beh\u00e5ller sin betydelse och visuella p\u00e5verkan \u00f6ver tid.<\/p>","protected":false},"excerpt":{"rendered":"<p>150 x 90 cm flagga med 2 kraftiga metall\u00f6glor f\u00f6r s\u00e4ker upph\u00e4ngning.<\/p>","protected":false},"featured_media":1193,"comment_status":"open","ping_status":"closed","template":"","meta":{"_gspb_post_css":"","iawp_total_views":3},"product_brand":[],"product_cat":[57],"product_tag":[],"class_list":{"0":"post-2324","1":"product","2":"type-product","3":"status-publish","4":"has-post-thumbnail","6":"product_cat-lgbt-flags","8":"first","9":"instock","10":"sale","11":"shipping-taxable","12":"purchasable","13":"product-type-simple"},"_links":{"self":[{"href":"https:\/\/cosmoflag.com\/sv\/wp-json\/wp\/v2\/product\/2324","targetHints":{"allow":["GET"]}}],"collection":[{"href":"https:\/\/cosmoflag.com\/sv\/wp-json\/wp\/v2\/product"}],"about":[{"href":"https:\/\/cosmoflag.com\/sv\/wp-json\/wp\/v2\/types\/product"}],"replies":[{"embeddable":true,"href":"https:\/\/cosmoflag.com\/sv\/wp-json\/wp\/v2\/comments?post=2324"}],"wp:featuredmedia":[{"embeddable":true,"href":"https:\/\/cosmoflag.com\/sv\/wp-json\/wp\/v2\/media\/1193"}],"wp:attachment":[{"href":"https:\/\/cosmoflag.com\/sv\/wp-json\/wp\/v2\/media?parent=2324"}],"wp:term":[{"taxonomy":"product_brand","embeddable":true,"href":"https:\/\/cosmoflag.com\/sv\/wp-json\/wp\/v2\/product_brand?post=2324"},{"taxonomy":"product_cat","embeddable":true,"href":"https:\/\/cosmoflag.com\/sv\/wp-json\/wp\/v2\/product_cat?post=2324"},{"taxonomy":"product_tag","embeddable":true,"href":"https:\/\/cosmoflag.com\/sv\/wp-json\/wp\/v2\/product_tag?post=2324"}],"curies":[{"name":"wp","href":"https:\/\/api.w.org\/{rel}","templated":true}]}}