{"id":2321,"date":"2024-12-12T14:22:00","date_gmt":"2024-12-12T12:22:00","guid":{"rendered":"https:\/\/cosmoflag.com\/?post_type=product&#038;p=2321"},"modified":"2025-08-12T21:23:44","modified_gmt":"2025-08-12T19:23:44","slug":"progressiv-flagga-for-hbt-personer","status":"publish","type":"product","link":"https:\/\/cosmoflag.com\/sv\/product\/progressiv-flagga-for-hbt-personer\/","title":{"rendered":"HBT-progressiv flagga"},"content":{"rendered":"<h3>Utm\u00e4rkande f\u00f6r den progressiva HBT-flaggan<\/h3>\n<p>V\u00e5r LGBT Progressive-flagga \u00e4r tillverkad av h\u00f6gkvalitativ polyester, vilket g\u00f6r den idealisk f\u00f6r l\u00e5ngvarig anv\u00e4ndning, b\u00e5de inomhus och utomhus. Den har metallgenomf\u00f6ringar f\u00f6r enkel installation och garanterad h\u00e5llfasthet, \u00e4ven i ogynnsamma v\u00e4derf\u00f6rh\u00e5llanden. V\u00e5r flagga finns i 90\u00d7150 cm\/35\u00d759 tum f\u00f6r maximal synlighet och uppfyller en m\u00e4ngd olika behov, oavsett om du vill visa den p\u00e5 en stolpe eller en v\u00e4gg.<\/p>\n<h3>En nationell symbol som genomsyras av historia<\/h3>\n<p>Den progressiva HBT-flaggan utvidgar den traditionella regnb\u00e5gsflaggdesignen genom att inf\u00f6rliva ytterligare f\u00e4rger som svart, brunt, bl\u00e5tt, rosa och vitt. Dessa f\u00e4rger ing\u00e5r f\u00f6r att specifikt representera trans-, svarta och bruna samh\u00e4llen, vilket belyser vikten av inkludering och synlighet f\u00f6r alla medlemmar i HBT-samh\u00e4llet. Denna flagga understryker det p\u00e5g\u00e5ende engagemanget f\u00f6r framsteg och j\u00e4mlikhet.<\/p>\n<h3>M\u00e5ngsidiga anv\u00e4ndningsm\u00f6jligheter<\/h3>\n<p>Den progressiva HBT-flaggan \u00e4r idealisk f\u00f6r prideparader, demonstrationer, kulturevenemang eller som ett s\u00e4tt att informera om m\u00e5ngfald och inkludering och passar f\u00f6r alla tillf\u00e4llen. Den robusta designen och de blekningsbest\u00e4ndiga f\u00e4rgerna s\u00e4kerst\u00e4ller att flaggan beh\u00e5ller sin betydelse och visuella effekt \u00f6ver tid.<\/p>","protected":false},"excerpt":{"rendered":"<p>150 x 90 cm flagga med 2 kraftiga metall\u00f6glor f\u00f6r s\u00e4ker upph\u00e4ngning.<\/p>","protected":false},"featured_media":1212,"comment_status":"open","ping_status":"closed","template":"","meta":{"_gspb_post_css":"","iawp_total_views":51},"product_brand":[],"product_cat":[57],"product_tag":[],"class_list":{"0":"post-2321","1":"product","2":"type-product","3":"status-publish","4":"has-post-thumbnail","6":"product_cat-lgbt-flags","8":"first","9":"instock","10":"sale","11":"shipping-taxable","12":"purchasable","13":"product-type-simple"},"_links":{"self":[{"href":"https:\/\/cosmoflag.com\/sv\/wp-json\/wp\/v2\/product\/2321","targetHints":{"allow":["GET"]}}],"collection":[{"href":"https:\/\/cosmoflag.com\/sv\/wp-json\/wp\/v2\/product"}],"about":[{"href":"https:\/\/cosmoflag.com\/sv\/wp-json\/wp\/v2\/types\/product"}],"replies":[{"embeddable":true,"href":"https:\/\/cosmoflag.com\/sv\/wp-json\/wp\/v2\/comments?post=2321"}],"wp:featuredmedia":[{"embeddable":true,"href":"https:\/\/cosmoflag.com\/sv\/wp-json\/wp\/v2\/media\/1212"}],"wp:attachment":[{"href":"https:\/\/cosmoflag.com\/sv\/wp-json\/wp\/v2\/media?parent=2321"}],"wp:term":[{"taxonomy":"product_brand","embeddable":true,"href":"https:\/\/cosmoflag.com\/sv\/wp-json\/wp\/v2\/product_brand?post=2321"},{"taxonomy":"product_cat","embeddable":true,"href":"https:\/\/cosmoflag.com\/sv\/wp-json\/wp\/v2\/product_cat?post=2321"},{"taxonomy":"product_tag","embeddable":true,"href":"https:\/\/cosmoflag.com\/sv\/wp-json\/wp\/v2\/product_tag?post=2321"}],"curies":[{"name":"wp","href":"https:\/\/api.w.org\/{rel}","templated":true}]}}