{"id":2320,"date":"2024-12-12T14:17:00","date_gmt":"2024-12-12T12:17:00","guid":{"rendered":"https:\/\/cosmoflag.com\/?post_type=product&#038;p=2320"},"modified":"2025-08-12T21:23:45","modified_gmt":"2025-08-12T19:23:45","slug":"regnbagsflagga-for-hbt-personer","status":"publish","type":"product","link":"https:\/\/cosmoflag.com\/sv\/product\/regnbagsflagga-for-hbt-personer\/","title":{"rendered":"HBT Regnb\u00e5gsflagga"},"content":{"rendered":"<h3>Egenskaper hos HBT-regnb\u00e5gsflaggan<\/h3>\n<p>V\u00e5r HBT-regnb\u00e5gsflagga \u00e4r tillverkad av h\u00f6gkvalitativ polyester, vilket g\u00f6r den idealisk f\u00f6r l\u00e5ngvarig anv\u00e4ndning, oavsett om det \u00e4r inomhus eller utomhus. Den har metallgenomf\u00f6ringar f\u00f6r enkel installation och garanterad h\u00e5llfasthet, \u00e4ven i ogynnsamma v\u00e4derf\u00f6rh\u00e5llanden. V\u00e5r flagga finns i 90\u00d7150 cm\/35\u00d759 tum f\u00f6r maximal synlighet och uppfyller en m\u00e4ngd olika behov, oavsett om du vill visa den p\u00e5 en stolpe eller en v\u00e4gg.<\/p>\n<h3>En symbol fylld av historia<\/h3>\n<p>Regnb\u00e5gsflaggan \u00e4r den universella symbolen f\u00f6r HBTQ+-samh\u00e4llet. Den skapades av Gilbert Baker 1978 och har flera band i olika f\u00e4rger, var och en med sin egen betydelse: r\u00f6tt f\u00f6r liv, orange f\u00f6r l\u00e4kning, gult f\u00f6r solen, gr\u00f6nt f\u00f6r naturen, bl\u00e5tt f\u00f6r harmoni och lila f\u00f6r ande. Flaggan hyllar m\u00e5ngfalden och enigheten i samh\u00e4llet.<\/p>\n<h3>M\u00e5ngsidig anv\u00e4ndning<\/h3>\n<p>HBT-regnb\u00e5gsflaggan \u00e4r l\u00e4mplig f\u00f6r alla tillf\u00e4llen, oavsett om det g\u00e4ller prideparader, samh\u00e4llsevenemang, kulturdemonstrationer eller som ett utbildningsverktyg f\u00f6r m\u00e5ngfald och inkludering. Den robusta designen och de blekningsbest\u00e4ndiga f\u00e4rgerna s\u00e4kerst\u00e4ller att flaggan beh\u00e5ller sin betydelse och visuella effekt \u00f6ver tid.<\/p>","protected":false},"excerpt":{"rendered":"<p>150 x 90 cm flagga med 2 kraftiga metall\u00f6glor f\u00f6r s\u00e4ker upph\u00e4ngning.<\/p>","protected":false},"featured_media":1219,"comment_status":"open","ping_status":"closed","template":"","meta":{"_gspb_post_css":"","iawp_total_views":79},"product_brand":[],"product_cat":[57],"product_tag":[],"class_list":{"0":"post-2320","1":"product","2":"type-product","3":"status-publish","4":"has-post-thumbnail","6":"product_cat-lgbt-flags","8":"first","9":"instock","10":"sale","11":"shipping-taxable","12":"purchasable","13":"product-type-simple"},"_links":{"self":[{"href":"https:\/\/cosmoflag.com\/sv\/wp-json\/wp\/v2\/product\/2320","targetHints":{"allow":["GET"]}}],"collection":[{"href":"https:\/\/cosmoflag.com\/sv\/wp-json\/wp\/v2\/product"}],"about":[{"href":"https:\/\/cosmoflag.com\/sv\/wp-json\/wp\/v2\/types\/product"}],"replies":[{"embeddable":true,"href":"https:\/\/cosmoflag.com\/sv\/wp-json\/wp\/v2\/comments?post=2320"}],"wp:featuredmedia":[{"embeddable":true,"href":"https:\/\/cosmoflag.com\/sv\/wp-json\/wp\/v2\/media\/1219"}],"wp:attachment":[{"href":"https:\/\/cosmoflag.com\/sv\/wp-json\/wp\/v2\/media?parent=2320"}],"wp:term":[{"taxonomy":"product_brand","embeddable":true,"href":"https:\/\/cosmoflag.com\/sv\/wp-json\/wp\/v2\/product_brand?post=2320"},{"taxonomy":"product_cat","embeddable":true,"href":"https:\/\/cosmoflag.com\/sv\/wp-json\/wp\/v2\/product_cat?post=2320"},{"taxonomy":"product_tag","embeddable":true,"href":"https:\/\/cosmoflag.com\/sv\/wp-json\/wp\/v2\/product_tag?post=2320"}],"curies":[{"name":"wp","href":"https:\/\/api.w.org\/{rel}","templated":true}]}}