{"id":2318,"date":"2024-12-12T14:12:00","date_gmt":"2024-12-12T12:12:00","guid":{"rendered":"https:\/\/cosmoflag.com\/?post_type=product&#038;p=2318"},"modified":"2025-08-12T21:23:45","modified_gmt":"2025-08-12T19:23:45","slug":"lgbt-philadelphia-pride-flagga","status":"publish","type":"product","link":"https:\/\/cosmoflag.com\/sv\/product\/lgbt-philadelphia-pride-flagga\/","title":{"rendered":"HBT Philadelphia Pride flagga"},"content":{"rendered":"<h3>LGBT Philadelphia Pride flagga funktioner<\/h3>\n<p>V\u00e5r LGBT Philadelphia Pride-flagga \u00e4r tillverkad av h\u00f6gkvalitativ polyester, vilket g\u00f6r den idealisk f\u00f6r l\u00e5ngvarig anv\u00e4ndning, oavsett om det \u00e4r inomhus eller utomhus. Den har metallgenomf\u00f6ringar f\u00f6r enkel installation och garanterad h\u00e5llfasthet, \u00e4ven i ogynnsamma v\u00e4derf\u00f6rh\u00e5llanden. V\u00e5r flagga finns i 90\u00d7150 cm\/35\u00d759 tum f\u00f6r maximal synlighet och uppfyller en m\u00e4ngd olika behov, oavsett om du vill visa den p\u00e5 en stolpe eller en v\u00e4gg.<\/p>\n<p><strong>En nationell symbol som genomsyras av historia<\/strong><\/p>\n<p>LGBT Philadelphia Pride-flaggan l\u00e4gger till tv\u00e5 r\u00e4nder, en svart och en brun, ovanf\u00f6r de traditionella sex regnb\u00e5gsf\u00e4rgerna i LGBTQ+ Pride-flaggan. Dessa till\u00e4gg gjordes f\u00f6r att betona m\u00e5ngfald och inkludering, s\u00e4rskilt n\u00e4r det g\u00e4ller f\u00e4rgade personer inom HBTQ + -samh\u00e4llet. Denna version av flaggan introducerades 2017 f\u00f6r att f\u00f6rst\u00e4rka synligheten f\u00f6r svarta och bruna hbtq+-personer och bekr\u00e4fta engagemanget f\u00f6r alla r\u00f6ster inom samh\u00e4llet.<\/p>\n<p><strong>M\u00e5ngsidiga anv\u00e4ndningsm\u00f6jligheter<\/strong><\/p>\n<p>Philadelphia Pride-flaggan \u00e4r idealisk f\u00f6r prideparader, demonstrationer, kulturevenemang eller som ett utbildningsverktyg och \u00e4r en kraftfull symbol f\u00f6r inkludering. Dess robusta design och blekningsbest\u00e4ndiga f\u00e4rger s\u00e4kerst\u00e4ller att flaggan beh\u00e5ller sin visuella effekt och betydelse \u00f6ver tiden.<\/p>","protected":false},"excerpt":{"rendered":"<p>150 x 90 cm flagga med 2 kraftiga metall\u00f6glor f\u00f6r s\u00e4ker upph\u00e4ngning.<\/p>","protected":false},"featured_media":1206,"comment_status":"open","ping_status":"closed","template":"","meta":{"_gspb_post_css":"","iawp_total_views":12},"product_brand":[],"product_cat":[57],"product_tag":[],"class_list":{"0":"post-2318","1":"product","2":"type-product","3":"status-publish","4":"has-post-thumbnail","6":"product_cat-lgbt-flags","8":"first","9":"instock","10":"sale","11":"shipping-taxable","12":"purchasable","13":"product-type-simple"},"_links":{"self":[{"href":"https:\/\/cosmoflag.com\/sv\/wp-json\/wp\/v2\/product\/2318","targetHints":{"allow":["GET"]}}],"collection":[{"href":"https:\/\/cosmoflag.com\/sv\/wp-json\/wp\/v2\/product"}],"about":[{"href":"https:\/\/cosmoflag.com\/sv\/wp-json\/wp\/v2\/types\/product"}],"replies":[{"embeddable":true,"href":"https:\/\/cosmoflag.com\/sv\/wp-json\/wp\/v2\/comments?post=2318"}],"wp:featuredmedia":[{"embeddable":true,"href":"https:\/\/cosmoflag.com\/sv\/wp-json\/wp\/v2\/media\/1206"}],"wp:attachment":[{"href":"https:\/\/cosmoflag.com\/sv\/wp-json\/wp\/v2\/media?parent=2318"}],"wp:term":[{"taxonomy":"product_brand","embeddable":true,"href":"https:\/\/cosmoflag.com\/sv\/wp-json\/wp\/v2\/product_brand?post=2318"},{"taxonomy":"product_cat","embeddable":true,"href":"https:\/\/cosmoflag.com\/sv\/wp-json\/wp\/v2\/product_cat?post=2318"},{"taxonomy":"product_tag","embeddable":true,"href":"https:\/\/cosmoflag.com\/sv\/wp-json\/wp\/v2\/product_tag?post=2318"}],"curies":[{"name":"wp","href":"https:\/\/api.w.org\/{rel}","templated":true}]}}