{"id":2311,"date":"2024-12-12T13:37:00","date_gmt":"2024-12-12T11:37:00","guid":{"rendered":"https:\/\/cosmoflag.com\/?post_type=product&#038;p=2311"},"modified":"2025-08-12T21:23:47","modified_gmt":"2025-08-12T19:23:47","slug":"pansexuell-flagga","status":"publish","type":"product","link":"https:\/\/cosmoflag.com\/sv\/product\/pansexuell-flagga\/","title":{"rendered":"Pansexuell flagga"},"content":{"rendered":"<h3>Den pansexuella flaggans k\u00e4nnetecken<\/h3>\n<p>V\u00e5r pansexuella flagga \u00e4r tillverkad av h\u00f6gkvalitativ polyester, vilket g\u00f6r den idealisk f\u00f6r l\u00e5ngvarig anv\u00e4ndning, oavsett om det \u00e4r inomhus eller utomhus. Den har metallgenomf\u00f6ringar f\u00f6r enkel installation och garanterad h\u00e5llfasthet, \u00e4ven i ogynnsamma v\u00e4derf\u00f6rh\u00e5llanden. V\u00e5r flagga finns i 90 x 150 cm f\u00f6r maximal synlighet och uppfyller en m\u00e4ngd olika behov, oavsett om du vill visa den p\u00e5 en stolpe eller en v\u00e4gg.<\/p>\n<h3>En nationell symbol som genomsyras av historia<\/h3>\n<p>Den pansexuella flaggan har tre horisontella r\u00e4nder: rosa, gul och bl\u00e5. Det rosa representerar attraktion till personer av kvinnligt k\u00f6n, det bl\u00e5 representerar attraktion till personer av manligt k\u00f6n och det gula representerar attraktion till personer av alla k\u00f6n, vilket understryker pansexualitet, som \u00e4r attraktion till personer oavsett k\u00f6n.<\/p>\n<h3>M\u00e5ngsidig anv\u00e4ndning<\/h3>\n<p>Den pansexuella flaggan \u00e4r perfekt f\u00f6r pride-evenemang, sammankomster, kulturevenemang eller som ett utbildningsverktyg om pansexualitet. Dess h\u00e5llbara konstruktion och livfulla f\u00e4rger g\u00f6r den till en symbol f\u00f6r stolthet och inkludering f\u00f6r den pansexuella gemenskapen.<\/p>","protected":false},"excerpt":{"rendered":"<p>150 x 90 cm flagga med 2 kraftiga metall\u00f6glor f\u00f6r s\u00e4ker upph\u00e4ngning.<\/p>","protected":false},"featured_media":1314,"comment_status":"open","ping_status":"closed","template":"","meta":{"_gspb_post_css":"","iawp_total_views":12},"product_brand":[],"product_cat":[57],"product_tag":[],"class_list":{"0":"post-2311","1":"product","2":"type-product","3":"status-publish","4":"has-post-thumbnail","6":"product_cat-lgbt-flags","8":"first","9":"instock","10":"sale","11":"shipping-taxable","12":"purchasable","13":"product-type-simple"},"_links":{"self":[{"href":"https:\/\/cosmoflag.com\/sv\/wp-json\/wp\/v2\/product\/2311","targetHints":{"allow":["GET"]}}],"collection":[{"href":"https:\/\/cosmoflag.com\/sv\/wp-json\/wp\/v2\/product"}],"about":[{"href":"https:\/\/cosmoflag.com\/sv\/wp-json\/wp\/v2\/types\/product"}],"replies":[{"embeddable":true,"href":"https:\/\/cosmoflag.com\/sv\/wp-json\/wp\/v2\/comments?post=2311"}],"wp:featuredmedia":[{"embeddable":true,"href":"https:\/\/cosmoflag.com\/sv\/wp-json\/wp\/v2\/media\/1314"}],"wp:attachment":[{"href":"https:\/\/cosmoflag.com\/sv\/wp-json\/wp\/v2\/media?parent=2311"}],"wp:term":[{"taxonomy":"product_brand","embeddable":true,"href":"https:\/\/cosmoflag.com\/sv\/wp-json\/wp\/v2\/product_brand?post=2311"},{"taxonomy":"product_cat","embeddable":true,"href":"https:\/\/cosmoflag.com\/sv\/wp-json\/wp\/v2\/product_cat?post=2311"},{"taxonomy":"product_tag","embeddable":true,"href":"https:\/\/cosmoflag.com\/sv\/wp-json\/wp\/v2\/product_tag?post=2311"}],"curies":[{"name":"wp","href":"https:\/\/api.w.org\/{rel}","templated":true}]}}