{"id":2561,"date":"2025-01-01T18:47:53","date_gmt":"2025-01-01T18:47:53","guid":{"rendered":"https:\/\/cosmoflag.com\/?page_id=2561"},"modified":"2025-01-01T18:47:54","modified_gmt":"2025-01-01T18:47:54","slug":"aterbetalnings-och-returpolicy","status":"publish","type":"page","link":"https:\/\/cosmoflag.com\/sv\/aterbetalnings-och-returpolicy\/","title":{"rendered":"\u00c5terbetalnings- och returpolicy"},"content":{"rendered":"<p><strong>Returpolicy<\/strong><br>Kunder till <strong>Cosmoflagga<\/strong> har 14 dagar p\u00e5 sig fr\u00e5n det datum d\u00e5 de mottagit sin best\u00e4llning att p\u00e5b\u00f6rja en retur. F\u00f6r att starta returprocessen, v\u00e4nligen skicka en beg\u00e4ran via kontaktformul\u00e4ret p\u00e5 v\u00e5r webbplats eller maila oss direkt p\u00e5 <strong><a>info@cosmoflag.com<\/a><\/strong>, inklusive ditt ordernummer.<\/p>\n\n\n\n<hr class=\"wp-block-separator has-alpha-channel-opacity\"\/>\n\n\n\n<h3 class=\"wp-block-heading has-medium-font-size\" id=\"condition-of-returned-items\"><strong>SKICK P\u00c5 RETURNERADE VAROR<\/strong><\/h3>\n\n\n\n<p>Varorna m\u00e5ste returneras i originalskick och inkludera alla komponenter (f\u00f6rpackning, tillbeh\u00f6r och handb\u00f6cker). Kunden kan h\u00e5llas ansvarig f\u00f6r eventuella skador p\u00e5 varan under returprocessen, vilket kan upph\u00e4va r\u00e4tten till \u00e5terbetalning eller byte.<\/p>\n\n\n\n<hr class=\"wp-block-separator has-alpha-channel-opacity\"\/>\n\n\n\n<h3 class=\"wp-block-heading has-medium-font-size\" id=\"return-shipping-costs\"><strong>KOSTNADER F\u00d6R RETURFRAKT<\/strong><\/h3>\n\n\n\n<p>Fraktkostnader f\u00f6r retur \u00e4r kundens ansvar. Vi rekommenderar att du anv\u00e4nder en sp\u00e5rad returservice f\u00f6r att undvika tvister om mottagandet av den returnerade artikeln.<\/p>\n\n\n\n<hr class=\"wp-block-separator has-alpha-channel-opacity\"\/>\n\n\n\n<h3 class=\"wp-block-heading has-medium-font-size\" id=\"defective-or-incorrect-items\"><strong>DEFEKTA ELLER FELAKTIGA ARTIKLAR<\/strong><\/h3>\n\n\n\n<p>Om du f\u00e5r en defekt eller felaktig vara, v\u00e4nligen kontakta v\u00e5r kundtj\u00e4nst inom <strong>48 timmar<\/strong> efter att du mottagit din best\u00e4llning. Skicka med en detaljerad beskrivning och foton av felet till <strong><a>info@cosmoflag.com<\/a><\/strong>. Reklamationer som g\u00f6rs efter 48 timmar kan komma att avsl\u00e5s.<\/p>\n\n\n\n<hr class=\"wp-block-separator has-alpha-channel-opacity\"\/>\n\n\n\n<h3 class=\"wp-block-heading has-medium-font-size\" id=\"exclusions\"><strong>EXKLUSIONER<\/strong><\/h3>\n\n\n\n<ul class=\"wp-block-list\">\n<li>Endast varor till ordinarie pris \u00e4r ber\u00e4ttigade till \u00e5terbetalning.<\/li>\n\n\n\n<li>Reavaror \u00e5terbetalas inte.<\/li>\n\n\n\n<li>Om din best\u00e4llning inneh\u00f6ll en gratisartikel (t.ex. p\u00e5 grund av en speciell kampanj eller leveransfel) och du returnerar artiklar som du fick en g\u00e5va f\u00f6r, m\u00e5ste gratisartikeln ocks\u00e5 returneras.<\/li>\n<\/ul>\n\n\n\n<hr class=\"wp-block-separator has-alpha-channel-opacity\"\/>\n\n\n\n<h3 class=\"wp-block-heading has-medium-font-size\" id=\"refund-procedure\"><strong>\u00c5TERBETALNINGSF\u00d6RFARANDE<\/strong><\/h3>\n\n\n\n<p>Om en \u00e5terbetalning godk\u00e4nns kommer den att behandlas och en kreditering kommer automatiskt att g\u00f6ras p\u00e5 ditt kreditkort eller den ursprungliga betalningsmetoden inom <strong>10 arbetsdagar<\/strong> efter mottagandet av den returnerade varan.<\/p>\n\n\n\n<hr class=\"wp-block-separator has-alpha-channel-opacity\"\/>\n\n\n\n<h3 class=\"wp-block-heading has-medium-font-size\" id=\"shipping-cost-refunds\"><strong>\u00c5TERBETALNING AV FRAKTKOSTNADER<\/strong><\/h3>\n\n\n\n<ul class=\"wp-block-list\">\n<li>Initiala fraktkostnader \u00e5terbetalas inte.<\/li>\n\n\n\n<li>Om du f\u00e5r en \u00e5terbetalning kommer returfraktkostnader inte att ing\u00e5 i det \u00e5terbetalade beloppet.<\/li>\n\n\n\n<li>Kunden ansvarar f\u00f6r returfraktkostnaderna och vi rekommenderar att du anv\u00e4nder en sp\u00e5rad leveransservice f\u00f6r att s\u00e4kerst\u00e4lla att din retur tas emot.<\/li>\n<\/ul>\n\n\n\n<hr class=\"wp-block-separator has-alpha-channel-opacity\"\/>\n\n\n\n<h3 class=\"wp-block-heading has-medium-font-size\" id=\"fair-return-policy\"><strong>R\u00c4TTVIS RETURPOLICY<\/strong><\/h3>\n\n\n\n<p>Denna retur- och \u00e5terbetalningspolicy \u00e4r utformad f\u00f6r att vara r\u00e4ttvis f\u00f6r alla parter och skydda b\u00e5de v\u00e5ra kunders intressen och <strong>Cosmoflagga<\/strong>. Vi str\u00e4var efter att l\u00f6sa problem p\u00e5 ett effektivt och r\u00e4ttvist s\u00e4tt, och vi uppmuntrar kunderna att h\u00f6ra av sig om problem uppst\u00e5r.<\/p>\n\n\n\n<hr class=\"wp-block-separator has-alpha-channel-opacity\"\/>\n\n\n\n<h3 class=\"wp-block-heading has-medium-font-size\" id=\"contact-us\"><strong>Kontakta oss<\/strong><\/h3>\n\n\n\n<p>F\u00f6r ytterligare fr\u00e5gor eller f\u00f6rtydliganden, v\u00e4nligen kontakta v\u00e5rt kundtj\u00e4nstteam p\u00e5 den angivna e-postadressen. Vi finns h\u00e4r f\u00f6r att hj\u00e4lpa dig att navigera i returprocessen och se till att du blir n\u00f6jd.<\/p>","protected":false},"excerpt":{"rendered":"<p>Return PolicyCustomers of Cosmoflag have 14 days from the date of receiving their order to initiate a return. To start the return process, please submit a request via the contact form on our website or email us directly at info@cosmoflag.com, including your order number. CONDITION OF RETURNED ITEMS Items must be returned in their original [&hellip;]<\/p>\n","protected":false},"author":1,"featured_media":0,"parent":0,"menu_order":0,"comment_status":"closed","ping_status":"closed","template":"","meta":{"_gspb_post_css":"","iawp_total_views":4,"footnotes":""},"class_list":["post-2561","page","type-page","status-publish","hentry"],"blocksy_meta":[],"_links":{"self":[{"href":"https:\/\/cosmoflag.com\/sv\/wp-json\/wp\/v2\/pages\/2561","targetHints":{"allow":["GET"]}}],"collection":[{"href":"https:\/\/cosmoflag.com\/sv\/wp-json\/wp\/v2\/pages"}],"about":[{"href":"https:\/\/cosmoflag.com\/sv\/wp-json\/wp\/v2\/types\/page"}],"author":[{"embeddable":true,"href":"https:\/\/cosmoflag.com\/sv\/wp-json\/wp\/v2\/users\/1"}],"replies":[{"embeddable":true,"href":"https:\/\/cosmoflag.com\/sv\/wp-json\/wp\/v2\/comments?post=2561"}],"version-history":[{"count":0,"href":"https:\/\/cosmoflag.com\/sv\/wp-json\/wp\/v2\/pages\/2561\/revisions"}],"wp:attachment":[{"href":"https:\/\/cosmoflag.com\/sv\/wp-json\/wp\/v2\/media?parent=2561"}],"curies":[{"name":"wp","href":"https:\/\/api.w.org\/{rel}","templated":true}]}}