{"id":2559,"date":"2025-01-01T18:44:57","date_gmt":"2025-01-01T18:44:57","guid":{"rendered":"https:\/\/cosmoflag.com\/?page_id=2559"},"modified":"2025-01-05T14:19:20","modified_gmt":"2025-01-05T14:19:20","slug":"integritetspolicy","status":"publish","type":"page","link":"https:\/\/cosmoflag.com\/sv\/integritetspolicy\/","title":{"rendered":"Integritetspolicy"},"content":{"rendered":"<h3 class=\"wp-block-heading\" id=\"introduction-to-cosmoflag-s-privacy-statement\">Introduktion till Cosmoflags sekretesspolicy<\/h3>\n\n\n\n<p>Vid <strong>Cosmoflagga<\/strong>f\u00f6rst\u00e5r vi att det \u00e4r viktigt att skydda din integritet och vi \u00e4r fast beslutna att respektera den. Som en onlinebutik som \u00e4r dedikerad till att s\u00e4lja h\u00f6gkvalitativa flaggor samlar vi in viss information f\u00f6r att f\u00f6rb\u00e4ttra din shoppingupplevelse samtidigt som vi s\u00e4kerst\u00e4ller s\u00e4kerheten och sekretessen f\u00f6r dina personuppgifter.<\/p>\n\n\n\n<p>I v\u00e5r integritetspolicy f\u00f6rklarar vi hur och varf\u00f6r vi samlar in dina personuppgifter, hur de anv\u00e4nds och hur vi skyddar dem. Ditt f\u00f6rtroende \u00e4r viktigt f\u00f6r oss och d\u00e4rf\u00f6r vidtar vi alla n\u00f6dv\u00e4ndiga \u00e5tg\u00e4rder f\u00f6r att skydda din information och ge dig m\u00f6jlighet att kontrollera hur den anv\u00e4nds.<\/p>\n\n\n\n<p>Vi uppmuntrar dig att noggrant l\u00e4sa igenom detta uttalande f\u00f6r att f\u00f6rst\u00e5 v\u00e5r praxis n\u00e4r det g\u00e4ller dina personuppgifter och hur vi hanterar dem. Om du har n\u00e5gra fr\u00e5gor eller funderingar \u00e4r du v\u00e4lkommen att kontakta oss. Att skydda din integritet \u00e4r centralt f\u00f6r oss och vi \u00e4r fast beslutna att g\u00f6ra det p\u00e5 ett rigor\u00f6st s\u00e4tt.<\/p>\n\n\n\n<hr class=\"wp-block-separator has-alpha-channel-opacity\"\/>\n\n\n\n<h3 class=\"wp-block-heading\" id=\"article-1-personal-information-collected\">Artikel 1 - Insamlad personlig information<\/h3>\n\n\n\n<p><strong>Information som samlas in vid k\u00f6p<\/strong><br>N\u00e4r du g\u00f6r ett k\u00f6p i v\u00e5r Cosmoflag-butik samlar vi in den personliga information du tillhandah\u00e5ller. Detta inkluderar ditt namn, postadress och e-postadress - n\u00f6dv\u00e4ndig information f\u00f6r att slutf\u00f6ra din transaktion. Dessa uppgifter g\u00f6r det m\u00f6jligt f\u00f6r oss att behandla dina best\u00e4llningar, hantera produktleverans och kontakta dig om det beh\u00f6vs ang\u00e5ende ditt k\u00f6p.<\/p>\n\n\n\n<p><strong>Information som samlas in under surfning<\/strong><br>Ut\u00f6ver den information som du uttryckligen l\u00e4mnar samlar vi automatiskt in vissa uppgifter n\u00e4r du surfar p\u00e5 v\u00e5r webbplats. Detta inkluderar din dators IP-adress (Internet Protocol), som hj\u00e4lper oss att diagnostisera serverproblem, hantera v\u00e5r webbplats och identifiera f\u00f6rb\u00e4ttringar baserat p\u00e5 hur bes\u00f6kare navigerar p\u00e5 v\u00e5r webbplats. Vi samlar ocks\u00e5 in information om din webbl\u00e4sartyp och ditt operativsystem, vilket hj\u00e4lper oss att optimera webbplatsen f\u00f6r alla anv\u00e4ndare.<\/p>\n\n\n\n<p><strong>E-postmarknadsf\u00f6ring<\/strong><br>Med ditt tillst\u00e5nd kan vi skicka e-postmeddelanden om v\u00e5r butik, nya produkter och uppdateringar som vi tror skulle intressera dig. Dessa meddelanden \u00e4r utformade f\u00f6r att f\u00f6rb\u00e4ttra din upplevelse genom att h\u00e5lla dig informerad om Cosmoflags senaste nyheter och erbjudanden. Du kan n\u00e4r som helst avregistrera dig om du inte l\u00e4ngre vill f\u00e5 dessa uppdateringar.<\/p>\n\n\n\n<p>Att skydda din personliga information \u00e4r av st\u00f6rsta vikt f\u00f6r oss och vi \u00e4r fast beslutna att hantera den med omsorg och ansvar. All information hanteras i enlighet med g\u00e4llande dataskyddslagar och v\u00e5r interna integritetspolicy.<\/p>\n\n\n\n<hr class=\"wp-block-separator has-alpha-channel-opacity\"\/>\n\n\n\n<h3 class=\"wp-block-heading\" id=\"article-2-consent\">Artikel 2 - Samtycke<\/h3>\n\n\n\n<p><strong>Erh\u00e5llande av ditt samtycke<\/strong><br>N\u00e4r du f\u00f6rser oss med dina personuppgifter f\u00f6r att slutf\u00f6ra en transaktion, verifiera ditt kreditkort, g\u00f6ra en best\u00e4llning, ordna leverans eller returnera ett k\u00f6p, drar vi slutsatsen att du samtycker till att vi samlar in och anv\u00e4nder dina uppgifter endast f\u00f6r dessa specifika \u00e4ndam\u00e5l.<\/p>\n\n\n\n<p>F\u00f6r all annan anv\u00e4ndning av dina personuppgifter, till exempel f\u00f6r direktmarknadsf\u00f6ringskampanjer, kommer vi uttryckligen att be om ditt samtycke eller ge dig m\u00f6jlighet att v\u00e4lja bort det.<\/p>\n\n\n\n<p><strong>Hur du \u00e5terkallar ditt samtycke<\/strong><br>Om du \u00e4ndrar dig efter att du har l\u00e4mnat ditt samtycke har du r\u00e4tt att n\u00e4r som helst \u00e5terkalla ditt samtycke till att vi kontaktar dig, samlar in, anv\u00e4nder eller l\u00e4mnar ut din information. F\u00f6r att \u00e5terkalla ditt samtycke kan du kontakta oss p\u00e5 <strong><a>info@cosmoflag.com<\/a><\/strong> eller skicka ett brev till v\u00e5r postadress och l\u00e4mna eller bekr\u00e4fta de uppgifter som kr\u00e4vs f\u00f6r att vi ska kunna identifiera och besvara din beg\u00e4ran.<\/p>\n\n\n\n<p><strong>Hantering av ditt samtycke<\/strong><br>Vi \u00e4r fast beslutna att respektera de val du g\u00f6r n\u00e4r det g\u00e4ller dina personuppgifter. Detta omfattar inte bara r\u00e4tten att n\u00e4r som helst \u00e5terkalla ditt samtycke utan ocks\u00e5 m\u00f6jligheten att beg\u00e4ra tillg\u00e5ng till de personuppgifter vi har om dig och att beg\u00e4ra r\u00e4ttelser om uppgifterna \u00e4r felaktiga eller ofullst\u00e4ndiga.<\/p>\n\n\n\n<p>Ditt f\u00f6rtroende \u00e4r k\u00e4rnan i v\u00e5rt engagemang f\u00f6r integritet. Genom att tydligt tillhandah\u00e5lla samtyckesalternativ och respektera dina val s\u00e4kerst\u00e4ller vi att dina uppgifter hanteras p\u00e5 ett transparent och respektfullt s\u00e4tt.<\/p>\n\n\n\n<hr class=\"wp-block-separator has-alpha-channel-opacity\"\/>\n\n\n\n<h3 class=\"wp-block-heading\" id=\"article-3-disclosure\">Artikel 3 - Offentligg\u00f6rande<\/h3>\n\n\n\n<p><strong>Villkor f\u00f6r utl\u00e4mnande av din personliga information<\/strong><br>Vi \u00e5tar oss att inte s\u00e4lja, byta eller p\u00e5 annat s\u00e4tt \u00f6verf\u00f6ra dina personuppgifter till tredje part utan ditt samtycke, utom under f\u00f6ljande omst\u00e4ndigheter:<\/p>\n\n\n\n<ul class=\"wp-block-list\">\n<li><strong>R\u00e4ttsliga krav<\/strong>: Vi kan l\u00e4mna ut dina personuppgifter om det kr\u00e4vs enligt lag eller om du bryter mot v\u00e5ra villkor. Detta inkluderar samarbete med r\u00e4ttsliga myndigheter och tillsynsmyndigheter f\u00f6r att hantera utredningar eller uppfylla r\u00e4ttsliga skyldigheter.<\/li>\n\n\n\n<li><strong>Tj\u00e4nsteleverant\u00f6rer<\/strong>: Dina personuppgifter kan komma att delas med tredje part som tillhandah\u00e5ller tj\u00e4nster f\u00f6r v\u00e5r r\u00e4kning, t.ex. betalningshantering, frakthantering eller dataanalys. Dessa tj\u00e4nsteleverant\u00f6rer \u00e4r noggrant utvalda och har endast tillst\u00e5nd att anv\u00e4nda dina uppgifter f\u00f6r att utf\u00f6ra de tj\u00e4nster vi beg\u00e4r av dem, i enlighet med v\u00e5r integritetspolicy.<\/li>\n\n\n\n<li><strong>Aff\u00e4rstransaktioner<\/strong>: I h\u00e4ndelse av en sammanslagning, ett f\u00f6rv\u00e4rv eller en f\u00f6rs\u00e4ljning av alla eller delar av v\u00e5ra tillg\u00e5ngar kan dina personuppgifter komma att \u00f6verf\u00f6ras. Vi kommer att meddela dig via e-post och\/eller ett framtr\u00e4dande meddelande p\u00e5 v\u00e5r webbplats om eventuella \u00e4gar- eller anv\u00e4ndningsf\u00f6r\u00e4ndringar avseende dina personuppgifter, samt dina alternativ avseende dessa uppgifter.<\/li>\n\n\n\n<li><strong>Skydd av Cosmoflag och andra<\/strong>: Vi f\u00f6rbeh\u00e5ller oss r\u00e4tten att l\u00e4mna ut dina personuppgifter f\u00f6r att skydda v\u00e5ra r\u00e4ttigheter, v\u00e5r s\u00e4kerhet, v\u00e5ra kunders eller tredje parts r\u00e4ttigheter, t.ex. i fall av bedr\u00e4geribek\u00e4mpning och kreditriskreducering.<\/li>\n<\/ul>\n\n\n\n<p><strong>S\u00e4kerhet och konfidentialitet<\/strong><br>I varje fall av utl\u00e4mnande vidtar vi \u00e5tg\u00e4rder f\u00f6r att s\u00e4kerst\u00e4lla att dina personuppgifter f\u00f6rblir skyddade i enlighet med denna integritetspolicy och till\u00e4mplig lagstiftning. Avtal med tredje part inneh\u00e5ller klausuler som kr\u00e4ver skydd av dina personuppgifter och s\u00e4kerst\u00e4ller att dessa parter uppr\u00e4tth\u00e5ller sekretessen och s\u00e4kerheten f\u00f6r uppgifterna.<\/p>\n\n\n\n<p>Vi \u00e4r fast beslutna att anv\u00e4nda dina personuppgifter p\u00e5 ett ansvarsfullt och s\u00e4kert s\u00e4tt och att vara \u00f6ppna med i vilka fall denna information kan komma att delas. Om du har n\u00e5gra fr\u00e5gor eller funderingar kring hur dina personuppgifter hanteras \u00e4r du v\u00e4lkommen att kontakta oss.<\/p>\n\n\n\n<hr class=\"wp-block-separator has-alpha-channel-opacity\"\/>\n\n\n\n<h3 class=\"wp-block-heading\" id=\"article-4-wordpress-and-data-security\">Artikel 4 - WordPress och datas\u00e4kerhet<\/h3>\n\n\n\n<p><strong>Hosting och datahantering<\/strong><br>V\u00e5r butik ligger p\u00e5 WordPress och anv\u00e4nder e-handelsplattformen WooCommerce. WooCommerce tillhandah\u00e5ller den onlineplattform som g\u00f6r det m\u00f6jligt f\u00f6r oss att s\u00e4lja v\u00e5ra produkter och tj\u00e4nster. Dina uppgifter lagras i WooCommerces datalagringssystem, databaser och den allm\u00e4nna WordPress-applikationen. Dina uppgifter f\u00f6rvaras p\u00e5 s\u00e4kra servrar bakom en brandv\u00e4gg.<\/p>\n\n\n\n<p><strong>Betalning<\/strong><br>Transaktioner p\u00e5 v\u00e5r webbplats behandlas via externa betalningsgateways, som anv\u00e4nder s\u00e4kerhetsprotokoll f\u00f6r att kryptera k\u00e4nsliga uppgifter, t.ex. kreditkortsinformation. WooCommerce underl\u00e4ttar dessa transaktioner, men lagrar inte dina kreditkortsuppgifter n\u00e4r transaktionen \u00e4r slutf\u00f6rd.<\/p>\n\n\n\n<p>Alla betalningsgateways som anv\u00e4nds p\u00e5 v\u00e5r webbplats f\u00f6ljer <strong>PCI-DSS-standarder<\/strong> som f\u00f6rvaltas av <strong>PCI:s r\u00e5d f\u00f6r s\u00e4kerhetsstandarder<\/strong>som \u00e4r en gemensam insats av varum\u00e4rken som Visa, MasterCard, American Express och Discover. Dessa standarder bidrar till att s\u00e4kerst\u00e4lla en s\u00e4ker behandling av kreditkortsinformation i v\u00e5r butik och hos v\u00e5ra tj\u00e4nsteleverant\u00f6rer.<\/p>\n\n\n\n<p><strong>Tillg\u00e5ng till och hantering av personuppgifter<\/strong><br>Genom WordPress och WooCommerce kan du skapa ett anv\u00e4ndarkonto f\u00f6r att hantera din personliga information, sp\u00e5ra best\u00e4llningar och visa betalningshistorik. Du kan komma \u00e5t denna information n\u00e4r som helst genom att logga in p\u00e5 ditt konto p\u00e5 v\u00e5r webbplats.<\/p>\n\n\n\n<p><strong>Datas\u00e4kerhet<\/strong><br>Vi tar datas\u00e4kerhet p\u00e5 st\u00f6rsta allvar och \u00e4r fast beslutna att skydda dina personuppgifter. Tekniska s\u00e4kerhets\u00e5tg\u00e4rder, s\u00e5som SSL\/TLS-kryptering, anv\u00e4nds f\u00f6r att skydda dina personuppgifter som \u00f6verf\u00f6rs via v\u00e5r webbplats. Dessutom begr\u00e4nsar interna s\u00e4kerhetsrutiner tillg\u00e5ngen till dina uppgifter till beh\u00f6rig personal som beh\u00f6ver dem f\u00f6r att utf\u00f6ra sina arbetsuppgifter.<\/p>\n\n\n\n<p>Om WooCommerce eller WordPress inte l\u00e4ngre uppfyller v\u00e5ra s\u00e4kerhets- eller driftskrav f\u00f6rbeh\u00e5ller vi oss r\u00e4tten att byta plattform. Kontinuiteten och s\u00e4kerheten f\u00f6r dina uppgifter kommer att f\u00f6rbli v\u00e5r prioritet, och du kommer att informeras om alla betydande f\u00f6r\u00e4ndringar som p\u00e5verkar hur dina personuppgifter hanteras.<\/p>\n\n\n\n<p>F\u00f6r fr\u00e5gor om s\u00e4kerheten f\u00f6r din personliga information, v\u00e4nligen kontakta oss.<\/p>\n\n\n\n<h3 class=\"wp-block-heading\" id=\"article-6-security\">Artikel 6 - S\u00e4kerhet<\/h3>\n\n\n\n<p><strong>S\u00e4kerhets\u00e5tg\u00e4rder<\/strong><br>Vid <strong>Cosmoflagga<\/strong>F\u00f6r oss \u00e4r s\u00e4kerheten f\u00f6r dina personuppgifter av h\u00f6gsta prioritet. Vi genomf\u00f6r strikta s\u00e4kerhets\u00e5tg\u00e4rder f\u00f6r att skydda din information mot obeh\u00f6rig \u00e5tkomst, \u00e4ndring, utl\u00e4mnande eller f\u00f6rst\u00f6relse. Dessa \u00e5tg\u00e4rder omfattar avancerade tekniska protokoll s\u00e5som SSL-kryptering (Secure Socket Layer) f\u00f6r s\u00e4ker data\u00f6verf\u00f6ring p\u00e5 v\u00e5r webbplats och s\u00e4ker lagring av k\u00e4nslig information.<\/p>\n\n\n\n<p><strong>Kryptering av data<\/strong><br>N\u00e4r du l\u00e4mnar kreditkortsinformation \u00f6verf\u00f6rs den p\u00e5 ett s\u00e4kert s\u00e4tt till v\u00e5ra servrar med hj\u00e4lp av krypteringsteknik. Uppgifterna krypteras sedan i v\u00e5r databas och \u00e4r endast tillg\u00e4ngliga f\u00f6r auktoriserade personer med s\u00e4rskilda \u00e5tkomstr\u00e4ttigheter som \u00e4r skyldiga att h\u00e5lla denna information konfidentiell. Vid sidan av SSL anv\u00e4nder vi AES-256-kryptering f\u00f6r att skydda lagrade data.<\/p>\n\n\n\n<p><strong>Branschstandarder<\/strong><br>Vi f\u00f6ljer branschstandarder f\u00f6r skydd av personuppgifter, inklusive de som anges i Payment Card Industry Data Security Standard (PCI-DSS). V\u00e5ra s\u00e4kerhetsrutiner granskas och uppdateras regelbundet f\u00f6r att \u00e5terspegla tekniska framsteg och b\u00e4sta operativa praxis.<\/p>\n\n\n\n<p><strong>\u00d6vervakning och utv\u00e4rdering<\/strong><br>Vi \u00f6vervakar kontinuerligt v\u00e5ra system f\u00f6r att uppt\u00e4cka s\u00e4kerhetsbrister och potentiella attacker. Inget elektroniskt \u00f6verf\u00f6rings- eller lagringssystem \u00e4r dock 100% s\u00e4kert. \u00c4ven om vi str\u00e4var efter att skydda dina personuppgifter kan vi inte garantera att de \u00e4r absolut s\u00e4kra.<\/p>\n\n\n\n<p><strong>Hantering av s\u00e4kerhets\u00f6vertr\u00e4delser<\/strong><br>I h\u00e4ndelse av en s\u00e4kerhets\u00f6vertr\u00e4delse som p\u00e5verkar dina personuppgifter kommer vi att agera snabbt f\u00f6r att identifiera orsaken, vidta korrigerande \u00e5tg\u00e4rder och meddela dig i enlighet med g\u00e4llande lagar. Vi \u00e5tar oss att samarbeta med relevanta myndigheter och informera dig om eventuella \u00e5tg\u00e4rder du kan vidta f\u00f6r att minimera p\u00e5verkan.<\/p>\n\n\n\n<p><strong>Anv\u00e4ndarens ansvarsomr\u00e5den<\/strong><br>Vi r\u00e5der dig att vidta \u00e5tg\u00e4rder f\u00f6r att skydda dina personuppgifter p\u00e5 n\u00e4tet. Detta inkluderar att anv\u00e4nda starka l\u00f6senord, regelbundet uppdatera din programvara och undvika os\u00e4kra Wi-Fi-n\u00e4tverk f\u00f6r transaktioner. S\u00e4kerheten f\u00f6r din information beror ocks\u00e5 p\u00e5 dina proaktiva \u00e5tg\u00e4rder.<\/p>\n\n\n\n<p>F\u00f6r fr\u00e5gor om s\u00e4kerheten f\u00f6r dina personuppgifter eller specifika problem \u00e4r du v\u00e4lkommen att kontakta v\u00e5rt kundsupportteam. Vi finns h\u00e4r f\u00f6r att hj\u00e4lpa dig att navigera och f\u00f6rst\u00e5 datas\u00e4kerheten hos Cosmoflag.<\/p>\n\n\n\n<hr class=\"wp-block-separator has-alpha-channel-opacity\"\/>\n\n\n\n<h3 class=\"wp-block-heading\" id=\"article-7-cookies\">Artikel 7 - Cookies<\/h3>\n\n\n\n<p><strong>Anv\u00e4ndning av cookies<\/strong><br>Vid <strong>Cosmoflagga<\/strong>P\u00e5 v\u00e5r webbplats anv\u00e4nder vi cookies f\u00f6r att f\u00f6rb\u00e4ttra anv\u00e4ndarupplevelsen p\u00e5 v\u00e5r webbplats. Cookies \u00e4r sm\u00e5 datafiler som lagras p\u00e5 din dator eller mobila enhet n\u00e4r du bes\u00f6ker v\u00e5r webbplats. De g\u00f6r det m\u00f6jligt f\u00f6r oss att k\u00e4nna igen din enhet och komma ih\u00e5g vissa preferenser eller \u00e5tg\u00e4rder fr\u00e5n tidigare bes\u00f6k.<\/p>\n\n\n\n<p><strong>Typer av cookies som anv\u00e4nds<\/strong><\/p>\n\n\n\n<ul class=\"wp-block-list\">\n<li><strong>Cookies f\u00f6r session<\/strong>: Dessa cookies lagrar information om din session (referent, landningssida etc.) och upph\u00f6r att g\u00e4lla n\u00e4r du st\u00e4nger din webbl\u00e4sare.<\/li>\n\n\n\n<li><strong>Permanenta cookies<\/strong>: Dessa cookies ligger kvar p\u00e5 din enhet under en viss tid eller tills du tar bort dem. De anv\u00e4nds f\u00f6r att komma ih\u00e5g dina inst\u00e4llningar (t.ex. inloggningsuppgifter) och f\u00f6r att k\u00e4nna igen din enhet n\u00e4r du \u00e5terv\u00e4nder.<\/li>\n\n\n\n<li><strong>Prestanda- och analyskakor<\/strong>: Dessa cookies hj\u00e4lper oss att f\u00f6rst\u00e5 hur bes\u00f6kare interagerar med v\u00e5r webbplats genom att ge insikter om bes\u00f6kta omr\u00e5den, tid som spenderas p\u00e5 webbplatsen och eventuella problem som uppst\u00e5tt, till exempel felmeddelanden.<\/li>\n<\/ul>\n\n\n\n<p><strong>Hantering av cookies<\/strong><br>Du kan kontrollera och hantera cookies p\u00e5 olika s\u00e4tt. Observera att borttagning eller blockering av cookies kan p\u00e5verka din anv\u00e4ndarupplevelse och att vissa funktioner kanske inte l\u00e4ngre \u00e4r tillg\u00e4ngliga. De flesta webbl\u00e4sare accepterar cookies som standard, men du kan \u00e4ndra webbl\u00e4sarens inst\u00e4llningar s\u00e5 att cookies avvisas. Mer information om hur du hanterar och raderar cookies finns p\u00e5 <a href=\"https:\/\/aboutcookies.org\" target=\"_blank\" rel=\"noopener\">omcookies.org<\/a>.<\/p>\n\n\n\n<p><strong>Samtycke till cookies<\/strong><br>Genom att anv\u00e4nda v\u00e5r webbplats samtycker du till v\u00e5r anv\u00e4ndning av cookies. Vid ditt f\u00f6rsta bes\u00f6k informerar en banner dig om anv\u00e4ndningen av cookies, och du har m\u00f6jlighet att acceptera eller avvisa dem. Om du forts\u00e4tter att anv\u00e4nda v\u00e5r webbplats efter detta meddelande inneb\u00e4r det att du accepterar detta.<\/p>\n\n\n\n<p><strong>S\u00e4kerhet och integritet<\/strong><br>Cookies inneh\u00e5ller i allm\u00e4nhet inte personligt identifierbar information. Den information vi lagrar om dig kan dock vara kopplad till de uppgifter som erh\u00e5lls fr\u00e5n cookies. Vi genomf\u00f6r s\u00e4kerhets\u00e5tg\u00e4rder f\u00f6r att f\u00f6rhindra obeh\u00f6rig \u00e5tkomst till eller missbruk av dina lagrade data.<\/p>\n\n\n\n<p>F\u00f6r fr\u00e5gor om v\u00e5r anv\u00e4ndning av cookies eller ytterligare information om v\u00e5r cookiepolicy, v\u00e4nligen kontakta oss. Vi str\u00e4var efter att hantera dina uppgifter p\u00e5 ett transparent s\u00e4tt och respektera din integritet.<\/p>\n\n\n\n<hr class=\"wp-block-separator has-alpha-channel-opacity\"\/>\n\n\n\n<h3 class=\"wp-block-heading\" id=\"article-8-age-of-consent\">Artikel 8 - \u00c5lder f\u00f6r samtycke<\/h3>\n\n\n\n<p><strong>\u00c5lderskrav f\u00f6r samtycke<\/strong><br>Genom att anv\u00e4nda denna webbplats bekr\u00e4ftar du att du \u00e4r myndig i den stat eller provins d\u00e4r du \u00e4r bosatt och att du har gett ditt samtycke till att l\u00e5ta minder\u00e5riga anh\u00f6riga anv\u00e4nda denna webbplats. Den lagliga \u00e5ldern definieras av lokal lagstiftning och \u00e4r vanligtvis 18 eller 21 \u00e5r, beroende p\u00e5 jurisdiktion.<\/p>\n\n\n\n<p><strong>Minder\u00e5rigas anv\u00e4ndning av webbplatsen<\/strong><br>Om du \u00e4r f\u00f6r\u00e4lder eller v\u00e5rdnadshavare och blir medveten om att ditt barn har l\u00e4mnat personuppgifter utan ditt samtycke, v\u00e4nligen kontakta oss. Om vi uppt\u00e4cker att en minder\u00e5rig har l\u00e4mnat personuppgifter utan f\u00f6r\u00e4ldrarnas samtycke kommer vi att vidta \u00e5tg\u00e4rder f\u00f6r att radera uppgifterna fr\u00e5n v\u00e5ra servrar.<\/p>\n\n\n\n<p><strong>F\u00f6r\u00e4ldrarnas ansvar<\/strong><br>Vi uppmuntrar f\u00f6r\u00e4ldrar och v\u00e5rdnadshavare att \u00f6vervaka sina barns online-aktiviteter och v\u00e4gleda dem i att navigera p\u00e5 internet p\u00e5 ett s\u00e4kert s\u00e4tt. Cosmoflag samlar inte medvetet in personuppgifter fr\u00e5n minder\u00e5riga utan f\u00f6r\u00e4ldrars eller v\u00e5rdnadshavares samtycke. Om du misst\u00e4nker att ditt barn har delat personuppgifter med oss, v\u00e4nligen kontakta oss omedelbart.<\/p>\n\n\n\n<p><strong>F\u00f6r\u00e4ldrars samtycke till onlinetj\u00e4nster<\/strong><br>I enlighet med g\u00e4llande lagar kan f\u00f6r\u00e4ldrar eller v\u00e5rdnadshavare beh\u00f6va ge sitt samtycke till att minder\u00e5riga f\u00e5r tillg\u00e5ng till vissa onlinetj\u00e4nster. Cosmoflag kommer att genomf\u00f6ra f\u00f6rfaranden f\u00f6r att validera anv\u00e4ndarnas \u00e5lder och f\u00e5 f\u00f6r\u00e4ldrarnas samtycke innan personuppgifter samlas in, i enlighet med lokala och internationella lagar om barns integritet.<\/p>\n\n\n\n<p><strong>Cosmoflags \u00e5tagande<\/strong><br>Cosmoflag \u00e4r dedikerad till att skydda integriteten och s\u00e4kerheten f\u00f6r alla anv\u00e4ndare, s\u00e4rskilt barn. Vi vidtar str\u00e4nga \u00e5tg\u00e4rder f\u00f6r att s\u00e4kerst\u00e4lla att \u00e5tkomst till v\u00e5r webbplats och den information vi samlar in \u00e4r l\u00e4mplig f\u00f6r anv\u00e4ndarens \u00e5lder, i enlighet med g\u00e4llande lagar.<\/p>\n\n\n\n<p>F\u00f6r mer information eller fr\u00e5gor om hur vi hanterar minder\u00e5rigas uppgifter och samtycke, v\u00e4nligen kontakta oss. Vi \u00e4r fast beslutna att samarbeta med f\u00f6r\u00e4ldrar f\u00f6r att skapa en s\u00e4ker milj\u00f6 f\u00f6r unga anv\u00e4ndare av v\u00e5r webbplats.<\/p>\n\n\n\n<hr class=\"wp-block-separator has-alpha-channel-opacity\"\/>\n\n\n\n<h3 class=\"wp-block-heading\" id=\"article-9-changes-to-this-privacy-policy\">Artikel 9 - \u00c4ndringar av denna integritetspolicy<\/h3>\n\n\n\n<p><strong>\u00c4ndringar och uppdateringar<\/strong><br>Cosmoflag f\u00f6rbeh\u00e5ller sig r\u00e4tten att uppdatera eller \u00e4ndra denna integritetspolicy n\u00e4r som helst utan f\u00f6reg\u00e5ende meddelande. \u00c4ndringar kommer att tr\u00e4da i kraft omedelbart efter publicering p\u00e5 v\u00e5r webbplats. Vi uppmuntrar dig att regelbundet l\u00e4sa igenom denna sida f\u00f6r att h\u00e5lla dig informerad om uppdateringar.<\/p>\n\n\n\n<p><strong>Meddelande om \u00e4ndringar<\/strong><br>Vid betydande \u00e4ndringar av denna integritetspolicy kommer vi att str\u00e4va efter att meddela dig genom ett framtr\u00e4dande meddelande p\u00e5 v\u00e5r webbplats eller via e-post om du prenumererar p\u00e5 v\u00e5rt nyhetsbrev. Detta s\u00e4kerst\u00e4ller att du alltid \u00e4r medveten om vilka uppgifter vi samlar in, hur de anv\u00e4nds och under vilka omst\u00e4ndigheter (om n\u00e5gra) vi delar dem.<\/p>\n\n\n\n<p><strong>Konsekvenser av f\u00f6r\u00e4ndringar<\/strong><br>\u00c4ndringar i v\u00e5r integritetspolicy kan p\u00e5verka hur vi hanterar personuppgifter som l\u00e4mnats f\u00f6re \u00e4ndringsdatumet. Vid v\u00e4sentliga \u00e4ndringar kan vi komma att beg\u00e4ra f\u00f6rnyat samtycke till de uppdaterade villkoren, beroende p\u00e5 \u00e4ndringarnas karakt\u00e4r.<\/p>\n\n\n\n<p><strong>R\u00e4ttigheter och skyldigheter<\/strong><br>V\u00e5r r\u00e4tt att \u00e4ndra integritetspolicyn \u00e4r bunden till v\u00e5rt \u00e5tagande att f\u00f6lja lagar och etiska standarder f\u00f6r integritet och dataskydd. \u00c4ndringar kommer alltid att vara i linje med g\u00e4llande lagar och kommer inte att minska dina r\u00e4ttigheter utan uttryckligt samtycke.<\/p>\n\n\n\n<p><strong>\u00c4ndra historik<\/strong><br>F\u00f6r \u00f6kad transparens kan vi tillhandah\u00e5lla en \u00e4ndringshistorik f\u00f6r denna sekretesspolicy f\u00f6r att hj\u00e4lpa dig att sp\u00e5ra uppdateringar \u00f6ver tid. Detta hj\u00e4lper dig att b\u00e4ttre f\u00f6rst\u00e5 hur vi behandlar personuppgifter och v\u00e5ra p\u00e5g\u00e5ende f\u00f6rb\u00e4ttringar av sekretesspraxis.<\/p>\n\n\n\n<p><strong>Kontakt<\/strong><br>F\u00f6r fr\u00e5gor eller funderingar ang\u00e5ende denna integritetspolicy eller dess \u00e4ndringar, kontakta oss p\u00e5 <strong><a>info@cosmoflag.com<\/a><\/strong>. Vi \u00e4r fast beslutna att besvara dina fr\u00e5gor och ge n\u00f6dv\u00e4ndiga klarg\u00f6randen om dina r\u00e4ttigheter och de personuppgifter vi hanterar.<\/p>\n\n\n\n<hr class=\"wp-block-separator has-alpha-channel-opacity\"\/>\n\n\n\n<h3 class=\"wp-block-heading\" id=\"contact-information\">Kontaktuppgifter<\/h3>\n\n\n\n<p>Om du har n\u00e5gra fr\u00e5gor, beh\u00f6ver mer information om v\u00e5ra integritetsrutiner eller beh\u00f6ver hj\u00e4lp med dina personuppgifter kan du kontakta v\u00e5r kundtj\u00e4nst:<\/p>\n\n\n\n<ul class=\"wp-block-list\">\n<li><strong>E-post<\/strong>: Kontakta oss n\u00e4r som helst p\u00e5 <strong><a>info@cosmoflag.com<\/a><\/strong> om du har n\u00e5gra fr\u00e5gor eller funderingar.<\/li>\n\n\n\n<li><strong>Postadress<\/strong>: Du kan ocks\u00e5 skriva till oss p\u00e5 den adress som anges i avsnittet \"Kontakt\" p\u00e5 v\u00e5r webbplats.<\/li>\n\n\n\n<li><strong>Kontaktformul\u00e4r<\/strong>: Bes\u00f6k v\u00e5r webbplats och anv\u00e4nd det tillg\u00e4ngliga kontaktformul\u00e4ret f\u00f6r att skicka dina fr\u00e5gor direkt till v\u00e5rt team.<\/li>\n<\/ul>\n\n\n\n<p>Vi \u00e5tar oss att snabbt besvara alla f\u00f6rfr\u00e5gningar och tillhandah\u00e5lla n\u00f6dv\u00e4ndigt st\u00f6d f\u00f6r att s\u00e4kerst\u00e4lla att du \u00e4r n\u00f6jd och att dina personuppgifter skyddas.<\/p>","protected":false},"excerpt":{"rendered":"<p>Introduction to Cosmoflag&#8217;s Privacy Statement At Cosmoflag, we understand that protecting your privacy is essential, and we are committed to respecting it. As an online store dedicated to selling high-quality flags, we collect certain information to enhance your shopping experience while ensuring the security and confidentiality of your personal data. Our Privacy Statement explains how [&hellip;]<\/p>\n","protected":false},"author":1,"featured_media":0,"parent":0,"menu_order":0,"comment_status":"closed","ping_status":"closed","template":"","meta":{"_gspb_post_css":"","iawp_total_views":5,"footnotes":""},"class_list":["post-2559","page","type-page","status-publish","hentry"],"blocksy_meta":[],"_links":{"self":[{"href":"https:\/\/cosmoflag.com\/sv\/wp-json\/wp\/v2\/pages\/2559","targetHints":{"allow":["GET"]}}],"collection":[{"href":"https:\/\/cosmoflag.com\/sv\/wp-json\/wp\/v2\/pages"}],"about":[{"href":"https:\/\/cosmoflag.com\/sv\/wp-json\/wp\/v2\/types\/page"}],"author":[{"embeddable":true,"href":"https:\/\/cosmoflag.com\/sv\/wp-json\/wp\/v2\/users\/1"}],"replies":[{"embeddable":true,"href":"https:\/\/cosmoflag.com\/sv\/wp-json\/wp\/v2\/comments?post=2559"}],"version-history":[{"count":0,"href":"https:\/\/cosmoflag.com\/sv\/wp-json\/wp\/v2\/pages\/2559\/revisions"}],"wp:attachment":[{"href":"https:\/\/cosmoflag.com\/sv\/wp-json\/wp\/v2\/media?parent=2559"}],"curies":[{"name":"wp","href":"https:\/\/api.w.org\/{rel}","templated":true}]}}