{"id":2557,"date":"2025-01-01T18:37:03","date_gmt":"2025-01-01T18:37:03","guid":{"rendered":"https:\/\/cosmoflag.com\/?page_id=2557"},"modified":"2025-01-01T20:53:53","modified_gmt":"2025-01-01T20:53:53","slug":"rattsligt-meddelande","status":"publish","type":"page","link":"https:\/\/cosmoflag.com\/sv\/rattsligt-meddelande\/","title":{"rendered":"Juridiskt meddelande"},"content":{"rendered":"<h3 class=\"wp-block-heading\" id=\"identification\">Identifiering<\/h3>\n\n\n\n<p>Denna webbplats drivs av <strong>Cosmoflagga<\/strong>.<\/p>\n\n\n\n<p><strong>Adress<\/strong>:<br>2 rue des Jardins de Cl\u00e9op\u00e2tre, 34170 Castelnau-le-Lez, Frankrike.<\/p>\n\n\n\n<p><strong>Publiceringschef<\/strong>:<br>Mr Koessler, Cosmoflag.<\/p>\n\n\n\n<p>F\u00f6r eventuella fr\u00e5gor om webbplatsens drift, v\u00e4nligen kontakta: <strong><a>info@cosmoflag.com<\/a><\/strong>.<\/p>\n\n\n\n<hr class=\"wp-block-separator has-alpha-channel-opacity\"\/>\n\n\n\n<h3 class=\"wp-block-heading\" id=\"terms-of-use\">Villkor f\u00f6r anv\u00e4ndning<\/h3>\n\n\n\n<p>Genom att anv\u00e4nda denna webbplats bekr\u00e4ftar bes\u00f6karen att de har haft m\u00f6jlighet att granska dessa anv\u00e4ndarvillkor samt de allm\u00e4nna f\u00f6rs\u00e4ljningsvillkoren (GTCS). Cosmoflag str\u00e4var efter b\u00e4sta f\u00f6rm\u00e5ga efter att s\u00e4kerst\u00e4lla att informationen p\u00e5 denna webbplats \u00e4r korrekt och uppdateras i tid och f\u00f6rbeh\u00e5ller sig r\u00e4tten att n\u00e4r som helst \u00e4ndra inneh\u00e5llet utan f\u00f6reg\u00e5ende meddelande. Cosmoflag kan dock inte garantera riktigheten, precisionen eller fullst\u00e4ndigheten i den information som finns tillg\u00e4nglig p\u00e5 denna webbplats.<\/p>\n\n\n\n<p>Som s\u00e5dan fr\u00e5ns\u00e4ger sig Cosmoflag allt ansvar f\u00f6r:<\/p>\n\n\n\n<ul class=\"wp-block-list\">\n<li>Eventuella avbrott p\u00e5 webbplatsen eller f\u00f6rekomst av buggar;<\/li>\n\n\n\n<li>Eventuella felaktigheter eller utel\u00e4mnanden i den information som finns tillg\u00e4nglig p\u00e5 webbplatsen;<\/li>\n\n\n\n<li>Eventuella skador till f\u00f6ljd av obeh\u00f6rigt intr\u00e5ng av tredje part som leder till \u00e4ndringar i den information som tillhandah\u00e5lls p\u00e5 webbplatsen;<\/li>\n\n\n\n<li>Och mer allm\u00e4nt, all direkt eller indirekt skada, oavsett dess orsak, ursprung, art eller konsekvenser.<\/li>\n<\/ul>\n\n\n\n<hr class=\"wp-block-separator has-alpha-channel-opacity\"\/>\n\n\n\n<h3 class=\"wp-block-heading\" id=\"links\">L\u00e4nkar<\/h3>\n\n\n\n<p>Webbplatsen kan inneh\u00e5lla l\u00e4nkar till andra webbplatser eller externa internetk\u00e4llor. Eftersom Cosmoflag inte kan kontrollera dessa externa webbplatser och k\u00e4llor kan Cosmoflag inte h\u00e5llas ansvarigt f\u00f6r tillg\u00e4ngligheten av s\u00e5dana externa webbplatser och k\u00e4llor och tar inget ansvar f\u00f6r inneh\u00e5ll, annonser, produkter, tj\u00e4nster eller annat material som finns tillg\u00e4ngligt p\u00e5 eller fr\u00e5n dessa externa webbplatser eller k\u00e4llor.<\/p>\n\n\n\n<hr class=\"wp-block-separator has-alpha-channel-opacity\"\/>\n\n\n\n<h3 class=\"wp-block-heading\" id=\"intellectual-property\">Immateriella r\u00e4ttigheter<\/h3>\n\n\n\n<p>Webbplatsen och all programvara som anv\u00e4nds i samband med den kan inneh\u00e5lla konfidentiell information som skyddas av immateriella r\u00e4ttigheter eller andra lagar. Om inte annat anges \u00e4r de immateriella r\u00e4ttigheterna f\u00f6r de dokument som finns p\u00e5 webbplatsen och alla element som skapats f\u00f6r denna webbplats Cosmoflags exklusiva egendom. Ingen annan licens eller r\u00e4ttighet \u00e4n den att konsultera webbplatsen beviljas.<\/p>\n\n\n\n<hr class=\"wp-block-separator has-alpha-channel-opacity\"\/>\n\n\n\n<h3 class=\"wp-block-heading\" id=\"photo-credits-and-sources\">Fotokreditering och k\u00e4llor<\/h3>\n\n\n\n<p>Uppdateringarna av den h\u00e4r sidan sker inte automatiskt tillsammans med uppdateringarna av de bilder som visas p\u00e5 webbplatsen. Webbplatsen kan visa bilder fr\u00e5n olika fotografer beroende p\u00e5 s\u00e4song.<\/p>\n\n\n\n<hr class=\"wp-block-separator has-alpha-channel-opacity\"\/>\n\n\n\n<h3 class=\"wp-block-heading\" id=\"data-privacy\">Datasekretess<\/h3>\n\n\n\n<p>All personlig information som anv\u00e4ndaren kan \u00f6verf\u00f6ra till Cosmoflag f\u00f6r vissa tj\u00e4nster omfattas av best\u00e4mmelserna i den franska <strong>Lag nr 78-17 om informationsteknik, datafiler och medborgerliga fri- och r\u00e4ttigheter<\/strong> av den 6 januari 1978.<\/p>\n\n\n\n<p>Som s\u00e5dan har anv\u00e4ndarna r\u00e4tt att f\u00e5 tillg\u00e5ng till, r\u00e4tta till och radera personuppgifter som r\u00f6r dem. Denna r\u00e4tt kan ut\u00f6vas n\u00e4r som helst genom att skicka ett e-postmeddelande till <strong><a>info@cosmoflag.com<\/a><\/strong>.<\/p>\n\n\n\n<hr class=\"wp-block-separator has-alpha-channel-opacity\"\/>\n\n\n\n<h3 class=\"wp-block-heading\" id=\"cookies\">Kakor<\/h3>\n\n\n\n<p>Cosmoflag anv\u00e4nder cookies f\u00f6r att f\u00f6rb\u00e4ttra den personliga service som erbjuds kunderna och f\u00f6r att m\u00e4ta trafiken p\u00e5 webbplatsen. Vid sitt f\u00f6rsta bes\u00f6k informeras anv\u00e4ndarna om anv\u00e4ndningen av dessa sp\u00e5rare, och fortsatt surfning utg\u00f6r godk\u00e4nnande av deras anv\u00e4ndning. Enhetsinst\u00e4llningar g\u00f6r det m\u00f6jligt f\u00f6r anv\u00e4ndare att v\u00e4gra deras anv\u00e4ndning.<\/p>\n\n\n\n<hr class=\"wp-block-separator has-alpha-channel-opacity\"\/>\n\n\n\n<h3 class=\"wp-block-heading\" id=\"newsletters\">Nyhetsbrev<\/h3>\n\n\n\n<p>V\u00e5ra nyhetsbrev skickas via e-post till de anv\u00e4ndare som valt att ta emot dem. Du kan n\u00e4r som helst avregistrera dig genom att klicka p\u00e5 l\u00e4nken l\u00e4ngst ner i varje nyhetsbrev.<\/p>\n\n\n\n<hr class=\"wp-block-separator has-alpha-channel-opacity\"\/>\n\n\n\n<h3 class=\"wp-block-heading\" id=\"for-further-assistance\">F\u00f6r ytterligare hj\u00e4lp<\/h3>\n\n\n\n<p>F\u00f6r andra f\u00f6rfr\u00e5gningar eller ytterligare information, v\u00e4nligen kontakta oss med hj\u00e4lp av de metoder som finns p\u00e5 v\u00e5r webbplats.<\/p>","protected":false},"excerpt":{"rendered":"<p>Identification This site is operated by Cosmoflag. Address:2 rue des Jardins de Cl\u00e9op\u00e2tre, 34170 Castelnau-le-Lez, France. Publishing Manager:Mr. Koessler, Cosmoflag. For any inquiries regarding the site&#8217;s operation, please contact: info@cosmoflag.com. Terms of Use By using this site, the visitor acknowledges that they have had the opportunity to review these Terms of Use as well as [&hellip;]<\/p>\n","protected":false},"author":1,"featured_media":0,"parent":0,"menu_order":0,"comment_status":"closed","ping_status":"closed","template":"","meta":{"_gspb_post_css":"","iawp_total_views":1,"footnotes":""},"class_list":["post-2557","page","type-page","status-publish","hentry"],"blocksy_meta":[],"_links":{"self":[{"href":"https:\/\/cosmoflag.com\/sv\/wp-json\/wp\/v2\/pages\/2557","targetHints":{"allow":["GET"]}}],"collection":[{"href":"https:\/\/cosmoflag.com\/sv\/wp-json\/wp\/v2\/pages"}],"about":[{"href":"https:\/\/cosmoflag.com\/sv\/wp-json\/wp\/v2\/types\/page"}],"author":[{"embeddable":true,"href":"https:\/\/cosmoflag.com\/sv\/wp-json\/wp\/v2\/users\/1"}],"replies":[{"embeddable":true,"href":"https:\/\/cosmoflag.com\/sv\/wp-json\/wp\/v2\/comments?post=2557"}],"version-history":[{"count":0,"href":"https:\/\/cosmoflag.com\/sv\/wp-json\/wp\/v2\/pages\/2557\/revisions"}],"wp:attachment":[{"href":"https:\/\/cosmoflag.com\/sv\/wp-json\/wp\/v2\/media?parent=2557"}],"curies":[{"name":"wp","href":"https:\/\/api.w.org\/{rel}","templated":true}]}}