{"id":16,"date":"2024-05-22T13:40:16","date_gmt":"2024-05-22T13:40:16","guid":{"rendered":"https:\/\/startersites.io\/blocksy\/furniture\/?page_id=16"},"modified":"2025-01-26T20:23:02","modified_gmt":"2025-01-26T20:23:02","slug":"om-oss","status":"publish","type":"page","link":"https:\/\/cosmoflag.com\/sv\/om-oss\/","title":{"rendered":"Om oss"},"content":{"rendered":"<div class=\"wp-block-greenshift-blocks-row gspb_row gspb_row-id-gsbp-63ba5b3\" id=\"gspb_row-id-gsbp-63ba5b3\"><div class=\"gspb_row__content\"> \n<div class=\"wp-block-greenshift-blocks-row-column gspb_row__col--12 gspb_col-id-gsbp-184e5ba\" id=\"gspb_col-id-gsbp-184e5ba\">\n<div id=\"gspb_text-id-gsbp-d4d1a69\" class=\"gspb_text gspb_text-id-gsbp-d4d1a69\">V\u00e5r e-handelsbutik ligger i hj\u00e4rtat av Montpellier i s\u00f6dra Frankrike och har drivit passionen f\u00f6r nationella, regionala, historiska och dekorativa flaggor i \u00f6ver tre \u00e5r. Fr\u00e5n v\u00e5r bas p\u00e5 45 rue de la Libert\u00e9, 34000 Montpellier, firar vi den rika tapeten av globalt arv och stolthet.<br><br>P\u00e5 Cosmoflag drivs vi av ett enkelt men djupg\u00e5ende uppdrag: att \u00f6verbrygga kulturer genom den universella symbolen flaggor. Vi tror att varje flagga b\u00e4r p\u00e5 en ber\u00e4ttelse om identitet, historia och v\u00e4rderingar, vilket \u00e4r anledningen till att vi noggrant v\u00e4ljer ut produkter som representerar k\u00e4rnan i nationer och deras folk.<br>V\u00e5r onlinebutik har en omfattande samling av h\u00f6gkvalitativa flaggor som \u00e4r utformade f\u00f6r h\u00e5llbarhet och motst\u00e5ndskraft, vilket s\u00e4kerst\u00e4ller att de forts\u00e4tter att ber\u00e4tta sina historier i m\u00e5nga \u00e5r fram\u00f6ver.<br><br>Kundn\u00f6jdhet \u00e4r k\u00e4rnan i allt vi g\u00f6r. V\u00e5rt dedikerade kundtj\u00e4nstteam \u00e4r alltid redo att hj\u00e4lpa till med eventuella f\u00f6rfr\u00e5gningar, v\u00e4gleda dig genom din ink\u00f6psprocess eller ta itu med eventuella problem med dina best\u00e4llningar. Du \u00e4r v\u00e4lkommen att kontakta oss via v\u00e5rt onlineformul\u00e4r eller via e-post p\u00e5 <a>contact@cosmoflag.com<\/a>. Vi finns h\u00e4r varje dag f\u00f6r att se till att din upplevelse blir lika berikande som de flaggor vi levererar.<br><br>Utforska v\u00e5r onlinebutik och f\u00f6rdjupa dig i de f\u00e4rger, ber\u00e4ttelser och traditioner som g\u00f6r varje flagga till ett unikt emblem f\u00f6r nationell identitet.<br>Tack f\u00f6r att du \u00e4r en del av v\u00e5r resa p\u00e5 Cosmoflag.<br><br>Varma h\u00e4lsningar, The Cosmoflag Team<\/div>\n<\/div>\n <\/div><\/div>","protected":false},"excerpt":{"rendered":"","protected":false},"author":1,"featured_media":0,"parent":0,"menu_order":0,"comment_status":"closed","ping_status":"closed","template":"","meta":{"_gspb_post_css":"#gspb_row-id-gsbp-63ba5b3{justify-content:space-between;margin-top:0;margin-bottom:0;display:flex;flex-wrap:wrap}#gspb_row-id-gsbp-63ba5b3>.gspb_row__content{display:flex;justify-content:space-between;margin:0 auto;width:100%;flex-wrap:wrap}.gspb_row{position:relative}div[id^=gspb_col-id]{box-sizing:border-box;position:relative;padding:var(--gs-row-column-padding, 15px min(3vw, 20px))}body.gspb-bodyfront #gspb_row-id-gsbp-63ba5b3>.gspb_row__content{width:var(--theme-container-width, 1200px);max-width:var(--theme-normal-container-max-width, 1200px)}#gspb_col-id-gsbp-184e5ba.gspb_row__col--12{width:100%}@media (max-width:575.98px){#gspb_col-id-gsbp-184e5ba.gspb_row__col--12{width:100%}}","iawp_total_views":39,"footnotes":""},"class_list":["post-16","page","type-page","status-publish","hentry"],"blocksy_meta":{"has_hero_section":"default","vertical_spacing_source":"custom","content_area_spacing":"none","styles_descriptor":{"styles":{"desktop":"","tablet":"","mobile":""},"google_fonts":[],"version":6}},"_links":{"self":[{"href":"https:\/\/cosmoflag.com\/sv\/wp-json\/wp\/v2\/pages\/16","targetHints":{"allow":["GET"]}}],"collection":[{"href":"https:\/\/cosmoflag.com\/sv\/wp-json\/wp\/v2\/pages"}],"about":[{"href":"https:\/\/cosmoflag.com\/sv\/wp-json\/wp\/v2\/types\/page"}],"author":[{"embeddable":true,"href":"https:\/\/cosmoflag.com\/sv\/wp-json\/wp\/v2\/users\/1"}],"replies":[{"embeddable":true,"href":"https:\/\/cosmoflag.com\/sv\/wp-json\/wp\/v2\/comments?post=16"}],"version-history":[{"count":0,"href":"https:\/\/cosmoflag.com\/sv\/wp-json\/wp\/v2\/pages\/16\/revisions"}],"wp:attachment":[{"href":"https:\/\/cosmoflag.com\/sv\/wp-json\/wp\/v2\/media?parent=16"}],"curies":[{"name":"wp","href":"https:\/\/api.w.org\/{rel}","templated":true}]}}