{"id":2543,"date":"2024-12-20T14:06:00","date_gmt":"2024-12-20T12:06:00","guid":{"rendered":"https:\/\/cosmoflag.com\/?post_type=product&#038;p=2543"},"modified":"2025-08-12T21:18:42","modified_gmt":"2025-08-12T19:18:42","slug":"bandeira-verde","status":"publish","type":"product","link":"https:\/\/cosmoflag.com\/pt\/produto\/bandeira-verde\/","title":{"rendered":"Bandeira Verde"},"content":{"rendered":"<h3><strong>Carater\u00edsticas da bandeira verde<\/strong><\/h3>\n<p>A nossa bandeira verde \u00e9 fabricada em poli\u00e9ster de primeira qualidade, garantindo uma excelente durabilidade para uma utiliza\u00e7\u00e3o duradoura no interior e no exterior. Inclui ilh\u00f3s met\u00e1licos para uma instala\u00e7\u00e3o f\u00e1cil e uma fixa\u00e7\u00e3o segura, mesmo em condi\u00e7\u00f5es climat\u00e9ricas dif\u00edceis. Com uma dimens\u00e3o de 90 x 150 cm\/35 x 59 polegadas, esta bandeira garante uma excelente visibilidade para postes, paredes ou durante eventos e celebra\u00e7\u00f5es.<\/p>\n<h3><strong>Um s\u00edmbolo de crescimento e seguran\u00e7a<\/strong><\/h3>\n<p>A bandeira verde \u00e9 frequentemente associada ao crescimento, harmonia e renova\u00e7\u00e3o, o que a torna uma escolha popular para movimentos ambientais e eventos de sustentabilidade. Em certos contextos, tamb\u00e9m simboliza seguran\u00e7a, paz e permiss\u00e3o. Quer seja utilizada em eventos, para fins de sinaliza\u00e7\u00e3o ou em exposi\u00e7\u00f5es decorativas, a bandeira verde transmite uma mensagem universal de positividade e cuidado.<\/p>\n<h3><strong>Versatilidade de utiliza\u00e7\u00e3o<\/strong><\/h3>\n<p>Perfeita para campanhas ambientais, eventos culturais, exposi\u00e7\u00f5es educativas ou colec\u00e7\u00f5es pessoais, a bandeira verde \u00e9 uma representa\u00e7\u00e3o significativa da natureza e do bem-estar. A sua cor resistente ao desbotamento e o seu design robusto garantem que se mant\u00e9m vibrante e com impacto ao longo do tempo.<\/p>","protected":false},"excerpt":{"rendered":"<p>Bandeira de 150 x 90 cm com 2 ilh\u00f3s met\u00e1licos robustos para pendurar com seguran\u00e7a.<\/p>","protected":false},"featured_media":1580,"comment_status":"open","ping_status":"closed","template":"","meta":{"_gspb_post_css":"","iawp_total_views":33},"product_brand":[],"product_cat":[59],"product_tag":[],"class_list":{"0":"post-2543","1":"product","2":"type-product","3":"status-publish","4":"has-post-thumbnail","6":"product_cat-color-flags","8":"first","9":"instock","10":"sale","11":"shipping-taxable","12":"purchasable","13":"product-type-simple"},"_links":{"self":[{"href":"https:\/\/cosmoflag.com\/pt\/wp-json\/wp\/v2\/product\/2543","targetHints":{"allow":["GET"]}}],"collection":[{"href":"https:\/\/cosmoflag.com\/pt\/wp-json\/wp\/v2\/product"}],"about":[{"href":"https:\/\/cosmoflag.com\/pt\/wp-json\/wp\/v2\/types\/product"}],"replies":[{"embeddable":true,"href":"https:\/\/cosmoflag.com\/pt\/wp-json\/wp\/v2\/comments?post=2543"}],"wp:featuredmedia":[{"embeddable":true,"href":"https:\/\/cosmoflag.com\/pt\/wp-json\/wp\/v2\/media\/1580"}],"wp:attachment":[{"href":"https:\/\/cosmoflag.com\/pt\/wp-json\/wp\/v2\/media?parent=2543"}],"wp:term":[{"taxonomy":"product_brand","embeddable":true,"href":"https:\/\/cosmoflag.com\/pt\/wp-json\/wp\/v2\/product_brand?post=2543"},{"taxonomy":"product_cat","embeddable":true,"href":"https:\/\/cosmoflag.com\/pt\/wp-json\/wp\/v2\/product_cat?post=2543"},{"taxonomy":"product_tag","embeddable":true,"href":"https:\/\/cosmoflag.com\/pt\/wp-json\/wp\/v2\/product_tag?post=2543"}],"curies":[{"name":"wp","href":"https:\/\/api.w.org\/{rel}","templated":true}]}}