{"id":2536,"date":"2024-12-20T13:47:00","date_gmt":"2024-12-20T11:47:00","guid":{"rendered":"https:\/\/cosmoflag.com\/?post_type=product&#038;p=2536"},"modified":"2025-08-12T21:18:44","modified_gmt":"2025-08-12T19:18:44","slug":"bandeira-amarela","status":"publish","type":"product","link":"https:\/\/cosmoflag.com\/pt\/produto\/bandeira-amarela\/","title":{"rendered":"Bandeira amarela"},"content":{"rendered":"<h3><strong>Carater\u00edsticas da bandeira amarela<\/strong><\/h3>\n<p>A nossa bandeira amarela \u00e9 fabricada em poli\u00e9ster de primeira qualidade, garantindo uma excelente durabilidade para uma utiliza\u00e7\u00e3o duradoura tanto no interior como no exterior. Inclui ilh\u00f3s met\u00e1licos para uma instala\u00e7\u00e3o f\u00e1cil e uma fixa\u00e7\u00e3o segura, mesmo em condi\u00e7\u00f5es climat\u00e9ricas dif\u00edceis. Com uma dimens\u00e3o de 90 x 150 cm\/35 x 59 polegadas, esta bandeira proporciona uma excelente visibilidade para uma variedade de utiliza\u00e7\u00f5es.<\/p>\n<h3><strong>Um s\u00edmbolo de positividade e comunica\u00e7\u00e3o<\/strong><\/h3>\n<p>A bandeira amarela tem v\u00e1rios significados consoante o contexto. \u00c9 frequentemente utilizada na comunica\u00e7\u00e3o mar\u00edtima como sinal de \"quarentena\" ou para significar a letra \"Q\" no C\u00f3digo Internacional de Sinais. Em terra, pode simbolizar precau\u00e7\u00e3o, aviso ou mesmo positividade e otimismo nas celebra\u00e7\u00f5es. Esta bandeira vers\u00e1til \u00e9 ideal para uma s\u00e9rie de aplica\u00e7\u00f5es.<\/p>\n<h3><strong>Versatilidade de utiliza\u00e7\u00e3o<\/strong><\/h3>\n<p>Perfeita para sinaliza\u00e7\u00e3o mar\u00edtima, eventos desportivos, celebra\u00e7\u00f5es ou como parte de uma cole\u00e7\u00e3o, a bandeira amarela \u00e9 um instrumento pr\u00e1tico e significativo para comunica\u00e7\u00e3o ou decora\u00e7\u00e3o. A sua cor resistente ao desbotamento e o seu design robusto garantem que se mant\u00e9m vibrante e com impacto ao longo do tempo.<\/p>","protected":false},"excerpt":{"rendered":"<p>Bandeira de 150 x 90 cm com 2 ilh\u00f3s met\u00e1licos robustos para pendurar com seguran\u00e7a.<\/p>","protected":false},"featured_media":1775,"comment_status":"open","ping_status":"closed","template":"","meta":{"_gspb_post_css":"","iawp_total_views":8},"product_brand":[],"product_cat":[59],"product_tag":[],"class_list":{"0":"post-2536","1":"product","2":"type-product","3":"status-publish","4":"has-post-thumbnail","6":"product_cat-color-flags","8":"first","9":"instock","10":"sale","11":"shipping-taxable","12":"purchasable","13":"product-type-simple"},"_links":{"self":[{"href":"https:\/\/cosmoflag.com\/pt\/wp-json\/wp\/v2\/product\/2536","targetHints":{"allow":["GET"]}}],"collection":[{"href":"https:\/\/cosmoflag.com\/pt\/wp-json\/wp\/v2\/product"}],"about":[{"href":"https:\/\/cosmoflag.com\/pt\/wp-json\/wp\/v2\/types\/product"}],"replies":[{"embeddable":true,"href":"https:\/\/cosmoflag.com\/pt\/wp-json\/wp\/v2\/comments?post=2536"}],"wp:featuredmedia":[{"embeddable":true,"href":"https:\/\/cosmoflag.com\/pt\/wp-json\/wp\/v2\/media\/1775"}],"wp:attachment":[{"href":"https:\/\/cosmoflag.com\/pt\/wp-json\/wp\/v2\/media?parent=2536"}],"wp:term":[{"taxonomy":"product_brand","embeddable":true,"href":"https:\/\/cosmoflag.com\/pt\/wp-json\/wp\/v2\/product_brand?post=2536"},{"taxonomy":"product_cat","embeddable":true,"href":"https:\/\/cosmoflag.com\/pt\/wp-json\/wp\/v2\/product_cat?post=2536"},{"taxonomy":"product_tag","embeddable":true,"href":"https:\/\/cosmoflag.com\/pt\/wp-json\/wp\/v2\/product_tag?post=2536"}],"curies":[{"name":"wp","href":"https:\/\/api.w.org\/{rel}","templated":true}]}}