{"id":2531,"date":"2024-12-20T12:37:00","date_gmt":"2024-12-20T10:37:00","guid":{"rendered":"https:\/\/cosmoflag.com\/?post_type=product&#038;p=2531"},"modified":"2025-08-12T21:18:45","modified_gmt":"2025-08-12T19:18:45","slug":"bandeira-de-mocambique","status":"publish","type":"product","link":"https:\/\/cosmoflag.com\/pt\/produto\/bandeira-de-mocambique\/","title":{"rendered":"Bandeira de Mo\u00e7ambique"},"content":{"rendered":"<h3><strong>Carater\u00edsticas da bandeira de Mo\u00e7ambique<\/strong><\/h3>\n<p>A nossa bandeira de Mo\u00e7ambique \u00e9 fabricada em poli\u00e9ster de primeira qualidade, garantindo uma excelente durabilidade para uma utiliza\u00e7\u00e3o duradoura no interior e no exterior. Possui ilh\u00f3s met\u00e1licos para uma instala\u00e7\u00e3o f\u00e1cil e uma fixa\u00e7\u00e3o segura, mesmo em condi\u00e7\u00f5es climat\u00e9ricas dif\u00edceis. Com uma dimens\u00e3o de 90 x 150 cm\/35 x 59 polegadas, esta bandeira garante uma excelente visibilidade em postes, paredes ou durante celebra\u00e7\u00f5es e eventos nacionais.<\/p>\n<h3><strong>Um s\u00edmbolo de unidade e resili\u00eancia<\/strong><\/h3>\n<p>A bandeira de Mo\u00e7ambique, adoptada oficialmente em 1983, apresenta riscas horizontais de verde, preto e amarelo, separadas por finas linhas brancas. Um tri\u00e2ngulo vermelho na parte superior da bandeira representa a luta do pa\u00eds pela independ\u00eancia. No interior do tri\u00e2ngulo encontra-se uma estrela amarela sobreposta a um livro, uma enxada e uma AK-47, que simbolizam a educa\u00e7\u00e3o, a agricultura e a defesa. Este desenho \u00fanico personifica o empenhamento de Mo\u00e7ambique no progresso e na unidade.<\/p>\n<h3><strong>Versatilidade de utiliza\u00e7\u00e3o<\/strong><\/h3>\n<p>Perfeita para celebra\u00e7\u00f5es nacionais, eventos culturais, exposi\u00e7\u00f5es educativas ou colec\u00e7\u00f5es pessoais, a bandeira de Mo\u00e7ambique \u00e9 uma representa\u00e7\u00e3o significativa da identidade e dos valores do pa\u00eds. As suas cores resistentes ao desbotamento e o seu design robusto garantem que se mant\u00e9m vibrante e com impacto ao longo do tempo.<\/p>","protected":false},"excerpt":{"rendered":"<p>Bandeira de 150 x 90 cm com 2 ilh\u00f3s met\u00e1licos robustos para pendurar com seguran\u00e7a.<\/p>","protected":false},"featured_media":1255,"comment_status":"open","ping_status":"closed","template":"","meta":{"_gspb_post_css":"","iawp_total_views":11},"product_brand":[],"product_cat":[60,58],"product_tag":[],"class_list":{"0":"post-2531","1":"product","2":"type-product","3":"status-publish","4":"has-post-thumbnail","6":"product_cat-africa-flags","7":"product_cat-country-flags","9":"first","10":"instock","11":"sale","12":"shipping-taxable","13":"purchasable","14":"product-type-simple"},"_links":{"self":[{"href":"https:\/\/cosmoflag.com\/pt\/wp-json\/wp\/v2\/product\/2531","targetHints":{"allow":["GET"]}}],"collection":[{"href":"https:\/\/cosmoflag.com\/pt\/wp-json\/wp\/v2\/product"}],"about":[{"href":"https:\/\/cosmoflag.com\/pt\/wp-json\/wp\/v2\/types\/product"}],"replies":[{"embeddable":true,"href":"https:\/\/cosmoflag.com\/pt\/wp-json\/wp\/v2\/comments?post=2531"}],"wp:featuredmedia":[{"embeddable":true,"href":"https:\/\/cosmoflag.com\/pt\/wp-json\/wp\/v2\/media\/1255"}],"wp:attachment":[{"href":"https:\/\/cosmoflag.com\/pt\/wp-json\/wp\/v2\/media?parent=2531"}],"wp:term":[{"taxonomy":"product_brand","embeddable":true,"href":"https:\/\/cosmoflag.com\/pt\/wp-json\/wp\/v2\/product_brand?post=2531"},{"taxonomy":"product_cat","embeddable":true,"href":"https:\/\/cosmoflag.com\/pt\/wp-json\/wp\/v2\/product_cat?post=2531"},{"taxonomy":"product_tag","embeddable":true,"href":"https:\/\/cosmoflag.com\/pt\/wp-json\/wp\/v2\/product_tag?post=2531"}],"curies":[{"name":"wp","href":"https:\/\/api.w.org\/{rel}","templated":true}]}}