{"id":2527,"date":"2024-12-20T10:45:00","date_gmt":"2024-12-20T08:45:00","guid":{"rendered":"https:\/\/cosmoflag.com\/?post_type=product&#038;p=2527"},"modified":"2025-08-12T21:18:47","modified_gmt":"2025-08-12T19:18:47","slug":"bandeira-da-sicilia","status":"publish","type":"product","link":"https:\/\/cosmoflag.com\/pt\/produto\/bandeira-da-sicilia\/","title":{"rendered":"Bandeira da Sic\u00edlia"},"content":{"rendered":"<h3><strong>Carater\u00edsticas da bandeira da Sic\u00edlia<\/strong><\/h3>\n<p>A nossa bandeira da Sic\u00edlia \u00e9 fabricada em poli\u00e9ster de primeira qualidade, garantindo uma excelente durabilidade para uma utiliza\u00e7\u00e3o duradoura no interior e no exterior. Inclui ilh\u00f3s met\u00e1licos para uma instala\u00e7\u00e3o f\u00e1cil e uma fixa\u00e7\u00e3o segura, mesmo em condi\u00e7\u00f5es climat\u00e9ricas dif\u00edceis. Com uma dimens\u00e3o de 90 x 150 cm\/35 x 59 polegadas, esta bandeira proporciona uma excelente visibilidade para postes, paredes ou durante eventos culturais e festivais.<\/p>\n<h3><strong>Um s\u00edmbolo de patrim\u00f3nio e identidade<\/strong><\/h3>\n<p>A bandeira da Sic\u00edlia, adoptada oficialmente em 1282 e reintroduzida em 2000, apresenta um desenho marcante com duas metades diagonais de vermelho e amarelo, representando Palermo e Corleone. No centro est\u00e1 a Trinacria, uma figura de tr\u00eas pernas com uma cabe\u00e7a de Medusa rodeada de espigas de trigo, que simboliza a forma triangular da Sic\u00edlia, a fertilidade agr\u00edcola e as ra\u00edzes antigas. Esta bandeira \u00fanica \u00e9 uma representa\u00e7\u00e3o poderosa da rica hist\u00f3ria e identidade cultural da ilha.<\/p>\n<h3><strong>Versatilidade de utiliza\u00e7\u00e3o<\/strong><\/h3>\n<p>Perfeita para celebra\u00e7\u00f5es culturais, reconstitui\u00e7\u00f5es hist\u00f3ricas, exposi\u00e7\u00f5es educativas ou colec\u00e7\u00f5es pessoais, a bandeira da Sic\u00edlia \u00e9 uma representa\u00e7\u00e3o significativa do patrim\u00f3nio da regi\u00e3o. As suas cores resistentes ao desbotamento e o seu design robusto garantem que se mant\u00e9m vibrante e com impacto ao longo do tempo.<\/p>","protected":false},"excerpt":{"rendered":"<p>Bandeira de 150 x 90 cm com 2 ilh\u00f3s met\u00e1licos robustos para pendurar com seguran\u00e7a.<\/p>","protected":false},"featured_media":1388,"comment_status":"open","ping_status":"closed","template":"","meta":{"_gspb_post_css":"","iawp_total_views":12},"product_brand":[],"product_cat":[70],"product_tag":[],"class_list":{"0":"post-2527","1":"product","2":"type-product","3":"status-publish","4":"has-post-thumbnail","6":"product_cat-regional-flags","8":"first","9":"instock","10":"sale","11":"shipping-taxable","12":"purchasable","13":"product-type-simple"},"_links":{"self":[{"href":"https:\/\/cosmoflag.com\/pt\/wp-json\/wp\/v2\/product\/2527","targetHints":{"allow":["GET"]}}],"collection":[{"href":"https:\/\/cosmoflag.com\/pt\/wp-json\/wp\/v2\/product"}],"about":[{"href":"https:\/\/cosmoflag.com\/pt\/wp-json\/wp\/v2\/types\/product"}],"replies":[{"embeddable":true,"href":"https:\/\/cosmoflag.com\/pt\/wp-json\/wp\/v2\/comments?post=2527"}],"wp:featuredmedia":[{"embeddable":true,"href":"https:\/\/cosmoflag.com\/pt\/wp-json\/wp\/v2\/media\/1388"}],"wp:attachment":[{"href":"https:\/\/cosmoflag.com\/pt\/wp-json\/wp\/v2\/media?parent=2527"}],"wp:term":[{"taxonomy":"product_brand","embeddable":true,"href":"https:\/\/cosmoflag.com\/pt\/wp-json\/wp\/v2\/product_brand?post=2527"},{"taxonomy":"product_cat","embeddable":true,"href":"https:\/\/cosmoflag.com\/pt\/wp-json\/wp\/v2\/product_cat?post=2527"},{"taxonomy":"product_tag","embeddable":true,"href":"https:\/\/cosmoflag.com\/pt\/wp-json\/wp\/v2\/product_tag?post=2527"}],"curies":[{"name":"wp","href":"https:\/\/api.w.org\/{rel}","templated":true}]}}