{"id":2526,"date":"2024-12-20T10:42:00","date_gmt":"2024-12-20T08:42:00","guid":{"rendered":"https:\/\/cosmoflag.com\/?post_type=product&#038;p=2526"},"modified":"2025-08-12T21:18:47","modified_gmt":"2025-08-12T19:18:47","slug":"bandeira-de-andorra","status":"publish","type":"product","link":"https:\/\/cosmoflag.com\/pt\/produto\/bandeira-de-andorra\/","title":{"rendered":"Bandeira de Andorra"},"content":{"rendered":"<h3><strong>Carater\u00edsticas da bandeira de Andorra<\/strong><\/h3>\n<p>A nossa bandeira de Andorra \u00e9 fabricada em poli\u00e9ster de primeira qualidade, garantindo uma excelente durabilidade para uma utiliza\u00e7\u00e3o duradoura no interior e no exterior. Possui ilh\u00f3s met\u00e1licos para uma instala\u00e7\u00e3o f\u00e1cil e uma fixa\u00e7\u00e3o segura, mesmo em condi\u00e7\u00f5es climat\u00e9ricas dif\u00edceis. Com uma dimens\u00e3o de 90 x 150 cm\/35 x 59 polegadas, esta bandeira garante uma excelente visibilidade em postes, paredes ou durante celebra\u00e7\u00f5es e eventos nacionais.<\/p>\n<h3><strong>Um s\u00edmbolo de unidade e independ\u00eancia<\/strong><\/h3>\n<p>A bandeira de Andorra, adoptada oficialmente em 1866, apresenta tr\u00eas riscas verticais de azul, amarelo e vermelho. O azul simboliza a paz, o amarelo a prosperidade e o vermelho a coragem do povo andorrano. No centro, encontra-se o bras\u00e3o de armas, que mostra os la\u00e7os hist\u00f3ricos da na\u00e7\u00e3o com Fran\u00e7a e Espanha. O lema \"Virtus Unita Fortior\" (A virtude unida \u00e9 mais forte) representa a unidade e a for\u00e7a de Andorra.<\/p>\n<h3><strong>Versatilidade de utiliza\u00e7\u00e3o<\/strong><\/h3>\n<p>Perfeita para celebra\u00e7\u00f5es nacionais, eventos culturais, exposi\u00e7\u00f5es educativas ou colec\u00e7\u00f5es pessoais, a bandeira de Andorra \u00e9 uma representa\u00e7\u00e3o significativa da identidade e do patrim\u00f3nio do pa\u00eds. As suas cores resistentes ao desbotamento e o seu design robusto garantem que se mantenha vibrante e com impacto ao longo do tempo.<\/p>","protected":false},"excerpt":{"rendered":"<p>Bandeira de 150 x 90 cm com 2 ilh\u00f3s met\u00e1licos robustos para pendurar com seguran\u00e7a.<\/p>","protected":false},"featured_media":1454,"comment_status":"open","ping_status":"closed","template":"","meta":{"_gspb_post_css":"","iawp_total_views":12},"product_brand":[],"product_cat":[65,58],"product_tag":[],"class_list":{"0":"post-2526","1":"product","2":"type-product","3":"status-publish","4":"has-post-thumbnail","6":"product_cat-europe-flags","7":"product_cat-country-flags","9":"first","10":"instock","11":"sale","12":"shipping-taxable","13":"purchasable","14":"product-type-simple"},"_links":{"self":[{"href":"https:\/\/cosmoflag.com\/pt\/wp-json\/wp\/v2\/product\/2526","targetHints":{"allow":["GET"]}}],"collection":[{"href":"https:\/\/cosmoflag.com\/pt\/wp-json\/wp\/v2\/product"}],"about":[{"href":"https:\/\/cosmoflag.com\/pt\/wp-json\/wp\/v2\/types\/product"}],"replies":[{"embeddable":true,"href":"https:\/\/cosmoflag.com\/pt\/wp-json\/wp\/v2\/comments?post=2526"}],"wp:featuredmedia":[{"embeddable":true,"href":"https:\/\/cosmoflag.com\/pt\/wp-json\/wp\/v2\/media\/1454"}],"wp:attachment":[{"href":"https:\/\/cosmoflag.com\/pt\/wp-json\/wp\/v2\/media?parent=2526"}],"wp:term":[{"taxonomy":"product_brand","embeddable":true,"href":"https:\/\/cosmoflag.com\/pt\/wp-json\/wp\/v2\/product_brand?post=2526"},{"taxonomy":"product_cat","embeddable":true,"href":"https:\/\/cosmoflag.com\/pt\/wp-json\/wp\/v2\/product_cat?post=2526"},{"taxonomy":"product_tag","embeddable":true,"href":"https:\/\/cosmoflag.com\/pt\/wp-json\/wp\/v2\/product_tag?post=2526"}],"curies":[{"name":"wp","href":"https:\/\/api.w.org\/{rel}","templated":true}]}}