{"id":2519,"date":"2024-12-19T22:03:00","date_gmt":"2024-12-19T20:03:00","guid":{"rendered":"https:\/\/cosmoflag.com\/?post_type=product&#038;p=2519"},"modified":"2025-08-12T21:20:26","modified_gmt":"2025-08-12T19:20:26","slug":"bandeira-da-croacia","status":"publish","type":"product","link":"https:\/\/cosmoflag.com\/pt\/produto\/bandeira-da-croacia\/","title":{"rendered":"Bandeira da Cro\u00e1cia"},"content":{"rendered":"<p><strong>Carater\u00edsticas da bandeira da Cro\u00e1cia<\/strong><\/p>\n<p>A nossa bandeira da Cro\u00e1cia \u00e9 fabricada em poli\u00e9ster de primeira qualidade, garantindo uma excelente durabilidade para uma utiliza\u00e7\u00e3o duradoura no interior e no exterior. Possui ilh\u00f3s met\u00e1licos para uma instala\u00e7\u00e3o f\u00e1cil e uma fixa\u00e7\u00e3o segura, mesmo em condi\u00e7\u00f5es climat\u00e9ricas dif\u00edceis. Com uma dimens\u00e3o de 90 x 150 cm\/35 x 59 polegadas, esta bandeira garante uma excelente visibilidade para postes, paredes ou durante eventos e celebra\u00e7\u00f5es nacionais.<\/p>\n<p><strong>Um s\u00edmbolo de unidade e de patrim\u00f3nio<\/strong><\/p>\n<p>A bandeira da Cro\u00e1cia, adoptada oficialmente em 1990, \u00e9 constitu\u00edda por tr\u00eas faixas horizontais em vermelho, branco e azul, que representam a hist\u00f3ria da Cro\u00e1cia e a unidade do povo. No centro, encontra-se o escudo de armas, com um padr\u00e3o axadrezado (vermelho e branco) que simboliza o patrim\u00f3nio da na\u00e7\u00e3o. Por cima do escudo, encontram-se cinco coroas mais pequenas que representam as regi\u00f5es hist\u00f3ricas da Cro\u00e1cia: Zagreb, Dubrovnik, Dalm\u00e1cia, \u00cdstria e Eslav\u00f3nia. Esta bandeira reflecte a rica hist\u00f3ria cultural do pa\u00eds e o orgulho nacional.<\/p>\n<p><strong>Versatilidade de utiliza\u00e7\u00e3o<\/strong><\/p>\n<p>Perfeita para celebra\u00e7\u00f5es nacionais, eventos culturais, exposi\u00e7\u00f5es educativas ou colec\u00e7\u00f5es pessoais, a bandeira da Cro\u00e1cia \u00e9 uma representa\u00e7\u00e3o significativa da hist\u00f3ria e da identidade da na\u00e7\u00e3o. As suas cores resistentes ao desbotamento e o seu design robusto garantem que se mant\u00e9m vibrante e com impacto ao longo do tempo.<\/p>","protected":false},"excerpt":{"rendered":"<p>Bandeira de 150 x 90 cm com 2 ilh\u00f3s met\u00e1licos robustos para pendurar com seguran\u00e7a.<\/p>","protected":false},"featured_media":1543,"comment_status":"open","ping_status":"closed","template":"","meta":{"_gspb_post_css":"","iawp_total_views":7},"product_brand":[],"product_cat":[65,58],"product_tag":[],"class_list":{"0":"post-2519","1":"product","2":"type-product","3":"status-publish","4":"has-post-thumbnail","6":"product_cat-europe-flags","7":"product_cat-country-flags","9":"first","10":"instock","11":"sale","12":"shipping-taxable","13":"purchasable","14":"product-type-simple"},"_links":{"self":[{"href":"https:\/\/cosmoflag.com\/pt\/wp-json\/wp\/v2\/product\/2519","targetHints":{"allow":["GET"]}}],"collection":[{"href":"https:\/\/cosmoflag.com\/pt\/wp-json\/wp\/v2\/product"}],"about":[{"href":"https:\/\/cosmoflag.com\/pt\/wp-json\/wp\/v2\/types\/product"}],"replies":[{"embeddable":true,"href":"https:\/\/cosmoflag.com\/pt\/wp-json\/wp\/v2\/comments?post=2519"}],"wp:featuredmedia":[{"embeddable":true,"href":"https:\/\/cosmoflag.com\/pt\/wp-json\/wp\/v2\/media\/1543"}],"wp:attachment":[{"href":"https:\/\/cosmoflag.com\/pt\/wp-json\/wp\/v2\/media?parent=2519"}],"wp:term":[{"taxonomy":"product_brand","embeddable":true,"href":"https:\/\/cosmoflag.com\/pt\/wp-json\/wp\/v2\/product_brand?post=2519"},{"taxonomy":"product_cat","embeddable":true,"href":"https:\/\/cosmoflag.com\/pt\/wp-json\/wp\/v2\/product_cat?post=2519"},{"taxonomy":"product_tag","embeddable":true,"href":"https:\/\/cosmoflag.com\/pt\/wp-json\/wp\/v2\/product_tag?post=2519"}],"curies":[{"name":"wp","href":"https:\/\/api.w.org\/{rel}","templated":true}]}}