{"id":2516,"date":"2024-12-19T21:47:00","date_gmt":"2024-12-19T19:47:00","guid":{"rendered":"https:\/\/cosmoflag.com\/?post_type=product&#038;p=2516"},"modified":"2025-08-12T21:20:27","modified_gmt":"2025-08-12T19:20:27","slug":"bandeira-das-fiji","status":"publish","type":"product","link":"https:\/\/cosmoflag.com\/pt\/produto\/bandeira-das-fiji\/","title":{"rendered":"Bandeira das Fiji"},"content":{"rendered":"<h3><strong>Carater\u00edsticas da bandeira das Fiji<\/strong><\/h3>\n<p>A nossa bandeira das Ilhas Fiji \u00e9 fabricada em poli\u00e9ster de primeira qualidade, garantindo uma excelente durabilidade para uma utiliza\u00e7\u00e3o duradoura tanto no interior como no exterior. Inclui ilh\u00f3s met\u00e1licos para uma instala\u00e7\u00e3o f\u00e1cil e uma fixa\u00e7\u00e3o segura, mesmo em condi\u00e7\u00f5es climat\u00e9ricas dif\u00edceis. Com uma dimens\u00e3o de 90 x 150 cm\/35 x 59 polegadas, esta bandeira proporciona uma excelente visibilidade em postes, paredes ou durante as celebra\u00e7\u00f5es nacionais.<\/p>\n<h3><strong>Um s\u00edmbolo de unidade e identidade<\/strong><\/h3>\n<p>A bandeira das Fiji, adoptada oficialmente em 1970, apresenta um campo azul claro que simboliza o Oceano Pac\u00edfico que rodeia as ilhas. A Union Jack no canto superior esquerdo representa os la\u00e7os hist\u00f3ricos das Fiji com a Gr\u00e3-Bretanha, enquanto o escudo \u00e0 direita cont\u00e9m imagens de um le\u00e3o a segurar uma vagem de cacau, cana-de-a\u00e7\u00facar, um coqueiro e uma pomba da paz. Em conjunto, estes elementos reflectem a riqueza agr\u00edcola das Fiji, a sua liga\u00e7\u00e3o \u00e0 Gr\u00e3-Bretanha e as suas aspira\u00e7\u00f5es de paz e unidade.<\/p>\n<h3><strong>Versatilidade de utiliza\u00e7\u00e3o<\/strong><\/h3>\n<p>Perfeita para celebra\u00e7\u00f5es nacionais, eventos culturais, fins educativos ou colec\u00e7\u00f5es pessoais, a bandeira das Fiji \u00e9 uma representa\u00e7\u00e3o significativa da identidade e do orgulho do pa\u00eds. As suas cores resistentes ao desbotamento e o seu design robusto garantem que se mant\u00e9m vibrante e com impacto ao longo do tempo.<\/p>","protected":false},"excerpt":{"rendered":"<p>Bandeira de 150 x 90 cm com 2 ilh\u00f3s met\u00e1licos robustos para pendurar com seguran\u00e7a.<\/p>","protected":false},"featured_media":1567,"comment_status":"open","ping_status":"closed","template":"","meta":{"_gspb_post_css":"","iawp_total_views":2},"product_brand":[],"product_cat":[67,58],"product_tag":[],"class_list":{"0":"post-2516","1":"product","2":"type-product","3":"status-publish","4":"has-post-thumbnail","6":"product_cat-oceania-flag","7":"product_cat-country-flags","9":"first","10":"instock","11":"sale","12":"shipping-taxable","13":"purchasable","14":"product-type-simple"},"_links":{"self":[{"href":"https:\/\/cosmoflag.com\/pt\/wp-json\/wp\/v2\/product\/2516","targetHints":{"allow":["GET"]}}],"collection":[{"href":"https:\/\/cosmoflag.com\/pt\/wp-json\/wp\/v2\/product"}],"about":[{"href":"https:\/\/cosmoflag.com\/pt\/wp-json\/wp\/v2\/types\/product"}],"replies":[{"embeddable":true,"href":"https:\/\/cosmoflag.com\/pt\/wp-json\/wp\/v2\/comments?post=2516"}],"wp:featuredmedia":[{"embeddable":true,"href":"https:\/\/cosmoflag.com\/pt\/wp-json\/wp\/v2\/media\/1567"}],"wp:attachment":[{"href":"https:\/\/cosmoflag.com\/pt\/wp-json\/wp\/v2\/media?parent=2516"}],"wp:term":[{"taxonomy":"product_brand","embeddable":true,"href":"https:\/\/cosmoflag.com\/pt\/wp-json\/wp\/v2\/product_brand?post=2516"},{"taxonomy":"product_cat","embeddable":true,"href":"https:\/\/cosmoflag.com\/pt\/wp-json\/wp\/v2\/product_cat?post=2516"},{"taxonomy":"product_tag","embeddable":true,"href":"https:\/\/cosmoflag.com\/pt\/wp-json\/wp\/v2\/product_tag?post=2516"}],"curies":[{"name":"wp","href":"https:\/\/api.w.org\/{rel}","templated":true}]}}