{"id":2506,"date":"2024-12-19T16:09:00","date_gmt":"2024-12-19T14:09:00","guid":{"rendered":"https:\/\/cosmoflag.com\/?post_type=product&#038;p=2506"},"modified":"2025-08-12T21:20:30","modified_gmt":"2025-08-12T19:20:30","slug":"bandeira-do-sri-lanka","status":"publish","type":"product","link":"https:\/\/cosmoflag.com\/pt\/produto\/bandeira-do-sri-lanka\/","title":{"rendered":"Bandeira do Sri Lanka"},"content":{"rendered":"<h3><strong>Carater\u00edsticas da bandeira do Sri Lanka<\/strong><\/h3>\n<p>A nossa bandeira do Sri Lanka \u00e9 fabricada em poli\u00e9ster de alta qualidade, garantindo durabilidade para utiliza\u00e7\u00e3o no interior e no exterior. Possui ilh\u00f3s met\u00e1licos para uma instala\u00e7\u00e3o f\u00e1cil e uma fixa\u00e7\u00e3o segura, mesmo em condi\u00e7\u00f5es climat\u00e9ricas dif\u00edceis. Com uma dimens\u00e3o de 90 x 150 cm\/35 x 59 polegadas, esta bandeira garante uma excelente visibilidade em postes, paredes ou durante celebra\u00e7\u00f5es culturais.<\/p>\n<h3><strong>Um s\u00edmbolo de diversidade e unidade<\/strong><\/h3>\n<p>A bandeira do Sri Lanka, tamb\u00e9m conhecida como a \"Bandeira do Le\u00e3o\", \u00e9 uma representa\u00e7\u00e3o poderosa da diversidade cultural e da hist\u00f3ria da na\u00e7\u00e3o. O le\u00e3o dourado segurando uma espada simboliza a for\u00e7a e a bravura, enquanto as quatro folhas da \u00e1rvore Bo em cada canto representam o budismo e a sua influ\u00eancia no pa\u00eds. As riscas verticais verdes e cor de laranja simbolizam a harmonia entre as comunidades tamil e mu\u00e7ulmana da ilha, enquanto a margem amarela simboliza a unidade. Adoptada em 1951, a bandeira reflecte as aspira\u00e7\u00f5es do Sri Lanka \u00e0 paz e \u00e0 unidade.<\/p>\n<h3><strong>Versatilidade de utiliza\u00e7\u00e3o<\/strong><\/h3>\n<p>Perfeita para celebra\u00e7\u00f5es nacionais, eventos religiosos, fins educativos ou como parte de uma cole\u00e7\u00e3o pessoal, a bandeira do Sri Lanka \u00e9 uma representa\u00e7\u00e3o significativa da hist\u00f3ria e dos valores do pa\u00eds. As suas cores resistentes ao desbotamento e o seu design robusto garantem que se mant\u00e9m vibrante e com impacto ao longo do tempo.<\/p>","protected":false},"excerpt":{"rendered":"<p>Bandeira de 150 x 90 cm com 2 ilh\u00f3s met\u00e1licos robustos para pendurar com seguran\u00e7a.<\/p>","protected":false},"featured_media":1676,"comment_status":"open","ping_status":"closed","template":"","meta":{"_gspb_post_css":"","iawp_total_views":33},"product_brand":[],"product_cat":[64,58],"product_tag":[],"class_list":{"0":"post-2506","1":"product","2":"type-product","3":"status-publish","4":"has-post-thumbnail","6":"product_cat-asia-flags","7":"product_cat-country-flags","9":"first","10":"instock","11":"sale","12":"shipping-taxable","13":"purchasable","14":"product-type-simple"},"_links":{"self":[{"href":"https:\/\/cosmoflag.com\/pt\/wp-json\/wp\/v2\/product\/2506","targetHints":{"allow":["GET"]}}],"collection":[{"href":"https:\/\/cosmoflag.com\/pt\/wp-json\/wp\/v2\/product"}],"about":[{"href":"https:\/\/cosmoflag.com\/pt\/wp-json\/wp\/v2\/types\/product"}],"replies":[{"embeddable":true,"href":"https:\/\/cosmoflag.com\/pt\/wp-json\/wp\/v2\/comments?post=2506"}],"wp:featuredmedia":[{"embeddable":true,"href":"https:\/\/cosmoflag.com\/pt\/wp-json\/wp\/v2\/media\/1676"}],"wp:attachment":[{"href":"https:\/\/cosmoflag.com\/pt\/wp-json\/wp\/v2\/media?parent=2506"}],"wp:term":[{"taxonomy":"product_brand","embeddable":true,"href":"https:\/\/cosmoflag.com\/pt\/wp-json\/wp\/v2\/product_brand?post=2506"},{"taxonomy":"product_cat","embeddable":true,"href":"https:\/\/cosmoflag.com\/pt\/wp-json\/wp\/v2\/product_cat?post=2506"},{"taxonomy":"product_tag","embeddable":true,"href":"https:\/\/cosmoflag.com\/pt\/wp-json\/wp\/v2\/product_tag?post=2506"}],"curies":[{"name":"wp","href":"https:\/\/api.w.org\/{rel}","templated":true}]}}