{"id":2497,"date":"2024-12-19T14:41:00","date_gmt":"2024-12-19T12:41:00","guid":{"rendered":"https:\/\/cosmoflag.com\/?post_type=product&#038;p=2497"},"modified":"2025-08-12T21:20:36","modified_gmt":"2025-08-12T19:20:36","slug":"bandeira-do-iemen","status":"publish","type":"product","link":"https:\/\/cosmoflag.com\/pt\/produto\/bandeira-do-iemen\/","title":{"rendered":"Bandeira do I\u00e9men"},"content":{"rendered":"<h3><strong>Carater\u00edsticas da bandeira do I\u00e9men<\/strong><\/h3>\n<p>A nossa bandeira do I\u00e9men \u00e9 fabricada em poli\u00e9ster de alta qualidade, garantindo durabilidade para uma utiliza\u00e7\u00e3o duradoura no interior e no exterior. Possui ilh\u00f3s met\u00e1licos para uma instala\u00e7\u00e3o f\u00e1cil e uma fixa\u00e7\u00e3o segura, mesmo em condi\u00e7\u00f5es climat\u00e9ricas adversas. Com uma dimens\u00e3o de 90 x 150 cm\/35 x 59 polegadas, esta bandeira garante uma excelente visibilidade, quer seja exposta em postes, paredes ou durante eventos nacionais.<\/p>\n<h3><strong>Um s\u00edmbolo de unidade e independ\u00eancia<\/strong><\/h3>\n<p>A bandeira do I\u00e9men, oficialmente adoptada em 1990 ap\u00f3s a unifica\u00e7\u00e3o do I\u00e9men do Norte e do I\u00e9men do Sul, apresenta tr\u00eas faixas horizontais de vermelho, branco e preto. O vermelho simboliza o sangue daqueles que se sacrificaram pela independ\u00eancia, o branco representa a esperan\u00e7a e um futuro brilhante, enquanto o preto significa as lutas hist\u00f3ricas do pa\u00eds. Este desenho simples mas significativo personifica o orgulho e as aspira\u00e7\u00f5es do I\u00e9men.<\/p>\n<h3><strong>Versatilidade de utiliza\u00e7\u00e3o<\/strong><\/h3>\n<p>Perfeita para celebra\u00e7\u00f5es nacionais, eventos culturais, fins educativos ou como parte de uma cole\u00e7\u00e3o pessoal, a bandeira do I\u00e9men \u00e9 uma representa\u00e7\u00e3o significativa da identidade e do patrim\u00f3nio do pa\u00eds. O seu design robusto e as cores resistentes ao desbotamento garantem a manuten\u00e7\u00e3o da sua vitalidade e significado ao longo do tempo.<\/p>","protected":false},"excerpt":{"rendered":"<p>Bandeira de 150 x 90 cm com 2 ilh\u00f3s met\u00e1licos robustos para pendurar com seguran\u00e7a.<\/p>","protected":false},"featured_media":1782,"comment_status":"open","ping_status":"closed","template":"","meta":{"_gspb_post_css":"","iawp_total_views":0},"product_brand":[],"product_cat":[66,58],"product_tag":[],"class_list":{"0":"post-2497","1":"product","2":"type-product","3":"status-publish","4":"has-post-thumbnail","6":"product_cat-middle-east-flags","7":"product_cat-country-flags","9":"first","10":"instock","11":"sale","12":"shipping-taxable","13":"purchasable","14":"product-type-simple"},"_links":{"self":[{"href":"https:\/\/cosmoflag.com\/pt\/wp-json\/wp\/v2\/product\/2497","targetHints":{"allow":["GET"]}}],"collection":[{"href":"https:\/\/cosmoflag.com\/pt\/wp-json\/wp\/v2\/product"}],"about":[{"href":"https:\/\/cosmoflag.com\/pt\/wp-json\/wp\/v2\/types\/product"}],"replies":[{"embeddable":true,"href":"https:\/\/cosmoflag.com\/pt\/wp-json\/wp\/v2\/comments?post=2497"}],"wp:featuredmedia":[{"embeddable":true,"href":"https:\/\/cosmoflag.com\/pt\/wp-json\/wp\/v2\/media\/1782"}],"wp:attachment":[{"href":"https:\/\/cosmoflag.com\/pt\/wp-json\/wp\/v2\/media?parent=2497"}],"wp:term":[{"taxonomy":"product_brand","embeddable":true,"href":"https:\/\/cosmoflag.com\/pt\/wp-json\/wp\/v2\/product_brand?post=2497"},{"taxonomy":"product_cat","embeddable":true,"href":"https:\/\/cosmoflag.com\/pt\/wp-json\/wp\/v2\/product_cat?post=2497"},{"taxonomy":"product_tag","embeddable":true,"href":"https:\/\/cosmoflag.com\/pt\/wp-json\/wp\/v2\/product_tag?post=2497"}],"curies":[{"name":"wp","href":"https:\/\/api.w.org\/{rel}","templated":true}]}}