{"id":2496,"date":"2024-12-19T14:39:00","date_gmt":"2024-12-19T12:39:00","guid":{"rendered":"https:\/\/cosmoflag.com\/?post_type=product&#038;p=2496"},"modified":"2025-08-12T21:20:37","modified_gmt":"2025-08-12T19:20:37","slug":"bandeira-do-zimbabue","status":"publish","type":"product","link":"https:\/\/cosmoflag.com\/pt\/produto\/bandeira-do-zimbabue\/","title":{"rendered":"Bandeira do Zimbabu\u00e9"},"content":{"rendered":"<h3><strong>Carater\u00edsticas da bandeira do Zimbabu\u00e9<\/strong><\/h3>\n<p>A nossa bandeira do Zimbabu\u00e9 \u00e9 feita de poli\u00e9ster de primeira qualidade, garantindo durabilidade para uma utiliza\u00e7\u00e3o duradoura no interior e no exterior. Possui ilh\u00f3s met\u00e1licos para uma instala\u00e7\u00e3o f\u00e1cil e uma fixa\u00e7\u00e3o segura, mesmo em condi\u00e7\u00f5es climat\u00e9ricas adversas. Com uma dimens\u00e3o de 90 x 150 cm\/35 x 59 polegadas, esta bandeira garante uma excelente visibilidade em postes, paredes ou durante celebra\u00e7\u00f5es p\u00fablicas.<\/p>\n<h3><strong>Um s\u00edmbolo de liberdade e unidade<\/strong><\/h3>\n<p>A bandeira do Zimbabu\u00e9, adoptada oficialmente em 1980, apresenta sete faixas horizontais em verde, dourado, vermelho e preto. O verde representa a riqueza agr\u00edcola do pa\u00eds, o ouro simboliza os recursos minerais, o vermelho reflecte os sacrif\u00edcios dos que lutaram pela liberdade e o preto representa o patrim\u00f3nio e o povo do Zimbabu\u00e9. O tri\u00e2ngulo branco cont\u00e9m uma estrela vermelha de cinco pontas com um p\u00e1ssaro do Grande Zimbabu\u00e9, que representa a paz, a liberdade e a rica hist\u00f3ria cultural do pa\u00eds.<\/p>\n<h3><strong>Versatilidade de utiliza\u00e7\u00e3o<\/strong><\/h3>\n<p>Perfeita para celebra\u00e7\u00f5es nacionais, eventos culturais, fins educativos ou como parte de uma cole\u00e7\u00e3o pessoal, a bandeira do Zimbabu\u00e9 \u00e9 uma representa\u00e7\u00e3o significativa do orgulho e da identidade do pa\u00eds. O seu design robusto e as cores resistentes ao desbotamento garantem que se mant\u00e9m vibrante e com impacto ao longo do tempo.<\/p>","protected":false},"excerpt":{"rendered":"<p>Bandeira de 150 x 90 cm com 2 ilh\u00f3s met\u00e1licos robustos para pendurar com seguran\u00e7a.<\/p>","protected":false},"featured_media":1788,"comment_status":"open","ping_status":"closed","template":"","meta":{"_gspb_post_css":"","iawp_total_views":3},"product_brand":[],"product_cat":[60,58],"product_tag":[],"class_list":{"0":"post-2496","1":"product","2":"type-product","3":"status-publish","4":"has-post-thumbnail","6":"product_cat-africa-flags","7":"product_cat-country-flags","9":"first","10":"instock","11":"sale","12":"shipping-taxable","13":"purchasable","14":"product-type-simple"},"_links":{"self":[{"href":"https:\/\/cosmoflag.com\/pt\/wp-json\/wp\/v2\/product\/2496","targetHints":{"allow":["GET"]}}],"collection":[{"href":"https:\/\/cosmoflag.com\/pt\/wp-json\/wp\/v2\/product"}],"about":[{"href":"https:\/\/cosmoflag.com\/pt\/wp-json\/wp\/v2\/types\/product"}],"replies":[{"embeddable":true,"href":"https:\/\/cosmoflag.com\/pt\/wp-json\/wp\/v2\/comments?post=2496"}],"wp:featuredmedia":[{"embeddable":true,"href":"https:\/\/cosmoflag.com\/pt\/wp-json\/wp\/v2\/media\/1788"}],"wp:attachment":[{"href":"https:\/\/cosmoflag.com\/pt\/wp-json\/wp\/v2\/media?parent=2496"}],"wp:term":[{"taxonomy":"product_brand","embeddable":true,"href":"https:\/\/cosmoflag.com\/pt\/wp-json\/wp\/v2\/product_brand?post=2496"},{"taxonomy":"product_cat","embeddable":true,"href":"https:\/\/cosmoflag.com\/pt\/wp-json\/wp\/v2\/product_cat?post=2496"},{"taxonomy":"product_tag","embeddable":true,"href":"https:\/\/cosmoflag.com\/pt\/wp-json\/wp\/v2\/product_tag?post=2496"}],"curies":[{"name":"wp","href":"https:\/\/api.w.org\/{rel}","templated":true}]}}