{"id":2494,"date":"2024-12-19T14:31:00","date_gmt":"2024-12-19T12:31:00","guid":{"rendered":"https:\/\/cosmoflag.com\/?post_type=product&#038;p=2494"},"modified":"2025-08-12T21:20:37","modified_gmt":"2025-08-12T19:20:37","slug":"bandeira-de-mergulho","status":"publish","type":"product","link":"https:\/\/cosmoflag.com\/pt\/produto\/bandeira-de-mergulho\/","title":{"rendered":"Bandeira de mergulho"},"content":{"rendered":"<h3><strong>Carater\u00edsticas da bandeira de mergulho<\/strong><\/h3>\n<p>A nossa bandeira de mergulho \u00e9 fabricada em poli\u00e9ster de primeira qualidade, garantindo uma excelente durabilidade para utiliza\u00e7\u00e3o em ambientes interiores e exteriores. Inclui ilh\u00f3s met\u00e1licos para uma instala\u00e7\u00e3o f\u00e1cil e uma fixa\u00e7\u00e3o segura em postes ou barcos. Com 90 x 150 cm\/35 x 59 polegadas, esta bandeira proporciona uma excelente visibilidade, mesmo \u00e0 dist\u00e2ncia, tornando-a uma ferramenta de seguran\u00e7a essencial para actividades de mergulho.<\/p>\n<h3><strong>Um s\u00edmbolo universal de seguran\u00e7a<\/strong><\/h3>\n<p>A bandeira de mergulho vermelha com uma faixa diagonal branca \u00e9 um s\u00edmbolo mundialmente reconhecido para as actividades de mergulho e de snorkeling. Assinala a presen\u00e7a de mergulhadores abaixo da superf\u00edcie e alerta os barcos e embarca\u00e7\u00f5es pr\u00f3ximos para manterem uma dist\u00e2ncia segura. Esta bandeira \u00e9 um requisito de seguran\u00e7a fundamental para os mergulhadores, garantindo uma intera\u00e7\u00e3o segura e respeitosa com os ambientes marinhos.<\/p>\n<h3><strong>Versatilidade de utiliza\u00e7\u00e3o<\/strong><\/h3>\n<p>Perfeita para barcos de mergulho, embarca\u00e7\u00f5es privadas ou programas de mergulho educativos, a bandeira de mergulho \u00e9 imprescind\u00edvel para qualquer pessoa que participe em actividades subaqu\u00e1ticas. O seu design robusto e as cores resistentes ao desbotamento garantem um desempenho fi\u00e1vel e uma visibilidade duradoura em condi\u00e7\u00f5es mar\u00edtimas dif\u00edceis.<\/p>","protected":false},"excerpt":{"rendered":"<p>Bandeira de 150 x 90 cm com 2 ilh\u00f3s met\u00e1licos robustos para pendurar com seguran\u00e7a.<\/p>","protected":false},"featured_media":1869,"comment_status":"open","ping_status":"closed","template":"","meta":{"_gspb_post_css":"","iawp_total_views":14},"product_brand":[],"product_cat":[68],"product_tag":[],"class_list":{"0":"post-2494","1":"product","2":"type-product","3":"status-publish","4":"has-post-thumbnail","6":"product_cat-official-flags","8":"first","9":"instock","10":"sale","11":"shipping-taxable","12":"purchasable","13":"product-type-simple"},"_links":{"self":[{"href":"https:\/\/cosmoflag.com\/pt\/wp-json\/wp\/v2\/product\/2494","targetHints":{"allow":["GET"]}}],"collection":[{"href":"https:\/\/cosmoflag.com\/pt\/wp-json\/wp\/v2\/product"}],"about":[{"href":"https:\/\/cosmoflag.com\/pt\/wp-json\/wp\/v2\/types\/product"}],"replies":[{"embeddable":true,"href":"https:\/\/cosmoflag.com\/pt\/wp-json\/wp\/v2\/comments?post=2494"}],"wp:featuredmedia":[{"embeddable":true,"href":"https:\/\/cosmoflag.com\/pt\/wp-json\/wp\/v2\/media\/1869"}],"wp:attachment":[{"href":"https:\/\/cosmoflag.com\/pt\/wp-json\/wp\/v2\/media?parent=2494"}],"wp:term":[{"taxonomy":"product_brand","embeddable":true,"href":"https:\/\/cosmoflag.com\/pt\/wp-json\/wp\/v2\/product_brand?post=2494"},{"taxonomy":"product_cat","embeddable":true,"href":"https:\/\/cosmoflag.com\/pt\/wp-json\/wp\/v2\/product_cat?post=2494"},{"taxonomy":"product_tag","embeddable":true,"href":"https:\/\/cosmoflag.com\/pt\/wp-json\/wp\/v2\/product_tag?post=2494"}],"curies":[{"name":"wp","href":"https:\/\/api.w.org\/{rel}","templated":true}]}}