{"id":2491,"date":"2024-12-19T14:12:00","date_gmt":"2024-12-19T12:12:00","guid":{"rendered":"https:\/\/cosmoflag.com\/?post_type=product&#038;p=2491"},"modified":"2025-08-12T21:20:38","modified_gmt":"2025-08-12T19:20:38","slug":"bandeira-da-franconia","status":"publish","type":"product","link":"https:\/\/cosmoflag.com\/pt\/produto\/bandeira-da-franconia\/","title":{"rendered":"Bandeira da Franc\u00f3nia"},"content":{"rendered":"<h3><strong>Carater\u00edsticas da bandeira de Franconia<\/strong><\/h3>\n<p>A nossa bandeira da Franc\u00f3nia \u00e9 fabricada em poli\u00e9ster de primeira qualidade, garantindo durabilidade e resist\u00eancia para utiliza\u00e7\u00e3o no interior e no exterior. Equipada com ilh\u00f3s met\u00e1licos para uma instala\u00e7\u00e3o f\u00e1cil, garante uma exposi\u00e7\u00e3o segura mesmo em condi\u00e7\u00f5es climat\u00e9ricas adversas. Com uma dimens\u00e3o de 90 x 150 cm\/35 x 59 polegadas, esta bandeira garante uma excelente visibilidade, tornando-a adequada para postes, paredes ou eventos p\u00fablicos.<\/p>\n<h3><strong>Um s\u00edmbolo da heran\u00e7a franc\u00f3fona<\/strong><\/h3>\n<p>A bandeira da Franc\u00f3nia apresenta duas riscas horizontais - vermelha e branca - com o emblem\u00e1tico Rake da Franc\u00f3nia (tr\u00eas espig\u00f5es brancos sobre um fundo vermelho) em destaque. O Rake da Franc\u00f3nia \u00e9 um emblema hist\u00f3rico da regi\u00e3o, que simboliza a sua identidade, unidade e profundo patrim\u00f3nio cultural. Esta bandeira \u00e9 uma representa\u00e7\u00e3o orgulhosa da Franc\u00f3nia, uma regi\u00e3o do sul da Alemanha rica em tradi\u00e7\u00e3o e hist\u00f3ria.<\/p>\n<h3><strong>Versatilidade de utiliza\u00e7\u00e3o<\/strong><\/h3>\n<p>Perfeita para celebra\u00e7\u00f5es regionais, eventos culturais, exposi\u00e7\u00f5es educativas ou como parte de uma cole\u00e7\u00e3o pessoal, a bandeira da Franc\u00f3nia \u00e9 uma representa\u00e7\u00e3o significativa da identidade e do orgulho da Franc\u00f3nia. As suas cores resistentes ao desbotamento e o seu design robusto garantem que se mant\u00e9m vibrante e com impacto ao longo do tempo.<\/p>","protected":false},"excerpt":{"rendered":"<p>Bandeira de 150 x 90 cm com 2 ilh\u00f3s met\u00e1licos robustos para pendurar com seguran\u00e7a.<\/p>","protected":false},"featured_media":1932,"comment_status":"open","ping_status":"closed","template":"","meta":{"_gspb_post_css":"","iawp_total_views":3},"product_brand":[],"product_cat":[77,70],"product_tag":[],"class_list":{"0":"post-2491","1":"product","2":"type-product","3":"status-publish","4":"has-post-thumbnail","6":"product_cat-german-state-flags","7":"product_cat-regional-flags","9":"first","10":"instock","11":"sale","12":"shipping-taxable","13":"purchasable","14":"product-type-simple"},"_links":{"self":[{"href":"https:\/\/cosmoflag.com\/pt\/wp-json\/wp\/v2\/product\/2491","targetHints":{"allow":["GET"]}}],"collection":[{"href":"https:\/\/cosmoflag.com\/pt\/wp-json\/wp\/v2\/product"}],"about":[{"href":"https:\/\/cosmoflag.com\/pt\/wp-json\/wp\/v2\/types\/product"}],"replies":[{"embeddable":true,"href":"https:\/\/cosmoflag.com\/pt\/wp-json\/wp\/v2\/comments?post=2491"}],"wp:featuredmedia":[{"embeddable":true,"href":"https:\/\/cosmoflag.com\/pt\/wp-json\/wp\/v2\/media\/1932"}],"wp:attachment":[{"href":"https:\/\/cosmoflag.com\/pt\/wp-json\/wp\/v2\/media?parent=2491"}],"wp:term":[{"taxonomy":"product_brand","embeddable":true,"href":"https:\/\/cosmoflag.com\/pt\/wp-json\/wp\/v2\/product_brand?post=2491"},{"taxonomy":"product_cat","embeddable":true,"href":"https:\/\/cosmoflag.com\/pt\/wp-json\/wp\/v2\/product_cat?post=2491"},{"taxonomy":"product_tag","embeddable":true,"href":"https:\/\/cosmoflag.com\/pt\/wp-json\/wp\/v2\/product_tag?post=2491"}],"curies":[{"name":"wp","href":"https:\/\/api.w.org\/{rel}","templated":true}]}}