{"id":2487,"date":"2024-12-19T14:03:00","date_gmt":"2024-12-19T12:03:00","guid":{"rendered":"https:\/\/cosmoflag.com\/?post_type=product&#038;p=2487"},"modified":"2025-08-12T21:20:39","modified_gmt":"2025-08-12T19:20:39","slug":"bandeira-do-haiti","status":"publish","type":"product","link":"https:\/\/cosmoflag.com\/pt\/produto\/bandeira-do-haiti\/","title":{"rendered":"Bandeira do Haiti"},"content":{"rendered":"<h3><strong>Carater\u00edsticas da bandeira do Haiti<\/strong><\/h3>\n<p>A nossa bandeira do Haiti \u00e9 fabricada a partir de poli\u00e9ster de primeira qualidade, garantindo durabilidade para exibi\u00e7\u00e3o no interior e no exterior. Possui ilh\u00f3s met\u00e1licos para uma instala\u00e7\u00e3o f\u00e1cil e uma fixa\u00e7\u00e3o segura, mesmo em condi\u00e7\u00f5es climat\u00e9ricas dif\u00edceis. Com uma dimens\u00e3o de 90 x 150 cm\/35 x 59 polegadas, esta bandeira proporciona uma excelente visibilidade, quer seja exposta num mastro, numa parede ou durante as celebra\u00e7\u00f5es nacionais.<\/p>\n<h3><strong>Um s\u00edmbolo de orgulho e liberdade<\/strong><\/h3>\n<p>A bandeira do Haiti, adoptada oficialmente em 1986, apresenta duas faixas horizontais de azul e vermelho, que simbolizam a unidade e a for\u00e7a. No centro, o bras\u00e3o de armas do pa\u00eds, num painel branco, apresenta a famosa palmeira encimada pelo barrete fr\u00edgio, que simboliza a liberdade. Canh\u00f5es, bandeiras e outros s\u00edmbolos de independ\u00eancia rodeiam a \u00e1rvore, comemorando a luta do Haiti pela liberdade como a primeira rep\u00fablica negra independente.<\/p>\n<h3><strong>Versatilidade de utiliza\u00e7\u00e3o<\/strong><\/h3>\n<p>Perfeita para celebra\u00e7\u00f5es nacionais, eventos culturais, fins educativos ou como parte de uma cole\u00e7\u00e3o pessoal, a bandeira do Haiti \u00e9 uma representa\u00e7\u00e3o significativa da hist\u00f3ria e da identidade do pa\u00eds. O seu design robusto e as cores resistentes ao desbotamento garantem que mant\u00e9m o seu significado simb\u00f3lico e impacto visual ao longo do tempo.<\/p>","protected":false},"excerpt":{"rendered":"<p>Bandeira de 150 x 90 cm com 2 ilh\u00f3s met\u00e1licos robustos para pendurar com seguran\u00e7a.<\/p>","protected":false},"featured_media":1963,"comment_status":"open","ping_status":"closed","template":"","meta":{"_gspb_post_css":"","iawp_total_views":13},"product_brand":[],"product_cat":[62,58],"product_tag":[],"class_list":{"0":"post-2487","1":"product","2":"type-product","3":"status-publish","4":"has-post-thumbnail","6":"product_cat-north-america-flags","7":"product_cat-country-flags","9":"first","10":"instock","11":"sale","12":"shipping-taxable","13":"purchasable","14":"product-type-simple"},"_links":{"self":[{"href":"https:\/\/cosmoflag.com\/pt\/wp-json\/wp\/v2\/product\/2487","targetHints":{"allow":["GET"]}}],"collection":[{"href":"https:\/\/cosmoflag.com\/pt\/wp-json\/wp\/v2\/product"}],"about":[{"href":"https:\/\/cosmoflag.com\/pt\/wp-json\/wp\/v2\/types\/product"}],"replies":[{"embeddable":true,"href":"https:\/\/cosmoflag.com\/pt\/wp-json\/wp\/v2\/comments?post=2487"}],"wp:featuredmedia":[{"embeddable":true,"href":"https:\/\/cosmoflag.com\/pt\/wp-json\/wp\/v2\/media\/1963"}],"wp:attachment":[{"href":"https:\/\/cosmoflag.com\/pt\/wp-json\/wp\/v2\/media?parent=2487"}],"wp:term":[{"taxonomy":"product_brand","embeddable":true,"href":"https:\/\/cosmoflag.com\/pt\/wp-json\/wp\/v2\/product_brand?post=2487"},{"taxonomy":"product_cat","embeddable":true,"href":"https:\/\/cosmoflag.com\/pt\/wp-json\/wp\/v2\/product_cat?post=2487"},{"taxonomy":"product_tag","embeddable":true,"href":"https:\/\/cosmoflag.com\/pt\/wp-json\/wp\/v2\/product_tag?post=2487"}],"curies":[{"name":"wp","href":"https:\/\/api.w.org\/{rel}","templated":true}]}}