{"id":2485,"date":"2024-12-19T13:56:00","date_gmt":"2024-12-19T11:56:00","guid":{"rendered":"https:\/\/cosmoflag.com\/?post_type=product&#038;p=2485"},"modified":"2025-08-12T21:20:40","modified_gmt":"2025-08-12T19:20:40","slug":"bandeira-historica-da-bielorrussia","status":"publish","type":"product","link":"https:\/\/cosmoflag.com\/pt\/produto\/bandeira-historica-da-bielorrussia\/","title":{"rendered":"Bandeira hist\u00f3rica da Bielorr\u00fassia"},"content":{"rendered":"<h3><strong>Bandeira hist\u00f3rica da Bielorr\u00fassia Carater\u00edsticas<\/strong><\/h3>\n<p>A nossa bandeira hist\u00f3rica da Bielorr\u00fassia \u00e9 fabricada a partir de poli\u00e9ster de primeira qualidade, o que garante a sua durabilidade para exposi\u00e7\u00e3o no interior e no exterior. Inclui ilh\u00f3s met\u00e1licos para uma instala\u00e7\u00e3o f\u00e1cil e uma fixa\u00e7\u00e3o segura, mesmo em condi\u00e7\u00f5es climat\u00e9ricas dif\u00edceis. Com uma dimens\u00e3o de 90 x 150 cm\/35 x 59 polegadas, esta bandeira garante uma excelente visibilidade, quer seja num mastro, numa parede ou durante eventos culturais.<\/p>\n<h3><strong>Um s\u00edmbolo do patrim\u00f3nio e da independ\u00eancia<\/strong><\/h3>\n<p>A bandeira hist\u00f3rica da Bielorr\u00fassia, com uma faixa horizontal vermelha rodeada de branco e um emblema de um cavaleiro montado, \u00e9 um s\u00edmbolo significativo da luta da na\u00e7\u00e3o pela independ\u00eancia e da sua identidade hist\u00f3rica. Conhecido como \"Pahonia\", o emblema representa a bravura e a prote\u00e7\u00e3o, enquanto o desenho vermelho e branco da bandeira representa as tradi\u00e7\u00f5es culturais e hist\u00f3ricas da Bielorr\u00fassia.<\/p>\n<h3><strong>Versatilidade de utiliza\u00e7\u00e3o<\/strong><\/h3>\n<p>Perfeita para celebra\u00e7\u00f5es culturais, reconstitui\u00e7\u00f5es hist\u00f3ricas, exposi\u00e7\u00f5es educativas ou colec\u00e7\u00f5es pessoais, a bandeira hist\u00f3rica da Bielorr\u00fassia \u00e9 uma adi\u00e7\u00e3o significativa a qualquer ambiente. As suas cores resistentes ao desbotamento e o seu design robusto garantem um impacto visual e simb\u00f3lico duradouro.<\/p>","protected":false},"excerpt":{"rendered":"<p>Bandeira de 150 x 90 cm com 2 ilh\u00f3s met\u00e1licos robustos para pendurar com seguran\u00e7a.<\/p>","protected":false},"featured_media":1978,"comment_status":"open","ping_status":"closed","template":"","meta":{"_gspb_post_css":"","iawp_total_views":14},"product_brand":[],"product_cat":[65,58],"product_tag":[],"class_list":{"0":"post-2485","1":"product","2":"type-product","3":"status-publish","4":"has-post-thumbnail","6":"product_cat-europe-flags","7":"product_cat-country-flags","9":"first","10":"instock","11":"sale","12":"shipping-taxable","13":"purchasable","14":"product-type-simple"},"_links":{"self":[{"href":"https:\/\/cosmoflag.com\/pt\/wp-json\/wp\/v2\/product\/2485","targetHints":{"allow":["GET"]}}],"collection":[{"href":"https:\/\/cosmoflag.com\/pt\/wp-json\/wp\/v2\/product"}],"about":[{"href":"https:\/\/cosmoflag.com\/pt\/wp-json\/wp\/v2\/types\/product"}],"replies":[{"embeddable":true,"href":"https:\/\/cosmoflag.com\/pt\/wp-json\/wp\/v2\/comments?post=2485"}],"wp:featuredmedia":[{"embeddable":true,"href":"https:\/\/cosmoflag.com\/pt\/wp-json\/wp\/v2\/media\/1978"}],"wp:attachment":[{"href":"https:\/\/cosmoflag.com\/pt\/wp-json\/wp\/v2\/media?parent=2485"}],"wp:term":[{"taxonomy":"product_brand","embeddable":true,"href":"https:\/\/cosmoflag.com\/pt\/wp-json\/wp\/v2\/product_brand?post=2485"},{"taxonomy":"product_cat","embeddable":true,"href":"https:\/\/cosmoflag.com\/pt\/wp-json\/wp\/v2\/product_cat?post=2485"},{"taxonomy":"product_tag","embeddable":true,"href":"https:\/\/cosmoflag.com\/pt\/wp-json\/wp\/v2\/product_tag?post=2485"}],"curies":[{"name":"wp","href":"https:\/\/api.w.org\/{rel}","templated":true}]}}