{"id":2479,"date":"2024-12-19T13:39:00","date_gmt":"2024-12-19T11:39:00","guid":{"rendered":"https:\/\/cosmoflag.com\/?post_type=product&#038;p=2479"},"modified":"2025-08-12T21:20:41","modified_gmt":"2025-08-12T19:20:41","slug":"bandeira-do-paraguai","status":"publish","type":"product","link":"https:\/\/cosmoflag.com\/pt\/produto\/bandeira-do-paraguai\/","title":{"rendered":"Bandeira do Paraguai"},"content":{"rendered":"<h3><strong>Carater\u00edsticas da bandeira do Paraguai<\/strong><\/h3>\n<p>A nossa bandeira do Paraguai \u00e9 feita de poli\u00e9ster de primeira qualidade, garantindo durabilidade para uma utiliza\u00e7\u00e3o duradoura tanto no interior como no exterior. Est\u00e1 equipada com ilh\u00f3s met\u00e1licos para uma instala\u00e7\u00e3o f\u00e1cil e uma fixa\u00e7\u00e3o segura, mesmo em condi\u00e7\u00f5es climat\u00e9ricas adversas. Medindo 90 x 150 cm\/35 x 59 polegadas, esta bandeira oferece excelente visibilidade para ser exposta em postes, paredes ou durante eventos nacionais.<\/p>\n<h3><strong>Um s\u00edmbolo nacional \u00fanico<\/strong><\/h3>\n<p>A bandeira do Paraguai, adoptada oficialmente em 1842, \u00e9 uma das poucas bandeiras do mundo com um desenho \u00fanico em cada lado. A frente apresenta o bras\u00e3o nacional, que simboliza a paz e a justi\u00e7a, enquanto o verso mostra o selo do tesouro, que representa a prosperidade. As tr\u00eas riscas horizontais vermelhas, brancas e azuis representam a coragem, a paz e a liberdade, tornando-a um emblema distintivo dos valores e do patrim\u00f3nio do pa\u00eds.<\/p>\n<h3><strong>Versatilidade de utiliza\u00e7\u00e3o<\/strong><\/h3>\n<p>Perfeita para celebra\u00e7\u00f5es nacionais, eventos culturais, fins educativos ou como pe\u00e7a de cole\u00e7\u00e3o, a bandeira do Paraguai \u00e9 uma adi\u00e7\u00e3o vers\u00e1til e significativa. Seu design robusto e cores resistentes ao desbotamento garantem que ela mantenha seu impacto visual e significado simb\u00f3lico ao longo do tempo.<\/p>","protected":false},"excerpt":{"rendered":"<p>Bandeira de 150 x 90 cm com 2 ilh\u00f3s met\u00e1licos robustos para pendurar com seguran\u00e7a.<\/p>","protected":false},"featured_media":2132,"comment_status":"open","ping_status":"closed","template":"","meta":{"_gspb_post_css":"","iawp_total_views":2},"product_brand":[],"product_cat":[58,63],"product_tag":[],"class_list":{"0":"post-2479","1":"product","2":"type-product","3":"status-publish","4":"has-post-thumbnail","6":"product_cat-country-flags","7":"product_cat-south-america-flag","9":"first","10":"instock","11":"sale","12":"shipping-taxable","13":"purchasable","14":"product-type-simple"},"_links":{"self":[{"href":"https:\/\/cosmoflag.com\/pt\/wp-json\/wp\/v2\/product\/2479","targetHints":{"allow":["GET"]}}],"collection":[{"href":"https:\/\/cosmoflag.com\/pt\/wp-json\/wp\/v2\/product"}],"about":[{"href":"https:\/\/cosmoflag.com\/pt\/wp-json\/wp\/v2\/types\/product"}],"replies":[{"embeddable":true,"href":"https:\/\/cosmoflag.com\/pt\/wp-json\/wp\/v2\/comments?post=2479"}],"wp:featuredmedia":[{"embeddable":true,"href":"https:\/\/cosmoflag.com\/pt\/wp-json\/wp\/v2\/media\/2132"}],"wp:attachment":[{"href":"https:\/\/cosmoflag.com\/pt\/wp-json\/wp\/v2\/media?parent=2479"}],"wp:term":[{"taxonomy":"product_brand","embeddable":true,"href":"https:\/\/cosmoflag.com\/pt\/wp-json\/wp\/v2\/product_brand?post=2479"},{"taxonomy":"product_cat","embeddable":true,"href":"https:\/\/cosmoflag.com\/pt\/wp-json\/wp\/v2\/product_cat?post=2479"},{"taxonomy":"product_tag","embeddable":true,"href":"https:\/\/cosmoflag.com\/pt\/wp-json\/wp\/v2\/product_tag?post=2479"}],"curies":[{"name":"wp","href":"https:\/\/api.w.org\/{rel}","templated":true}]}}