{"id":2476,"date":"2024-12-17T14:45:00","date_gmt":"2024-12-17T12:45:00","guid":{"rendered":"https:\/\/cosmoflag.com\/?post_type=product&#038;p=2476"},"modified":"2025-08-12T21:20:42","modified_gmt":"2025-08-12T19:20:42","slug":"bandeira-de-oma","status":"publish","type":"product","link":"https:\/\/cosmoflag.com\/pt\/produto\/bandeira-de-oma\/","title":{"rendered":"Bandeira de Om\u00e3"},"content":{"rendered":"<h3><strong>Carater\u00edsticas da bandeira de Om\u00e3<\/strong><\/h3>\n<p>A nossa bandeira de Om\u00e3 \u00e9 fabricada em poli\u00e9ster de alta qualidade, garantindo durabilidade e resist\u00eancia para utiliza\u00e7\u00e3o no interior e no exterior. Inclui ilh\u00f3s met\u00e1licos para uma instala\u00e7\u00e3o f\u00e1cil e uma fixa\u00e7\u00e3o segura, mesmo em condi\u00e7\u00f5es climat\u00e9ricas adversas. Com uma dimens\u00e3o de 90 x 150 cm\/35 x 59 polegadas, esta bandeira oferece uma excelente visibilidade, quer seja exposta num mastro, numa parede ou durante as celebra\u00e7\u00f5es nacionais.<\/p>\n<h3><strong>Um s\u00edmbolo de tradi\u00e7\u00e3o e patrim\u00f3nio<\/strong><\/h3>\n<p>A bandeira de Om\u00e3, adoptada oficialmente em 1970, representa o rico patrim\u00f3nio e a identidade da na\u00e7\u00e3o. Apresenta tr\u00eas riscas horizontais: o branco simboliza a paz e a prosperidade, o vermelho as batalhas travadas e o verde a terra f\u00e9rtil. No lado do i\u00e7amento, o emblema nacional - um punhal khanjar branco sobre duas espadas cruzadas - significa for\u00e7a, coragem e o papel da monarquia na cultura omanense.<\/p>\n<h3><strong>Versatilidade de utiliza\u00e7\u00e3o<\/strong><\/h3>\n<p>Ideal para eventos nacionais, celebra\u00e7\u00f5es culturais, exposi\u00e7\u00f5es educativas ou colec\u00e7\u00f5es pessoais, a bandeira de Om\u00e3 \u00e9 um s\u00edmbolo poderoso de orgulho e unidade. As suas cores resistentes ao desbotamento e o seu design robusto garantem que mant\u00e9m o seu aspeto vibrante e o seu significado durante muitos anos.<\/p>","protected":false},"excerpt":{"rendered":"<p>Bandeira de 150 x 90 cm com 2 ilh\u00f3s met\u00e1licos robustos para pendurar com seguran\u00e7a.<\/p>","protected":false},"featured_media":2097,"comment_status":"open","ping_status":"closed","template":"","meta":{"_gspb_post_css":"","iawp_total_views":8},"product_brand":[],"product_cat":[66,58],"product_tag":[],"class_list":{"0":"post-2476","1":"product","2":"type-product","3":"status-publish","4":"has-post-thumbnail","6":"product_cat-middle-east-flags","7":"product_cat-country-flags","9":"first","10":"instock","11":"sale","12":"shipping-taxable","13":"purchasable","14":"product-type-simple"},"_links":{"self":[{"href":"https:\/\/cosmoflag.com\/pt\/wp-json\/wp\/v2\/product\/2476","targetHints":{"allow":["GET"]}}],"collection":[{"href":"https:\/\/cosmoflag.com\/pt\/wp-json\/wp\/v2\/product"}],"about":[{"href":"https:\/\/cosmoflag.com\/pt\/wp-json\/wp\/v2\/types\/product"}],"replies":[{"embeddable":true,"href":"https:\/\/cosmoflag.com\/pt\/wp-json\/wp\/v2\/comments?post=2476"}],"wp:featuredmedia":[{"embeddable":true,"href":"https:\/\/cosmoflag.com\/pt\/wp-json\/wp\/v2\/media\/2097"}],"wp:attachment":[{"href":"https:\/\/cosmoflag.com\/pt\/wp-json\/wp\/v2\/media?parent=2476"}],"wp:term":[{"taxonomy":"product_brand","embeddable":true,"href":"https:\/\/cosmoflag.com\/pt\/wp-json\/wp\/v2\/product_brand?post=2476"},{"taxonomy":"product_cat","embeddable":true,"href":"https:\/\/cosmoflag.com\/pt\/wp-json\/wp\/v2\/product_cat?post=2476"},{"taxonomy":"product_tag","embeddable":true,"href":"https:\/\/cosmoflag.com\/pt\/wp-json\/wp\/v2\/product_tag?post=2476"}],"curies":[{"name":"wp","href":"https:\/\/api.w.org\/{rel}","templated":true}]}}