{"id":2463,"date":"2024-12-17T13:35:00","date_gmt":"2024-12-17T11:35:00","guid":{"rendered":"https:\/\/cosmoflag.com\/?post_type=product&#038;p=2463"},"modified":"2025-10-29T20:26:47","modified_gmt":"2025-10-29T18:26:47","slug":"bandeira-da-baixa-normandia","status":"publish","type":"product","link":"https:\/\/cosmoflag.com\/pt\/produto\/bandeira-da-baixa-normandia\/","title":{"rendered":"Bandeira da Baixa Normandia"},"content":{"rendered":"<h3>Carater\u00edsticas da bandeira da Baixa Normandia<\/h3>\n<p>A nossa bandeira da Baixa Normandia \u00e9 feita de poli\u00e9ster de alta qualidade, o que a torna ideal para uma utiliza\u00e7\u00e3o duradoura, quer seja no interior ou no exterior. Possui ilh\u00f3s met\u00e1licos para uma instala\u00e7\u00e3o f\u00e1cil, garantindo que se mant\u00e9m no lugar, mesmo em condi\u00e7\u00f5es climat\u00e9ricas adversas. Dispon\u00edvel em 90 x 150 cm\/35 x 59 polegadas para uma visibilidade m\u00e1xima, a nossa bandeira responde a uma variedade de necessidades, quer a queira expor num mastro ou numa parede.<\/p>\n<h3>Um s\u00edmbolo regional com hist\u00f3ria<\/h3>\n<p>A bandeira da Baixa Normandia, com os seus dois leopardos vermelhos sobre um fundo amarelo, \u00e9 muito mais do que uma simples bandeira regional. Inspirado no bras\u00e3o hist\u00f3rico da Normandia, que remonta ao ducado da Normandia durante o reinado de Ricardo Cora\u00e7\u00e3o de Le\u00e3o, este motivo simboliza a for\u00e7a e a aud\u00e1cia. Os leopardos, frequentemente interpretados como le\u00f5es na her\u00e1ldica inglesa, testemunham os profundos la\u00e7os hist\u00f3ricos entre a Normandia e a Inglaterra.<\/p>\n<h3>Versatilidade de utiliza\u00e7\u00e3o<\/h3>\n<p>Quer seja para celebra\u00e7\u00f5es regionais, reconstitui\u00e7\u00f5es hist\u00f3ricas ou fins educativos, a bandeira da Baixa Normandia \u00e9 adequada para todas as ocasi\u00f5es. O seu design robusto e as cores resistentes ao desbotamento garantem que a bandeira mant\u00e9m o seu significado e impacto visual ao longo do tempo.<\/p>","protected":false},"excerpt":{"rendered":"<p>Bandeira de 150 x 90 cm com 2 ilh\u00f3s met\u00e1licos robustos para pendurar com seguran\u00e7a.<\/p>","protected":false},"featured_media":1233,"comment_status":"open","ping_status":"closed","template":"","meta":{"_gspb_post_css":"","iawp_total_views":8},"product_brand":[],"product_cat":[75,70],"product_tag":[],"class_list":{"0":"post-2463","1":"product","2":"type-product","3":"status-publish","4":"has-post-thumbnail","6":"product_cat-france-regional-flags","7":"product_cat-regional-flags","9":"first","10":"instock","11":"sale","12":"shipping-taxable","13":"purchasable","14":"product-type-simple"},"_links":{"self":[{"href":"https:\/\/cosmoflag.com\/pt\/wp-json\/wp\/v2\/product\/2463","targetHints":{"allow":["GET"]}}],"collection":[{"href":"https:\/\/cosmoflag.com\/pt\/wp-json\/wp\/v2\/product"}],"about":[{"href":"https:\/\/cosmoflag.com\/pt\/wp-json\/wp\/v2\/types\/product"}],"replies":[{"embeddable":true,"href":"https:\/\/cosmoflag.com\/pt\/wp-json\/wp\/v2\/comments?post=2463"}],"wp:featuredmedia":[{"embeddable":true,"href":"https:\/\/cosmoflag.com\/pt\/wp-json\/wp\/v2\/media\/1233"}],"wp:attachment":[{"href":"https:\/\/cosmoflag.com\/pt\/wp-json\/wp\/v2\/media?parent=2463"}],"wp:term":[{"taxonomy":"product_brand","embeddable":true,"href":"https:\/\/cosmoflag.com\/pt\/wp-json\/wp\/v2\/product_brand?post=2463"},{"taxonomy":"product_cat","embeddable":true,"href":"https:\/\/cosmoflag.com\/pt\/wp-json\/wp\/v2\/product_cat?post=2463"},{"taxonomy":"product_tag","embeddable":true,"href":"https:\/\/cosmoflag.com\/pt\/wp-json\/wp\/v2\/product_tag?post=2463"}],"curies":[{"name":"wp","href":"https:\/\/api.w.org\/{rel}","templated":true}]}}