{"id":2437,"date":"2024-12-15T22:38:00","date_gmt":"2024-12-15T20:38:00","guid":{"rendered":"https:\/\/cosmoflag.com\/?post_type=product&#038;p=2437"},"modified":"2025-08-12T21:20:57","modified_gmt":"2025-08-12T19:20:57","slug":"bandeira-de-angola","status":"publish","type":"product","link":"https:\/\/cosmoflag.com\/pt\/produto\/bandeira-de-angola\/","title":{"rendered":"Bandeira de Angola"},"content":{"rendered":"<h3>Carater\u00edsticas da bandeira de Angola<\/h3>\n<p>A nossa bandeira de Angola \u00e9 feita de poli\u00e9ster de alta qualidade, o que a torna ideal para uma utiliza\u00e7\u00e3o duradoura, tanto no interior como no exterior. Possui ilh\u00f3s met\u00e1licos para uma instala\u00e7\u00e3o f\u00e1cil e uma fixa\u00e7\u00e3o garantida, mesmo em condi\u00e7\u00f5es climat\u00e9ricas adversas. Dispon\u00edvel em 90 x 150 cm\/35 x 59 polegadas para uma visibilidade m\u00e1xima, a nossa bandeira responde a uma variedade de necessidades, quer a queira expor num mastro ou numa parede.<\/p>\n<h3>Um s\u00edmbolo nacional repleto de hist\u00f3ria<\/h3>\n<p>A bandeira de Angola, composta por duas faixas horizontais de vermelho e preto com um emblema amarelo no centro, com uma estrela, um semic\u00edrculo em forma de roda dentada e uma catana, \u00e9 muito mais do que uma simples bandeira nacional. Adotado aquando da independ\u00eancia em 1975, o vermelho simboliza o sangue derramado pela independ\u00eancia, enquanto o preto representa o continente africano. A estrela amarela simboliza o progresso, a roda dentada o trabalho e a catana o campesinato e a luta armada. Esta bandeira n\u00e3o \u00e9 apenas um elemento decorativo, ela encarna as lutas, as esperan\u00e7as e a identidade do povo angolano.<\/p>\n<h3>Versatilidade de utiliza\u00e7\u00e3o<\/h3>\n<p>Seja para celebra\u00e7\u00f5es nacionais, eventos desportivos ou fins educativos, a bandeira de Angola \u00e9 adequada para todas as ocasi\u00f5es. O seu design robusto e as cores resistentes ao desbotamento garantem que a bandeira mant\u00e9m o seu significado e impacto visual ao longo do tempo.<\/p>","protected":false},"excerpt":{"rendered":"<p>Bandeira de 150 x 90 cm com 2 ilh\u00f3s met\u00e1licos robustos para pendurar com seguran\u00e7a.<\/p>","protected":false},"featured_media":1799,"comment_status":"open","ping_status":"closed","template":"","meta":{"_gspb_post_css":"","iawp_total_views":18},"product_brand":[],"product_cat":[60,58],"product_tag":[],"class_list":{"0":"post-2437","1":"product","2":"type-product","3":"status-publish","4":"has-post-thumbnail","6":"product_cat-africa-flags","7":"product_cat-country-flags","9":"first","10":"instock","11":"sale","12":"shipping-taxable","13":"purchasable","14":"product-type-simple"},"_links":{"self":[{"href":"https:\/\/cosmoflag.com\/pt\/wp-json\/wp\/v2\/product\/2437","targetHints":{"allow":["GET"]}}],"collection":[{"href":"https:\/\/cosmoflag.com\/pt\/wp-json\/wp\/v2\/product"}],"about":[{"href":"https:\/\/cosmoflag.com\/pt\/wp-json\/wp\/v2\/types\/product"}],"replies":[{"embeddable":true,"href":"https:\/\/cosmoflag.com\/pt\/wp-json\/wp\/v2\/comments?post=2437"}],"wp:featuredmedia":[{"embeddable":true,"href":"https:\/\/cosmoflag.com\/pt\/wp-json\/wp\/v2\/media\/1799"}],"wp:attachment":[{"href":"https:\/\/cosmoflag.com\/pt\/wp-json\/wp\/v2\/media?parent=2437"}],"wp:term":[{"taxonomy":"product_brand","embeddable":true,"href":"https:\/\/cosmoflag.com\/pt\/wp-json\/wp\/v2\/product_brand?post=2437"},{"taxonomy":"product_cat","embeddable":true,"href":"https:\/\/cosmoflag.com\/pt\/wp-json\/wp\/v2\/product_cat?post=2437"},{"taxonomy":"product_tag","embeddable":true,"href":"https:\/\/cosmoflag.com\/pt\/wp-json\/wp\/v2\/product_tag?post=2437"}],"curies":[{"name":"wp","href":"https:\/\/api.w.org\/{rel}","templated":true}]}}