{"id":2427,"date":"2024-12-15T22:05:00","date_gmt":"2024-12-15T20:05:00","guid":{"rendered":"https:\/\/cosmoflag.com\/?post_type=product&#038;p=2427"},"modified":"2025-08-12T21:21:00","modified_gmt":"2025-08-12T19:21:00","slug":"bandeira-de-chipre","status":"publish","type":"product","link":"https:\/\/cosmoflag.com\/pt\/produto\/bandeira-de-chipre\/","title":{"rendered":"Bandeira de Chipre"},"content":{"rendered":"<h3>Carater\u00edsticas da bandeira de Chipre<\/h3>\n<p>A nossa bandeira de Chipre \u00e9 feita de poli\u00e9ster de alta qualidade, o que a torna ideal para uma utiliza\u00e7\u00e3o duradoura, tanto no interior como no exterior. Possui ilh\u00f3s met\u00e1licos para uma instala\u00e7\u00e3o f\u00e1cil e uma fixa\u00e7\u00e3o segura, mesmo em condi\u00e7\u00f5es climat\u00e9ricas adversas. Dispon\u00edvel em 90 x 150 cm\/35 x 59 polegadas para m\u00e1xima visibilidade, a nossa bandeira satisfaz uma variedade de necessidades, quer a queira expor num mastro ou numa parede.<\/p>\n<h3>Um s\u00edmbolo nacional repleto de hist\u00f3ria<\/h3>\n<p>A bandeira de Chipre, adoptada em 1960 aquando da independ\u00eancia do pa\u00eds do Reino Unido, \u00e9 particularmente singular no seu desenho. Apresenta um mapa da ilha em cor de cobre sobre um fundo branco, simbolizando os grandes recursos de cobre outrora explorados em Chipre (o pr\u00f3prio nome cobre deriva do nome latino da ilha, Cuprum). Dois ramos de oliveira por baixo do cart\u00e3o simbolizam a paz entre as comunidades turca e grega da ilha.<\/p>\n<h3>Utiliza\u00e7\u00e3o vers\u00e1til<\/h3>\n<p>Quer seja para celebra\u00e7\u00f5es nacionais, eventos diplom\u00e1ticos, eventos culturais ou fins educativos, a bandeira cipriota \u00e9 adequada para todas as ocasi\u00f5es. O seu design robusto e as cores resistentes ao desbotamento garantem que a bandeira mant\u00e9m o seu significado e impacto visual ao longo do tempo.<\/p>","protected":false},"excerpt":{"rendered":"<p>Bandeira de 150 x 90 cm com 2 ilh\u00f3s met\u00e1licos robustos para pendurar com seguran\u00e7a.<\/p>","protected":false},"featured_media":1070,"comment_status":"open","ping_status":"closed","template":"","meta":{"_gspb_post_css":"","iawp_total_views":9},"product_brand":[],"product_cat":[65,58],"product_tag":[],"class_list":{"0":"post-2427","1":"product","2":"type-product","3":"status-publish","4":"has-post-thumbnail","6":"product_cat-europe-flags","7":"product_cat-country-flags","9":"first","10":"instock","11":"sale","12":"shipping-taxable","13":"purchasable","14":"product-type-simple"},"_links":{"self":[{"href":"https:\/\/cosmoflag.com\/pt\/wp-json\/wp\/v2\/product\/2427","targetHints":{"allow":["GET"]}}],"collection":[{"href":"https:\/\/cosmoflag.com\/pt\/wp-json\/wp\/v2\/product"}],"about":[{"href":"https:\/\/cosmoflag.com\/pt\/wp-json\/wp\/v2\/types\/product"}],"replies":[{"embeddable":true,"href":"https:\/\/cosmoflag.com\/pt\/wp-json\/wp\/v2\/comments?post=2427"}],"wp:featuredmedia":[{"embeddable":true,"href":"https:\/\/cosmoflag.com\/pt\/wp-json\/wp\/v2\/media\/1070"}],"wp:attachment":[{"href":"https:\/\/cosmoflag.com\/pt\/wp-json\/wp\/v2\/media?parent=2427"}],"wp:term":[{"taxonomy":"product_brand","embeddable":true,"href":"https:\/\/cosmoflag.com\/pt\/wp-json\/wp\/v2\/product_brand?post=2427"},{"taxonomy":"product_cat","embeddable":true,"href":"https:\/\/cosmoflag.com\/pt\/wp-json\/wp\/v2\/product_cat?post=2427"},{"taxonomy":"product_tag","embeddable":true,"href":"https:\/\/cosmoflag.com\/pt\/wp-json\/wp\/v2\/product_tag?post=2427"}],"curies":[{"name":"wp","href":"https:\/\/api.w.org\/{rel}","templated":true}]}}