{"id":2426,"date":"2024-12-15T22:02:00","date_gmt":"2024-12-15T20:02:00","guid":{"rendered":"https:\/\/cosmoflag.com\/?post_type=product&#038;p=2426"},"modified":"2025-08-12T21:21:00","modified_gmt":"2025-08-12T19:21:00","slug":"bandeira-de-italia","status":"publish","type":"product","link":"https:\/\/cosmoflag.com\/pt\/produto\/bandeira-de-italia\/","title":{"rendered":"Bandeira de It\u00e1lia"},"content":{"rendered":"<h3>Carater\u00edsticas da bandeira de It\u00e1lia<\/h3>\n<p>A nossa bandeira de It\u00e1lia, conhecida pelas suas riscas verticais verdes, brancas e vermelhas, \u00e9 feita de poli\u00e9ster de alta qualidade, o que a torna ideal para uma utiliza\u00e7\u00e3o duradoura, tanto no interior como no exterior. Possui ilh\u00f3s de metal para uma instala\u00e7\u00e3o f\u00e1cil e uma fixa\u00e7\u00e3o segura, mesmo em condi\u00e7\u00f5es climat\u00e9ricas adversas. Dispon\u00edvel num tamanho de 90 x 150 cm\/35 x 59 polegadas para uma visibilidade m\u00e1xima, a nossa bandeira responde a uma variedade de necessidades, quer a queira expor num mastro ou numa parede.<\/p>\n<h3>Um s\u00edmbolo nacional repleto de hist\u00f3ria<\/h3>\n<p>A bandeira de It\u00e1lia foi oficialmente adoptada em 1948, mas as suas cores remontam a 1797, inspiradas nas da Rep\u00fablica Cisalpina, uma rep\u00fablica irm\u00e3 da Fran\u00e7a napole\u00f3nica. O verde representa as plan\u00edcies e as colinas de It\u00e1lia, o branco os Alpes cobertos de neve e o vermelho o sangue derramado pela independ\u00eancia de It\u00e1lia. Em conjunto, estas cores simbolizam a liberdade e a unidade da na\u00e7\u00e3o italiana.<\/p>\n<h3>Versatilidade de utiliza\u00e7\u00e3o<\/h3>\n<p>Quer seja para celebra\u00e7\u00f5es nacionais, eventos desportivos, eventos culturais ou fins educativos, a bandeira italiana \u00e9 adequada para todas as ocasi\u00f5es. O seu design robusto e as cores resistentes ao desbotamento garantem que a bandeira mant\u00e9m o seu significado e impacto visual ao longo do tempo.<\/p>","protected":false},"excerpt":{"rendered":"<p>Bandeira de 150 x 90 cm com 2 ilh\u00f3s met\u00e1licos robustos para pendurar com seguran\u00e7a.<\/p>","protected":false},"featured_media":1172,"comment_status":"open","ping_status":"closed","template":"","meta":{"_gspb_post_css":"","iawp_total_views":65},"product_brand":[],"product_cat":[65,58],"product_tag":[],"class_list":{"0":"post-2426","1":"product","2":"type-product","3":"status-publish","4":"has-post-thumbnail","6":"product_cat-europe-flags","7":"product_cat-country-flags","9":"first","10":"instock","11":"sale","12":"shipping-taxable","13":"purchasable","14":"product-type-simple"},"_links":{"self":[{"href":"https:\/\/cosmoflag.com\/pt\/wp-json\/wp\/v2\/product\/2426","targetHints":{"allow":["GET"]}}],"collection":[{"href":"https:\/\/cosmoflag.com\/pt\/wp-json\/wp\/v2\/product"}],"about":[{"href":"https:\/\/cosmoflag.com\/pt\/wp-json\/wp\/v2\/types\/product"}],"replies":[{"embeddable":true,"href":"https:\/\/cosmoflag.com\/pt\/wp-json\/wp\/v2\/comments?post=2426"}],"wp:featuredmedia":[{"embeddable":true,"href":"https:\/\/cosmoflag.com\/pt\/wp-json\/wp\/v2\/media\/1172"}],"wp:attachment":[{"href":"https:\/\/cosmoflag.com\/pt\/wp-json\/wp\/v2\/media?parent=2426"}],"wp:term":[{"taxonomy":"product_brand","embeddable":true,"href":"https:\/\/cosmoflag.com\/pt\/wp-json\/wp\/v2\/product_brand?post=2426"},{"taxonomy":"product_cat","embeddable":true,"href":"https:\/\/cosmoflag.com\/pt\/wp-json\/wp\/v2\/product_cat?post=2426"},{"taxonomy":"product_tag","embeddable":true,"href":"https:\/\/cosmoflag.com\/pt\/wp-json\/wp\/v2\/product_tag?post=2426"}],"curies":[{"name":"wp","href":"https:\/\/api.w.org\/{rel}","templated":true}]}}