{"id":2412,"date":"2024-12-15T21:21:00","date_gmt":"2024-12-15T19:21:00","guid":{"rendered":"https:\/\/cosmoflag.com\/?post_type=product&#038;p=2412"},"modified":"2025-08-12T21:23:05","modified_gmt":"2025-08-12T19:23:05","slug":"ethiopia-flag","status":"publish","type":"product","link":"https:\/\/cosmoflag.com\/pt\/produto\/ethiopia-flag\/","title":{"rendered":"Bandeira da Eti\u00f3pia"},"content":{"rendered":"<h3>Features of the Ethiopia Flag<\/h3>\n<p>Our Ethiopia flag, often seen as a symbol of African independence, is made from high-quality polyester, making it ideal for long-lasting use, indoors or out. It features metal eyelets for easy installation and a secure hold, even in adverse weather conditions. Available in 90 x 150 cm\/35 x 59 inches for maximum visibility, our flag meets a variety of needs, whether you want to display it on a pole or a wall.<\/p>\n<h3>Um s\u00edmbolo nacional repleto de hist\u00f3ria<\/h3>\n<p>The current flag of Ethiopia was adopted in 1996 and consists of three horizontal stripes of green, yellow and red, with a blue disk in the center, featuring a five-pointed star. These colors are significant in the African context; green symbolizes fertile land and hope, yellow peace and harmony, and red sacrifice and bravery. The star represents the unity and equality of the peoples of Ethiopia. This flag has become an icon for the Pan-African and Rastafari movements.<\/p>\n<h3>Versatilidade de utiliza\u00e7\u00e3o<\/h3>\n<p>Whether for national celebrations, sporting events, political demonstrations or educational purposes, the Ethiopian flag is suitable for all occasions. Its robust design and fade-resistant colors ensure that the flag retains its meaning and visual impact over time.<\/p>","protected":false},"excerpt":{"rendered":"<p>Bandeira de 150 x 90 cm com 2 ilh\u00f3s met\u00e1licos robustos para pendurar com seguran\u00e7a.<\/p>","protected":false},"featured_media":1553,"comment_status":"open","ping_status":"closed","template":"","meta":{"_gspb_post_css":"","iawp_total_views":15},"product_brand":[],"product_cat":[60,58],"product_tag":[],"class_list":{"0":"post-2412","1":"product","2":"type-product","3":"status-publish","4":"has-post-thumbnail","6":"product_cat-africa-flags","7":"product_cat-country-flags","9":"first","10":"instock","11":"sale","12":"shipping-taxable","13":"purchasable","14":"product-type-simple"},"_links":{"self":[{"href":"https:\/\/cosmoflag.com\/pt\/wp-json\/wp\/v2\/product\/2412","targetHints":{"allow":["GET"]}}],"collection":[{"href":"https:\/\/cosmoflag.com\/pt\/wp-json\/wp\/v2\/product"}],"about":[{"href":"https:\/\/cosmoflag.com\/pt\/wp-json\/wp\/v2\/types\/product"}],"replies":[{"embeddable":true,"href":"https:\/\/cosmoflag.com\/pt\/wp-json\/wp\/v2\/comments?post=2412"}],"wp:featuredmedia":[{"embeddable":true,"href":"https:\/\/cosmoflag.com\/pt\/wp-json\/wp\/v2\/media\/1553"}],"wp:attachment":[{"href":"https:\/\/cosmoflag.com\/pt\/wp-json\/wp\/v2\/media?parent=2412"}],"wp:term":[{"taxonomy":"product_brand","embeddable":true,"href":"https:\/\/cosmoflag.com\/pt\/wp-json\/wp\/v2\/product_brand?post=2412"},{"taxonomy":"product_cat","embeddable":true,"href":"https:\/\/cosmoflag.com\/pt\/wp-json\/wp\/v2\/product_cat?post=2412"},{"taxonomy":"product_tag","embeddable":true,"href":"https:\/\/cosmoflag.com\/pt\/wp-json\/wp\/v2\/product_tag?post=2412"}],"curies":[{"name":"wp","href":"https:\/\/api.w.org\/{rel}","templated":true}]}}