{"id":2408,"date":"2024-12-15T21:04:00","date_gmt":"2024-12-15T19:04:00","guid":{"rendered":"https:\/\/cosmoflag.com\/?post_type=product&#038;p=2408"},"modified":"2025-08-12T21:23:06","modified_gmt":"2025-08-12T19:23:06","slug":"bandeira-do-chile","status":"publish","type":"product","link":"https:\/\/cosmoflag.com\/pt\/produto\/bandeira-do-chile\/","title":{"rendered":"Bandeira do Chile"},"content":{"rendered":"<h3>Carater\u00edsticas da bandeira do Chile<\/h3>\n<p>A nossa bandeira do Chile \u00e9 feita de poli\u00e9ster de alta qualidade, o que a torna ideal para uma utiliza\u00e7\u00e3o duradoura, tanto no interior como no exterior. Possui ilh\u00f3s met\u00e1licos para uma instala\u00e7\u00e3o f\u00e1cil e uma fixa\u00e7\u00e3o garantida, mesmo em condi\u00e7\u00f5es climat\u00e9ricas adversas. Dispon\u00edvel em 90 x 150 cm\/35 x 59 polegadas para uma visibilidade m\u00e1xima, a nossa bandeira satisfaz uma variedade de necessidades, quer a queira expor num mastro ou numa parede.<\/p>\n<h3>Um s\u00edmbolo nacional repleto de hist\u00f3ria<\/h3>\n<p>A bandeira do Chile, tamb\u00e9m conhecida como \"La Estrella Solitaria\" (A Estrela Solit\u00e1ria), foi adoptada em 1817. \u00c9 constitu\u00edda por duas faixas horizontais de tamanhos desiguais; a faixa superior \u00e9 branca e a inferior \u00e9 vermelha. No canto superior esquerdo, sobre um fundo azul, encontra-se uma estrela branca de cinco pontas. O branco representa os picos nevados dos Andes, o azul simboliza o c\u00e9u e o Oceano Pac\u00edfico, o vermelho recorda o sangue derramado pela independ\u00eancia e a estrela representa o Estado-guia da na\u00e7\u00e3o.<\/p>\n<h3>Versatilidade de utiliza\u00e7\u00e3o<\/h3>\n<p>Quer seja para celebra\u00e7\u00f5es nacionais, eventos desportivos, eventos culturais ou fins educativos, a bandeira chilena \u00e9 adequada para todas as ocasi\u00f5es. O seu design robusto e as cores resistentes ao desbotamento garantem que a bandeira mant\u00e9m o seu significado e impacto visual ao longo do tempo.<\/p>","protected":false},"excerpt":{"rendered":"<p>Bandeira de 150 x 90 cm com 2 ilh\u00f3s met\u00e1licos robustos para pendurar com seguran\u00e7a.<\/p>","protected":false},"featured_media":1035,"comment_status":"open","ping_status":"closed","template":"","meta":{"_gspb_post_css":"","iawp_total_views":5},"product_brand":[],"product_cat":[63,58],"product_tag":[],"class_list":{"0":"post-2408","1":"product","2":"type-product","3":"status-publish","4":"has-post-thumbnail","6":"product_cat-south-america-flag","7":"product_cat-country-flags","9":"first","10":"instock","11":"sale","12":"shipping-taxable","13":"purchasable","14":"product-type-simple"},"_links":{"self":[{"href":"https:\/\/cosmoflag.com\/pt\/wp-json\/wp\/v2\/product\/2408","targetHints":{"allow":["GET"]}}],"collection":[{"href":"https:\/\/cosmoflag.com\/pt\/wp-json\/wp\/v2\/product"}],"about":[{"href":"https:\/\/cosmoflag.com\/pt\/wp-json\/wp\/v2\/types\/product"}],"replies":[{"embeddable":true,"href":"https:\/\/cosmoflag.com\/pt\/wp-json\/wp\/v2\/comments?post=2408"}],"wp:featuredmedia":[{"embeddable":true,"href":"https:\/\/cosmoflag.com\/pt\/wp-json\/wp\/v2\/media\/1035"}],"wp:attachment":[{"href":"https:\/\/cosmoflag.com\/pt\/wp-json\/wp\/v2\/media?parent=2408"}],"wp:term":[{"taxonomy":"product_brand","embeddable":true,"href":"https:\/\/cosmoflag.com\/pt\/wp-json\/wp\/v2\/product_brand?post=2408"},{"taxonomy":"product_cat","embeddable":true,"href":"https:\/\/cosmoflag.com\/pt\/wp-json\/wp\/v2\/product_cat?post=2408"},{"taxonomy":"product_tag","embeddable":true,"href":"https:\/\/cosmoflag.com\/pt\/wp-json\/wp\/v2\/product_tag?post=2408"}],"curies":[{"name":"wp","href":"https:\/\/api.w.org\/{rel}","templated":true}]}}