{"id":2397,"date":"2024-12-15T20:18:00","date_gmt":"2024-12-15T18:18:00","guid":{"rendered":"https:\/\/cosmoflag.com\/?post_type=product&#038;p=2397"},"modified":"2026-03-31T00:45:48","modified_gmt":"2026-03-30T22:45:48","slug":"bandeira-do-irao","status":"publish","type":"product","link":"https:\/\/cosmoflag.com\/pt\/produto\/bandeira-do-irao\/","title":{"rendered":"Bandeira do Ir\u00e3o"},"content":{"rendered":"<h3>Carater\u00edsticas da bandeira do Ir\u00e3o<\/h3>\n<p>A nossa bandeira do Ir\u00e3o \u00e9 feita de poli\u00e9ster de alta qualidade, o que a torna ideal para uma utiliza\u00e7\u00e3o duradoura, tanto no interior como no exterior. Possui ilh\u00f3s met\u00e1licos para uma instala\u00e7\u00e3o f\u00e1cil e uma fixa\u00e7\u00e3o garantida, mesmo em condi\u00e7\u00f5es climat\u00e9ricas adversas. Dispon\u00edvel em 90 x 150 cm\/35 x 59 polegadas para m\u00e1xima visibilidade, a nossa bandeira satisfaz uma variedade de necessidades, quer a queira expor num mastro ou numa parede.<\/p>\n<h3>Um s\u00edmbolo nacional repleto de hist\u00f3ria<\/h3>\n<p>A bandeira do Ir\u00e3o, adoptada em 1980, \u00e9 constitu\u00edda por tr\u00eas faixas horizontais de verde, branco e vermelho. O verde simboliza o crescimento e a felicidade, o branco representa a paz e a amizade e o vermelho evoca a coragem e a bravura. No centro da faixa branca est\u00e1 o \"Takbir\" (Allahu Akbar) repetido 22 vezes em escrita c\u00fafica, formando uma forma alongada para cima e para baixo. A bandeira apresenta tamb\u00e9m um emblema central vermelho estilizado que representa a tulipa, um s\u00edmbolo do mart\u00edrio.<\/p>\n<h3>Versatilidade de utiliza\u00e7\u00e3o<\/h3>\n<p>Quer seja para celebra\u00e7\u00f5es nacionais, eventos desportivos, manifesta\u00e7\u00f5es pol\u00edticas ou fins educativos, a bandeira iraniana \u00e9 adequada para todas as ocasi\u00f5es. O seu design robusto e as cores resistentes ao desbotamento garantem que a bandeira mant\u00e9m o seu significado e impacto visual ao longo do tempo.<\/p>","protected":false},"excerpt":{"rendered":"<p>Bandeira de 150 x 90 cm com 2 ilh\u00f3s met\u00e1licos robustos para pendurar com seguran\u00e7a.<\/p>","protected":false},"featured_media":1159,"comment_status":"open","ping_status":"closed","template":"","meta":{"_gspb_post_css":"","iawp_total_views":95},"product_brand":[],"product_cat":[66,58],"product_tag":[],"class_list":{"0":"post-2397","1":"product","2":"type-product","3":"status-publish","4":"has-post-thumbnail","6":"product_cat-middle-east-flags","7":"product_cat-country-flags","9":"first","10":"instock","11":"sale","12":"shipping-taxable","13":"purchasable","14":"product-type-simple"},"_links":{"self":[{"href":"https:\/\/cosmoflag.com\/pt\/wp-json\/wp\/v2\/product\/2397","targetHints":{"allow":["GET"]}}],"collection":[{"href":"https:\/\/cosmoflag.com\/pt\/wp-json\/wp\/v2\/product"}],"about":[{"href":"https:\/\/cosmoflag.com\/pt\/wp-json\/wp\/v2\/types\/product"}],"replies":[{"embeddable":true,"href":"https:\/\/cosmoflag.com\/pt\/wp-json\/wp\/v2\/comments?post=2397"}],"wp:featuredmedia":[{"embeddable":true,"href":"https:\/\/cosmoflag.com\/pt\/wp-json\/wp\/v2\/media\/1159"}],"wp:attachment":[{"href":"https:\/\/cosmoflag.com\/pt\/wp-json\/wp\/v2\/media?parent=2397"}],"wp:term":[{"taxonomy":"product_brand","embeddable":true,"href":"https:\/\/cosmoflag.com\/pt\/wp-json\/wp\/v2\/product_brand?post=2397"},{"taxonomy":"product_cat","embeddable":true,"href":"https:\/\/cosmoflag.com\/pt\/wp-json\/wp\/v2\/product_cat?post=2397"},{"taxonomy":"product_tag","embeddable":true,"href":"https:\/\/cosmoflag.com\/pt\/wp-json\/wp\/v2\/product_tag?post=2397"}],"curies":[{"name":"wp","href":"https:\/\/api.w.org\/{rel}","templated":true}]}}