{"id":2378,"date":"2024-12-15T15:09:00","date_gmt":"2024-12-15T13:09:00","guid":{"rendered":"https:\/\/cosmoflag.com\/?post_type=product&#038;p=2378"},"modified":"2025-08-12T21:23:22","modified_gmt":"2025-08-12T19:23:22","slug":"bandeira-da-tanzania","status":"publish","type":"product","link":"https:\/\/cosmoflag.com\/pt\/produto\/bandeira-da-tanzania\/","title":{"rendered":"Bandeira da Tanz\u00e2nia"},"content":{"rendered":"<h3>Carater\u00edsticas da bandeira da Tanz\u00e2nia<\/h3>\n<p>A nossa bandeira da Tanz\u00e2nia \u00e9 feita de poli\u00e9ster de alta qualidade, o que a torna ideal para uma utiliza\u00e7\u00e3o duradoura, tanto no interior como no exterior. Possui ilh\u00f3s met\u00e1licos para uma instala\u00e7\u00e3o f\u00e1cil e uma fixa\u00e7\u00e3o garantida, mesmo em condi\u00e7\u00f5es climat\u00e9ricas adversas. Dispon\u00edvel em 90 x 150 cm\/35 x 59 polegadas para uma visibilidade m\u00e1xima, a nossa bandeira satisfaz uma variedade de necessidades, quer a queira expor num mastro ou numa parede.<\/p>\n<h3>Um s\u00edmbolo nacional repleto de hist\u00f3ria<\/h3>\n<p>A bandeira da Tanz\u00e2nia, adoptada em 1964 na sequ\u00eancia da uni\u00e3o de Tanganica e Zanzibar, apresenta riscas pretas diagonais debruadas a amarelo, cortando um fundo dividido em dois tri\u00e2ngulos de verde na parte inferior e azul na parte superior. O verde simboliza a riqueza da agricultura e dos recursos naturais do pa\u00eds, o azul representa os lagos e oceanos circundantes, o preto recorda a cor da pele dos tanzanianos e as riscas amarelas representam a riqueza mineral do pa\u00eds.<\/p>\n<h3>Utiliza\u00e7\u00e3o vers\u00e1til<\/h3>\n<p>Quer seja para celebra\u00e7\u00f5es nacionais, eventos desportivos, eventos culturais ou fins educativos, a bandeira da Tanz\u00e2nia \u00e9 adequada para todas as ocasi\u00f5es. O seu design robusto e as cores resistentes ao desbotamento garantem que a bandeira mant\u00e9m o seu significado e impacto visual ao longo do tempo.<\/p>","protected":false},"excerpt":{"rendered":"<p>Bandeira de 150 x 90 cm com 2 ilh\u00f3s met\u00e1licos robustos para pendurar com seguran\u00e7a.<\/p>","protected":false},"featured_media":1418,"comment_status":"open","ping_status":"closed","template":"","meta":{"_gspb_post_css":"","iawp_total_views":5},"product_brand":[],"product_cat":[58,60],"product_tag":[],"class_list":{"0":"post-2378","1":"product","2":"type-product","3":"status-publish","4":"has-post-thumbnail","6":"product_cat-country-flags","7":"product_cat-africa-flags","9":"first","10":"instock","11":"sale","12":"shipping-taxable","13":"purchasable","14":"product-type-simple"},"_links":{"self":[{"href":"https:\/\/cosmoflag.com\/pt\/wp-json\/wp\/v2\/product\/2378","targetHints":{"allow":["GET"]}}],"collection":[{"href":"https:\/\/cosmoflag.com\/pt\/wp-json\/wp\/v2\/product"}],"about":[{"href":"https:\/\/cosmoflag.com\/pt\/wp-json\/wp\/v2\/types\/product"}],"replies":[{"embeddable":true,"href":"https:\/\/cosmoflag.com\/pt\/wp-json\/wp\/v2\/comments?post=2378"}],"wp:featuredmedia":[{"embeddable":true,"href":"https:\/\/cosmoflag.com\/pt\/wp-json\/wp\/v2\/media\/1418"}],"wp:attachment":[{"href":"https:\/\/cosmoflag.com\/pt\/wp-json\/wp\/v2\/media?parent=2378"}],"wp:term":[{"taxonomy":"product_brand","embeddable":true,"href":"https:\/\/cosmoflag.com\/pt\/wp-json\/wp\/v2\/product_brand?post=2378"},{"taxonomy":"product_cat","embeddable":true,"href":"https:\/\/cosmoflag.com\/pt\/wp-json\/wp\/v2\/product_cat?post=2378"},{"taxonomy":"product_tag","embeddable":true,"href":"https:\/\/cosmoflag.com\/pt\/wp-json\/wp\/v2\/product_tag?post=2378"}],"curies":[{"name":"wp","href":"https:\/\/api.w.org\/{rel}","templated":true}]}}