{"id":2358,"date":"2024-12-14T23:13:00","date_gmt":"2024-12-14T21:13:00","guid":{"rendered":"https:\/\/cosmoflag.com\/?post_type=product&#038;p=2358"},"modified":"2025-08-12T21:23:28","modified_gmt":"2025-08-12T19:23:28","slug":"bandeira-da-nato","status":"publish","type":"product","link":"https:\/\/cosmoflag.com\/pt\/produto\/bandeira-da-nato\/","title":{"rendered":"Bandeira da NATO"},"content":{"rendered":"<h3>Carater\u00edsticas da bandeira da NATO<\/h3>\n<p>A nossa bandeira da NATO \u00e9 feita de poli\u00e9ster de alta qualidade, o que a torna ideal para uma utiliza\u00e7\u00e3o duradoura, tanto no interior como no exterior. Possui ilh\u00f3s met\u00e1licos para uma instala\u00e7\u00e3o f\u00e1cil, garantindo que se mant\u00e9m no lugar mesmo em condi\u00e7\u00f5es climat\u00e9ricas adversas. Dispon\u00edvel num tamanho de 90 x 150 cm\/35 x 59 polegadas para uma visibilidade m\u00e1xima, a nossa bandeira responde a uma variedade de necessidades, quer a queira expor num mastro ou numa parede.<\/p>\n<h3>Um s\u00edmbolo internacional de significado<\/h3>\n<p>Adoptada em 1953, a bandeira da NATO apresenta um fundo azul com uma b\u00fassola branca em forma de estrela de quatro pontas apontando para os quatro pontos cardeais. O azul simboliza o Atl\u00e2ntico Norte, que une as na\u00e7\u00f5es membros, enquanto a b\u00fassola representa a dire\u00e7\u00e3o comum destas na\u00e7\u00f5es para a paz e seguran\u00e7a partilhadas. A bandeira \u00e9 amplamente reconhecida como um s\u00edmbolo da coopera\u00e7\u00e3o internacional e da defesa colectiva.<\/p>\n<h3>Versatilidade de utiliza\u00e7\u00e3o<\/h3>\n<p>A bandeira da NATO \u00e9 utilizada em contextos oficiais, cerim\u00f3nias e miss\u00f5es internacionais para representar a unidade e o empenho dos pa\u00edses membros na seguran\u00e7a m\u00fatua. O seu design robusto e as cores resistentes ao desbotamento garantem que a bandeira mant\u00e9m o seu significado e impacto visual ao longo do tempo.<\/p>","protected":false},"excerpt":{"rendered":"<p>Bandeira de 150 x 90 cm com 2 ilh\u00f3s met\u00e1licos robustos para pendurar com seguran\u00e7a.<\/p>","protected":false},"featured_media":1268,"comment_status":"open","ping_status":"closed","template":"","meta":{"_gspb_post_css":"","iawp_total_views":21},"product_brand":[],"product_cat":[68],"product_tag":[],"class_list":{"0":"post-2358","1":"product","2":"type-product","3":"status-publish","4":"has-post-thumbnail","6":"product_cat-official-flags","8":"first","9":"instock","10":"sale","11":"shipping-taxable","12":"purchasable","13":"product-type-simple"},"_links":{"self":[{"href":"https:\/\/cosmoflag.com\/pt\/wp-json\/wp\/v2\/product\/2358","targetHints":{"allow":["GET"]}}],"collection":[{"href":"https:\/\/cosmoflag.com\/pt\/wp-json\/wp\/v2\/product"}],"about":[{"href":"https:\/\/cosmoflag.com\/pt\/wp-json\/wp\/v2\/types\/product"}],"replies":[{"embeddable":true,"href":"https:\/\/cosmoflag.com\/pt\/wp-json\/wp\/v2\/comments?post=2358"}],"wp:featuredmedia":[{"embeddable":true,"href":"https:\/\/cosmoflag.com\/pt\/wp-json\/wp\/v2\/media\/1268"}],"wp:attachment":[{"href":"https:\/\/cosmoflag.com\/pt\/wp-json\/wp\/v2\/media?parent=2358"}],"wp:term":[{"taxonomy":"product_brand","embeddable":true,"href":"https:\/\/cosmoflag.com\/pt\/wp-json\/wp\/v2\/product_brand?post=2358"},{"taxonomy":"product_cat","embeddable":true,"href":"https:\/\/cosmoflag.com\/pt\/wp-json\/wp\/v2\/product_cat?post=2358"},{"taxonomy":"product_tag","embeddable":true,"href":"https:\/\/cosmoflag.com\/pt\/wp-json\/wp\/v2\/product_tag?post=2358"}],"curies":[{"name":"wp","href":"https:\/\/api.w.org\/{rel}","templated":true}]}}