{"id":2337,"date":"2024-12-13T13:26:00","date_gmt":"2024-12-13T11:26:00","guid":{"rendered":"https:\/\/cosmoflag.com\/?post_type=product&#038;p=2337"},"modified":"2025-08-12T21:23:37","modified_gmt":"2025-08-12T19:23:37","slug":"bandeira-do-azerbaijao","status":"publish","type":"product","link":"https:\/\/cosmoflag.com\/pt\/produto\/bandeira-do-azerbaijao\/","title":{"rendered":"Bandeira do Azerbaij\u00e3o"},"content":{"rendered":"<h3>Carater\u00edsticas da bandeira do Azerbaij\u00e3o<\/h3>\n<p>A nossa bandeira do Azerbaij\u00e3o \u00e9 feita de poli\u00e9ster de alta qualidade, o que a torna ideal para uma utiliza\u00e7\u00e3o duradoura tanto no interior como no exterior. Possui ilh\u00f3s met\u00e1licos para uma instala\u00e7\u00e3o f\u00e1cil e uma fixa\u00e7\u00e3o segura, mesmo em condi\u00e7\u00f5es climat\u00e9ricas adversas. Dispon\u00edvel em 90 x 150 cm\/35 x 59 polegadas para uma visibilidade m\u00e1xima, a nossa bandeira satisfaz uma variedade de necessidades, quer a queira expor num mastro ou numa parede.<\/p>\n<h3>Um s\u00edmbolo nacional repleto de hist\u00f3ria<\/h3>\n<p>A bandeira do Azerbaij\u00e3o, tamb\u00e9m conhecida como \u201cAzerbaycan Bayragi\u201d, \u00e9 composta por tr\u00eas riscas horizontais: azul na parte superior, vermelha no centro e verde na parte inferior. H\u00e1 tamb\u00e9m um crescente branco e uma estrela de oito pontas no centro da faixa vermelha. O azul representa a cultura turca, o vermelho simboliza a moderniza\u00e7\u00e3o e o desenvolvimento da democracia e o verde evoca o Isl\u00e3o. O crescente e a estrela s\u00e3o s\u00edmbolos tradicionais do Isl\u00e3o, mas tamb\u00e9m reflectem as aspira\u00e7\u00f5es de liberdade do povo azerbaijan\u00eas. A bandeira, adoptada em 1918 e readaptada em 1991, ap\u00f3s a queda da Uni\u00e3o Sovi\u00e9tica, encarna a identidade nacional e os valores do povo azerbaijan\u00eas.<\/p>\n<h3>Versatilidade de utiliza\u00e7\u00e3o<\/h3>\n<p>Quer seja para celebra\u00e7\u00f5es nacionais, eventos desportivos, eventos culturais ou fins educativos, a bandeira do Azerbaij\u00e3o \u00e9 adequada para todas as ocasi\u00f5es. O seu design robusto e as cores resistentes ao desbotamento garantem que a bandeira mant\u00e9m o seu significado e impacto visual ao longo do tempo.<\/p>","protected":false},"excerpt":{"rendered":"<p>Bandeira de 150 x 90 cm com 2 ilh\u00f3s met\u00e1licos robustos para pendurar com seguran\u00e7a.<\/p>","protected":false},"featured_media":1816,"comment_status":"open","ping_status":"closed","template":"","meta":{"_gspb_post_css":"","iawp_total_views":21},"product_brand":[],"product_cat":[64],"product_tag":[],"class_list":{"0":"post-2337","1":"product","2":"type-product","3":"status-publish","4":"has-post-thumbnail","6":"product_cat-asia-flags","8":"first","9":"instock","10":"sale","11":"shipping-taxable","12":"purchasable","13":"product-type-simple"},"_links":{"self":[{"href":"https:\/\/cosmoflag.com\/pt\/wp-json\/wp\/v2\/product\/2337","targetHints":{"allow":["GET"]}}],"collection":[{"href":"https:\/\/cosmoflag.com\/pt\/wp-json\/wp\/v2\/product"}],"about":[{"href":"https:\/\/cosmoflag.com\/pt\/wp-json\/wp\/v2\/types\/product"}],"replies":[{"embeddable":true,"href":"https:\/\/cosmoflag.com\/pt\/wp-json\/wp\/v2\/comments?post=2337"}],"wp:featuredmedia":[{"embeddable":true,"href":"https:\/\/cosmoflag.com\/pt\/wp-json\/wp\/v2\/media\/1816"}],"wp:attachment":[{"href":"https:\/\/cosmoflag.com\/pt\/wp-json\/wp\/v2\/media?parent=2337"}],"wp:term":[{"taxonomy":"product_brand","embeddable":true,"href":"https:\/\/cosmoflag.com\/pt\/wp-json\/wp\/v2\/product_brand?post=2337"},{"taxonomy":"product_cat","embeddable":true,"href":"https:\/\/cosmoflag.com\/pt\/wp-json\/wp\/v2\/product_cat?post=2337"},{"taxonomy":"product_tag","embeddable":true,"href":"https:\/\/cosmoflag.com\/pt\/wp-json\/wp\/v2\/product_tag?post=2337"}],"curies":[{"name":"wp","href":"https:\/\/api.w.org\/{rel}","templated":true}]}}