{"id":2334,"date":"2024-12-12T23:30:00","date_gmt":"2024-12-12T21:30:00","guid":{"rendered":"https:\/\/cosmoflag.com\/?post_type=product&#038;p=2334"},"modified":"2025-08-12T21:23:38","modified_gmt":"2025-08-12T19:23:38","slug":"bandeira-da-ucrania","status":"publish","type":"product","link":"https:\/\/cosmoflag.com\/pt\/produto\/bandeira-da-ucrania\/","title":{"rendered":"Bandeira da Ucr\u00e2nia"},"content":{"rendered":"<h3>Carater\u00edsticas da bandeira ucraniana<\/h3>\n<p>A nossa bandeira da Ucr\u00e2nia \u00e9 feita de poli\u00e9ster de alta qualidade, o que a torna ideal para uma utiliza\u00e7\u00e3o duradoura, tanto no interior como no exterior. Possui ilh\u00f3s met\u00e1licos para uma instala\u00e7\u00e3o f\u00e1cil e uma fixa\u00e7\u00e3o garantida, mesmo em condi\u00e7\u00f5es climat\u00e9ricas adversas. Dispon\u00edvel em 90 x 150 cm\/35 x 59 polegadas para m\u00e1xima visibilidade em espa\u00e7os mais pequenos, a nossa bandeira satisfaz uma variedade de necessidades, quer a queira expor num mastro ou numa parede.<\/p>\n<h3>Um s\u00edmbolo nacional repleto de hist\u00f3ria<\/h3>\n<p>A bandeira da Ucr\u00e2nia \u00e9 composta por duas riscas horizontais iguais, azuis na parte superior e amarelas na parte inferior. Estas cores reflectem os vastos campos de trigo dourado sob um c\u00e9u azul, uma paisagem t\u00edpica da Ucr\u00e2nia, que \u00e9 um dos maiores exportadores de cereais do mundo. Adoptada em 1992, ap\u00f3s a independ\u00eancia do pa\u00eds, a bandeira simboliza a paz (azul) e a prosperidade (amarelo). \u00c9 uma poderosa recorda\u00e7\u00e3o da identidade e do orgulho nacionais ucranianos.<\/p>\n<h3>Versatilidade de utiliza\u00e7\u00e3o<\/h3>\n<p>Quer seja para celebra\u00e7\u00f5es nacionais, eventos desportivos, manifesta\u00e7\u00f5es pol\u00edticas ou fins educativos, a bandeira ucraniana \u00e9 adequada para todas as ocasi\u00f5es. O seu design robusto e as cores resistentes ao desbotamento garantem que a bandeira mant\u00e9m o seu significado e impacto visual ao longo do tempo.<\/p>","protected":false},"excerpt":{"rendered":"<p>Bandeira de 150 x 90 cm com 2 ilh\u00f3s met\u00e1licos robustos para pendurar com seguran\u00e7a.<\/p>","protected":false},"featured_media":2220,"comment_status":"open","ping_status":"closed","template":"","meta":{"_gspb_post_css":"","iawp_total_views":15},"product_brand":[],"product_cat":[65],"product_tag":[],"class_list":{"0":"post-2334","1":"product","2":"type-product","3":"status-publish","4":"has-post-thumbnail","6":"product_cat-europe-flags","8":"first","9":"instock","10":"sale","11":"shipping-taxable","12":"purchasable","13":"product-type-simple"},"_links":{"self":[{"href":"https:\/\/cosmoflag.com\/pt\/wp-json\/wp\/v2\/product\/2334","targetHints":{"allow":["GET"]}}],"collection":[{"href":"https:\/\/cosmoflag.com\/pt\/wp-json\/wp\/v2\/product"}],"about":[{"href":"https:\/\/cosmoflag.com\/pt\/wp-json\/wp\/v2\/types\/product"}],"replies":[{"embeddable":true,"href":"https:\/\/cosmoflag.com\/pt\/wp-json\/wp\/v2\/comments?post=2334"}],"wp:featuredmedia":[{"embeddable":true,"href":"https:\/\/cosmoflag.com\/pt\/wp-json\/wp\/v2\/media\/2220"}],"wp:attachment":[{"href":"https:\/\/cosmoflag.com\/pt\/wp-json\/wp\/v2\/media?parent=2334"}],"wp:term":[{"taxonomy":"product_brand","embeddable":true,"href":"https:\/\/cosmoflag.com\/pt\/wp-json\/wp\/v2\/product_brand?post=2334"},{"taxonomy":"product_cat","embeddable":true,"href":"https:\/\/cosmoflag.com\/pt\/wp-json\/wp\/v2\/product_cat?post=2334"},{"taxonomy":"product_tag","embeddable":true,"href":"https:\/\/cosmoflag.com\/pt\/wp-json\/wp\/v2\/product_tag?post=2334"}],"curies":[{"name":"wp","href":"https:\/\/api.w.org\/{rel}","templated":true}]}}