{"id":2333,"date":"2024-12-12T23:24:00","date_gmt":"2024-12-12T21:24:00","guid":{"rendered":"https:\/\/cosmoflag.com\/?post_type=product&#038;p=2333"},"modified":"2026-03-15T12:30:39","modified_gmt":"2026-03-15T10:30:39","slug":"bandeira-de-cuba","status":"publish","type":"product","link":"https:\/\/cosmoflag.com\/pt\/produto\/bandeira-de-cuba\/","title":{"rendered":"Bandeira de Cuba"},"content":{"rendered":"<h3>Carater\u00edsticas da bandeira cubana<\/h3>\n<p>A nossa bandeira cubana \u00e9 feita de poli\u00e9ster de alta qualidade, o que a torna ideal para uma utiliza\u00e7\u00e3o duradoura no interior e no exterior. Possui ilh\u00f3s met\u00e1licos para uma instala\u00e7\u00e3o f\u00e1cil e uma fixa\u00e7\u00e3o garantida, mesmo em condi\u00e7\u00f5es climat\u00e9ricas adversas. Dispon\u00edvel em 90 x 150 cm\/35 x 59 polegadas para m\u00e1xima visibilidade, a nossa bandeira satisfaz uma variedade de necessidades, quer a queira expor num mastro ou numa parede.<\/p>\n<h3>Um s\u00edmbolo nacional repleto de hist\u00f3ria<\/h3>\n<p>A bandeira de Cuba, adoptada oficialmente em 1902, mas concebida j\u00e1 em 1849, \u00e9 composta por cinco faixas horizontais alternadas de azul e branco, com um tri\u00e2ngulo equil\u00e1tero vermelho no p\u00f3lo e uma estrela branca de cinco pontas. As tr\u00eas riscas azuis representam os departamentos em que Cuba estava dividida na altura, enquanto as riscas brancas simbolizam a pureza do ideal independentista. O tri\u00e2ngulo vermelho simboliza o sangue derramado pela liberdade, e a estrela, chamada \u201cLa Estrella Solitaria\u201d (A Estrela Solit\u00e1ria), representa a independ\u00eancia e a liberdade.<\/p>\n<h3>Versatilidade de utiliza\u00e7\u00e3o<\/h3>\n<p>Seja para celebra\u00e7\u00f5es nacionais, eventos desportivos, eventos culturais ou fins educativos, a bandeira cubana \u00e9 adequada para todas as ocasi\u00f5es. O seu design robusto e as cores resistentes ao desbotamento garantem que a bandeira mant\u00e9m o seu significado e impacto visual ao longo do tempo.<\/p>","protected":false},"excerpt":{"rendered":"<p>Bandeira de 150 x 90 cm com 2 ilh\u00f3s met\u00e1licos robustos para pendurar com seguran\u00e7a.<\/p>","protected":false},"featured_media":1063,"comment_status":"open","ping_status":"closed","template":"","meta":{"_gspb_post_css":"","iawp_total_views":31},"product_brand":[],"product_cat":[62,58],"product_tag":[],"class_list":{"0":"post-2333","1":"product","2":"type-product","3":"status-publish","4":"has-post-thumbnail","6":"product_cat-north-america-flags","7":"product_cat-country-flags","9":"first","10":"instock","11":"sale","12":"shipping-taxable","13":"purchasable","14":"product-type-simple"},"_links":{"self":[{"href":"https:\/\/cosmoflag.com\/pt\/wp-json\/wp\/v2\/product\/2333","targetHints":{"allow":["GET"]}}],"collection":[{"href":"https:\/\/cosmoflag.com\/pt\/wp-json\/wp\/v2\/product"}],"about":[{"href":"https:\/\/cosmoflag.com\/pt\/wp-json\/wp\/v2\/types\/product"}],"replies":[{"embeddable":true,"href":"https:\/\/cosmoflag.com\/pt\/wp-json\/wp\/v2\/comments?post=2333"}],"wp:featuredmedia":[{"embeddable":true,"href":"https:\/\/cosmoflag.com\/pt\/wp-json\/wp\/v2\/media\/1063"}],"wp:attachment":[{"href":"https:\/\/cosmoflag.com\/pt\/wp-json\/wp\/v2\/media?parent=2333"}],"wp:term":[{"taxonomy":"product_brand","embeddable":true,"href":"https:\/\/cosmoflag.com\/pt\/wp-json\/wp\/v2\/product_brand?post=2333"},{"taxonomy":"product_cat","embeddable":true,"href":"https:\/\/cosmoflag.com\/pt\/wp-json\/wp\/v2\/product_cat?post=2333"},{"taxonomy":"product_tag","embeddable":true,"href":"https:\/\/cosmoflag.com\/pt\/wp-json\/wp\/v2\/product_tag?post=2333"}],"curies":[{"name":"wp","href":"https:\/\/api.w.org\/{rel}","templated":true}]}}