{"id":2332,"date":"2024-12-12T23:18:00","date_gmt":"2024-12-12T21:18:00","guid":{"rendered":"https:\/\/cosmoflag.com\/?post_type=product&#038;p=2332"},"modified":"2025-08-12T21:23:41","modified_gmt":"2025-08-12T19:23:41","slug":"bandeira-feminista-lesbica","status":"publish","type":"product","link":"https:\/\/cosmoflag.com\/pt\/produto\/bandeira-feminista-lesbica\/","title":{"rendered":"Bandeira l\u00e9sbica feminista"},"content":{"rendered":"<h3><strong>Carater\u00edsticas da bandeira l\u00e9sbica feminista<\/strong><\/h3>\n<p>A nossa bandeira feminista l\u00e9sbica \u00e9 feita de poli\u00e9ster de alta qualidade, o que a torna ideal para uma utiliza\u00e7\u00e3o duradoura tanto no interior como no exterior. Est\u00e1 equipada com ilh\u00f3s met\u00e1licos que facilitam a instala\u00e7\u00e3o e garantem a sua seguran\u00e7a, mesmo em condi\u00e7\u00f5es climat\u00e9ricas adversas. Dispon\u00edvel em tamanhos de 90 x 150 cm\/35 x 59 polegadas para uma visibilidade m\u00e1xima, a nossa bandeira responde a v\u00e1rias necessidades, quer a queira expor num mastro ou numa parede.<\/p>\n<h3><strong>Um s\u00edmbolo nacional rico em hist\u00f3ria<\/strong><\/h3>\n<p>O s\u00edmbolo central da bandeira \u00e9 um labrys preto sobre um fundo p\u00farpura. O labrys \u00e9 um s\u00edmbolo hist\u00f3rico da comunidade feminista e l\u00e9sbica, evocando for\u00e7a, independ\u00eancia e solidariedade. O fundo p\u00farpura reflecte as cores do movimento feminista, refor\u00e7ando a identidade e a unidade no seio da comunidade.<\/p>\n<h3><strong>Utiliza\u00e7\u00e3o vers\u00e1til<\/strong><\/h3>\n<p>Quer seja para celebra\u00e7\u00f5es de orgulho, reuni\u00f5es feministas, eventos culturais ou fins educativos, a bandeira feminista l\u00e9sbica labrys adapta-se a todas as ocasi\u00f5es. O seu design robusto e as cores resistentes ao desbotamento garantem que a bandeira mant\u00e9m o seu significado e impacto visual ao longo do tempo.<\/p>","protected":false},"excerpt":{"rendered":"<p>Bandeira de 150 x 90 cm com 2 ilh\u00f3s met\u00e1licos robustos para pendurar com seguran\u00e7a.<\/p>","protected":false},"featured_media":1200,"comment_status":"open","ping_status":"closed","template":"","meta":{"_gspb_post_css":"","iawp_total_views":14},"product_brand":[],"product_cat":[57],"product_tag":[],"class_list":{"0":"post-2332","1":"product","2":"type-product","3":"status-publish","4":"has-post-thumbnail","6":"product_cat-lgbt-flags","8":"first","9":"instock","10":"sale","11":"shipping-taxable","12":"purchasable","13":"product-type-simple"},"_links":{"self":[{"href":"https:\/\/cosmoflag.com\/pt\/wp-json\/wp\/v2\/product\/2332","targetHints":{"allow":["GET"]}}],"collection":[{"href":"https:\/\/cosmoflag.com\/pt\/wp-json\/wp\/v2\/product"}],"about":[{"href":"https:\/\/cosmoflag.com\/pt\/wp-json\/wp\/v2\/types\/product"}],"replies":[{"embeddable":true,"href":"https:\/\/cosmoflag.com\/pt\/wp-json\/wp\/v2\/comments?post=2332"}],"wp:featuredmedia":[{"embeddable":true,"href":"https:\/\/cosmoflag.com\/pt\/wp-json\/wp\/v2\/media\/1200"}],"wp:attachment":[{"href":"https:\/\/cosmoflag.com\/pt\/wp-json\/wp\/v2\/media?parent=2332"}],"wp:term":[{"taxonomy":"product_brand","embeddable":true,"href":"https:\/\/cosmoflag.com\/pt\/wp-json\/wp\/v2\/product_brand?post=2332"},{"taxonomy":"product_cat","embeddable":true,"href":"https:\/\/cosmoflag.com\/pt\/wp-json\/wp\/v2\/product_cat?post=2332"},{"taxonomy":"product_tag","embeddable":true,"href":"https:\/\/cosmoflag.com\/pt\/wp-json\/wp\/v2\/product_tag?post=2332"}],"curies":[{"name":"wp","href":"https:\/\/api.w.org\/{rel}","templated":true}]}}