{"id":2331,"date":"2024-12-12T23:09:00","date_gmt":"2024-12-12T21:09:00","guid":{"rendered":"https:\/\/cosmoflag.com\/?post_type=product&#038;p=2331"},"modified":"2025-08-12T21:23:41","modified_gmt":"2025-08-12T19:23:41","slug":"bandeira-agenero","status":"publish","type":"product","link":"https:\/\/cosmoflag.com\/pt\/produto\/bandeira-agenero\/","title":{"rendered":"Bandeira Agender"},"content":{"rendered":"<h3><strong>Carater\u00edsticas da bandeira ag\u00e9nero<\/strong><\/h3>\n<p>A nossa bandeira agender \u00e9 feita de poli\u00e9ster de alta qualidade, o que a torna ideal para uma utiliza\u00e7\u00e3o duradoura, quer seja no interior ou no exterior. Possui ilh\u00f3s met\u00e1licos para uma instala\u00e7\u00e3o f\u00e1cil e garante a sua resist\u00eancia mesmo em condi\u00e7\u00f5es climat\u00e9ricas adversas. Dispon\u00edvel num tamanho de 90 x 150 cm\/35 x 59 polegadas para uma visibilidade m\u00e1xima, a nossa bandeira responde a v\u00e1rias necessidades, quer a queira expor num mastro ou numa parede.<\/p>\n<h3><strong>Um s\u00edmbolo nacional rico em hist\u00f3ria<\/strong><\/h3>\n<p>A bandeira agender apresenta riscas horizontais em preto, cinzento, branco e verde claro. O preto e o cinzento representam, respetivamente, a aus\u00eancia de g\u00e9nero e o demi-g\u00e9nero, enquanto o branco simboliza a identidade de g\u00e9nero n\u00e3o bin\u00e1ria. O verde claro \u00e9 a cor do agender, representando aqueles que n\u00e3o se enquadram no espetro tradicional de g\u00e9nero.<\/p>\n<h3><strong>Versatilidade de utiliza\u00e7\u00e3o<\/strong><\/h3>\n<p>Perfeita para celebrar a diversidade de g\u00e9nero, reuni\u00f5es comunit\u00e1rias, eventos culturais ou como ferramenta educativa, a bandeira agender \u00e9 adequada para todas as ocasi\u00f5es. O seu design duradouro e as cores resistentes ao desbotamento garantem que a bandeira mant\u00e9m o seu significado e impacto visual ao longo do tempo.<\/p>","protected":false},"excerpt":{"rendered":"<p>Bandeira de 150 x 90 cm com 2 ilh\u00f3s met\u00e1licos robustos para pendurar com seguran\u00e7a.<\/p>","protected":false},"featured_media":957,"comment_status":"open","ping_status":"closed","template":"","meta":{"_gspb_post_css":"","iawp_total_views":8},"product_brand":[],"product_cat":[57],"product_tag":[],"class_list":{"0":"post-2331","1":"product","2":"type-product","3":"status-publish","4":"has-post-thumbnail","6":"product_cat-lgbt-flags","8":"first","9":"instock","10":"sale","11":"shipping-taxable","12":"purchasable","13":"product-type-simple"},"_links":{"self":[{"href":"https:\/\/cosmoflag.com\/pt\/wp-json\/wp\/v2\/product\/2331","targetHints":{"allow":["GET"]}}],"collection":[{"href":"https:\/\/cosmoflag.com\/pt\/wp-json\/wp\/v2\/product"}],"about":[{"href":"https:\/\/cosmoflag.com\/pt\/wp-json\/wp\/v2\/types\/product"}],"replies":[{"embeddable":true,"href":"https:\/\/cosmoflag.com\/pt\/wp-json\/wp\/v2\/comments?post=2331"}],"wp:featuredmedia":[{"embeddable":true,"href":"https:\/\/cosmoflag.com\/pt\/wp-json\/wp\/v2\/media\/957"}],"wp:attachment":[{"href":"https:\/\/cosmoflag.com\/pt\/wp-json\/wp\/v2\/media?parent=2331"}],"wp:term":[{"taxonomy":"product_brand","embeddable":true,"href":"https:\/\/cosmoflag.com\/pt\/wp-json\/wp\/v2\/product_brand?post=2331"},{"taxonomy":"product_cat","embeddable":true,"href":"https:\/\/cosmoflag.com\/pt\/wp-json\/wp\/v2\/product_cat?post=2331"},{"taxonomy":"product_tag","embeddable":true,"href":"https:\/\/cosmoflag.com\/pt\/wp-json\/wp\/v2\/product_tag?post=2331"}],"curies":[{"name":"wp","href":"https:\/\/api.w.org\/{rel}","templated":true}]}}