{"id":2325,"date":"2024-12-12T14:41:00","date_gmt":"2024-12-12T12:41:00","guid":{"rendered":"https:\/\/cosmoflag.com\/?post_type=product&#038;p=2325"},"modified":"2025-08-12T21:23:43","modified_gmt":"2025-08-12T19:23:43","slug":"bandeira-aromatica","status":"publish","type":"product","link":"https:\/\/cosmoflag.com\/pt\/produto\/bandeira-aromatica\/","title":{"rendered":"Bandeira Arom\u00e2ntica"},"content":{"rendered":"<h3>Carater\u00edsticas da bandeira arom\u00e1tica<\/h3>\n<p>A nossa bandeira arom\u00e1tica \u00e9 feita de poli\u00e9ster de alta qualidade, o que a torna ideal para uma utiliza\u00e7\u00e3o duradoura, tanto no interior como no exterior. Possui ilh\u00f3s met\u00e1licos para uma instala\u00e7\u00e3o f\u00e1cil e uma fixa\u00e7\u00e3o garantida, mesmo em condi\u00e7\u00f5es climat\u00e9ricas adversas. Dispon\u00edvel em 90 x 150 cm\/35 x 59 polegadas para uma visibilidade m\u00e1xima, a nossa bandeira responde a uma variedade de necessidades, quer a queira expor num mastro ou numa parede.<\/p>\n<h3>Um s\u00edmbolo com hist\u00f3ria<\/h3>\n<p>A bandeira arom\u00e1tica apresenta cinco riscas horizontais nas cores verde, cinzento claro, branco, cinzento e preto, de cima para baixo. O verde representa o aromantismo, o cinzento claro a zona entre o aromantismo e o romantismo, o branco simboliza as rela\u00e7\u00f5es plat\u00f3nicas e a estima entre parceiros arom\u00e1ticos, o cinzento escuro representa a zona cinzenta arom\u00e1tica e o preto a assexualidade.<\/p>\n<h3>Utiliza\u00e7\u00e3o vers\u00e1til<\/h3>\n<p>Ideal para eventos de Orgulho, reuni\u00f5es comunit\u00e1rias, eventos culturais ou como ferramenta educacional, a bandeira arom\u00e1tica \u00e9 uma forma significativa de representar a comunidade arom\u00e1tica e aumentar a consciencializa\u00e7\u00e3o sobre esta orienta\u00e7\u00e3o. O seu design robusto e as cores resistentes ao desbotamento garantem que a bandeira manter\u00e1 a sua vitalidade e significado.<\/p>","protected":false},"excerpt":{"rendered":"<p>Bandeira de 150 x 90 cm com 2 ilh\u00f3s met\u00e1licos robustos para pendurar com seguran\u00e7a.<\/p>","protected":false},"featured_media":971,"comment_status":"open","ping_status":"closed","template":"","meta":{"_gspb_post_css":"","iawp_total_views":6},"product_brand":[],"product_cat":[57],"product_tag":[],"class_list":{"0":"post-2325","1":"product","2":"type-product","3":"status-publish","4":"has-post-thumbnail","6":"product_cat-lgbt-flags","8":"first","9":"instock","10":"sale","11":"shipping-taxable","12":"purchasable","13":"product-type-simple"},"_links":{"self":[{"href":"https:\/\/cosmoflag.com\/pt\/wp-json\/wp\/v2\/product\/2325","targetHints":{"allow":["GET"]}}],"collection":[{"href":"https:\/\/cosmoflag.com\/pt\/wp-json\/wp\/v2\/product"}],"about":[{"href":"https:\/\/cosmoflag.com\/pt\/wp-json\/wp\/v2\/types\/product"}],"replies":[{"embeddable":true,"href":"https:\/\/cosmoflag.com\/pt\/wp-json\/wp\/v2\/comments?post=2325"}],"wp:featuredmedia":[{"embeddable":true,"href":"https:\/\/cosmoflag.com\/pt\/wp-json\/wp\/v2\/media\/971"}],"wp:attachment":[{"href":"https:\/\/cosmoflag.com\/pt\/wp-json\/wp\/v2\/media?parent=2325"}],"wp:term":[{"taxonomy":"product_brand","embeddable":true,"href":"https:\/\/cosmoflag.com\/pt\/wp-json\/wp\/v2\/product_brand?post=2325"},{"taxonomy":"product_cat","embeddable":true,"href":"https:\/\/cosmoflag.com\/pt\/wp-json\/wp\/v2\/product_cat?post=2325"},{"taxonomy":"product_tag","embeddable":true,"href":"https:\/\/cosmoflag.com\/pt\/wp-json\/wp\/v2\/product_tag?post=2325"}],"curies":[{"name":"wp","href":"https:\/\/api.w.org\/{rel}","templated":true}]}}