{"id":2318,"date":"2024-12-12T14:12:00","date_gmt":"2024-12-12T12:12:00","guid":{"rendered":"https:\/\/cosmoflag.com\/?post_type=product&#038;p=2318"},"modified":"2025-08-12T21:23:45","modified_gmt":"2025-08-12T19:23:45","slug":"bandeira-do-orgulho-lgbt-de-filadelfia","status":"publish","type":"product","link":"https:\/\/cosmoflag.com\/pt\/produto\/bandeira-do-orgulho-lgbt-de-filadelfia\/","title":{"rendered":"Bandeira do Orgulho LGBT de Filad\u00e9lfia"},"content":{"rendered":"<h3>Carater\u00edsticas da bandeira do Orgulho LGBT de Filad\u00e9lfia<\/h3>\n<p>A nossa bandeira do Orgulho LGBT de Filad\u00e9lfia \u00e9 feita de poli\u00e9ster de alta qualidade, o que a torna ideal para uma utiliza\u00e7\u00e3o duradoura, quer seja no interior ou no exterior. Possui ilh\u00f3s met\u00e1licos para uma instala\u00e7\u00e3o f\u00e1cil e uma fixa\u00e7\u00e3o garantida, mesmo em condi\u00e7\u00f5es climat\u00e9ricas adversas. Dispon\u00edvel em 90\u00d7150 cm\/35\u00d759 polegadas para m\u00e1xima visibilidade, a nossa bandeira satisfaz uma variedade de necessidades, quer a queira expor num mastro ou numa parede.<\/p>\n<p><strong>Um s\u00edmbolo nacional repleto de hist\u00f3ria<\/strong><\/p>\n<p>A bandeira do Orgulho LGBT de Filad\u00e9lfia acrescenta duas riscas, uma preta e outra castanha, acima das tradicionais seis cores do arco-\u00edris da bandeira do Orgulho LGBTQ+. Estas adi\u00e7\u00f5es foram feitas para enfatizar a diversidade e a inclus\u00e3o, especificamente no que diz respeito \u00e0s pessoas de cor dentro da comunidade LGBTQ+. Esta vers\u00e3o da bandeira foi introduzida em 2017 para refor\u00e7ar a visibilidade das pessoas LGBTQ+ negras e castanhas, afirmando o compromisso com todas as vozes da comunidade.<\/p>\n<p><strong>Versatilidade de utiliza\u00e7\u00e3o<\/strong><\/p>\n<p>Ideal para desfiles de orgulho, demonstra\u00e7\u00f5es, eventos culturais ou como ferramenta educativa, a bandeira do Orgulho de Filad\u00e9lfia \u00e9 um poderoso s\u00edmbolo de inclus\u00e3o. O seu design robusto e as cores resistentes ao desbotamento garantem que a bandeira mant\u00e9m o seu impacto visual e significado ao longo do tempo.<\/p>","protected":false},"excerpt":{"rendered":"<p>Bandeira de 150 x 90 cm com 2 ilh\u00f3s met\u00e1licos robustos para pendurar com seguran\u00e7a.<\/p>","protected":false},"featured_media":1206,"comment_status":"open","ping_status":"closed","template":"","meta":{"_gspb_post_css":"","iawp_total_views":12},"product_brand":[],"product_cat":[57],"product_tag":[],"class_list":{"0":"post-2318","1":"product","2":"type-product","3":"status-publish","4":"has-post-thumbnail","6":"product_cat-lgbt-flags","8":"first","9":"instock","10":"sale","11":"shipping-taxable","12":"purchasable","13":"product-type-simple"},"_links":{"self":[{"href":"https:\/\/cosmoflag.com\/pt\/wp-json\/wp\/v2\/product\/2318","targetHints":{"allow":["GET"]}}],"collection":[{"href":"https:\/\/cosmoflag.com\/pt\/wp-json\/wp\/v2\/product"}],"about":[{"href":"https:\/\/cosmoflag.com\/pt\/wp-json\/wp\/v2\/types\/product"}],"replies":[{"embeddable":true,"href":"https:\/\/cosmoflag.com\/pt\/wp-json\/wp\/v2\/comments?post=2318"}],"wp:featuredmedia":[{"embeddable":true,"href":"https:\/\/cosmoflag.com\/pt\/wp-json\/wp\/v2\/media\/1206"}],"wp:attachment":[{"href":"https:\/\/cosmoflag.com\/pt\/wp-json\/wp\/v2\/media?parent=2318"}],"wp:term":[{"taxonomy":"product_brand","embeddable":true,"href":"https:\/\/cosmoflag.com\/pt\/wp-json\/wp\/v2\/product_brand?post=2318"},{"taxonomy":"product_cat","embeddable":true,"href":"https:\/\/cosmoflag.com\/pt\/wp-json\/wp\/v2\/product_cat?post=2318"},{"taxonomy":"product_tag","embeddable":true,"href":"https:\/\/cosmoflag.com\/pt\/wp-json\/wp\/v2\/product_tag?post=2318"}],"curies":[{"name":"wp","href":"https:\/\/api.w.org\/{rel}","templated":true}]}}