{"id":2317,"date":"2024-12-12T14:05:00","date_gmt":"2024-12-12T12:05:00","guid":{"rendered":"https:\/\/cosmoflag.com\/?post_type=product&#038;p=2317"},"modified":"2025-08-12T21:23:45","modified_gmt":"2025-08-12T19:23:45","slug":"bandeira-assexual","status":"publish","type":"product","link":"https:\/\/cosmoflag.com\/pt\/produto\/bandeira-assexual\/","title":{"rendered":"Bandeira assexual"},"content":{"rendered":"<h3>Carater\u00edsticas da bandeira assexuada<\/h3>\n<p>A nossa bandeira assexuada \u00e9 feita de poli\u00e9ster de alta qualidade, o que a torna ideal para uma utiliza\u00e7\u00e3o duradoura, quer seja no interior ou no exterior. Possui ilh\u00f3s met\u00e1licos para uma instala\u00e7\u00e3o f\u00e1cil e uma fixa\u00e7\u00e3o garantida, mesmo em condi\u00e7\u00f5es climat\u00e9ricas adversas. Dispon\u00edvel em 90\u00d7150 cm\/35\u00d759 polegadas para uma visibilidade m\u00e1xima, a nossa bandeira responde a uma variedade de necessidades, quer a queira expor num mastro ou numa parede.<\/p>\n<h3>Um s\u00edmbolo nacional repleto de hist\u00f3ria<\/h3>\n<p>A bandeira assexual apresenta quatro riscas horizontais: preto em cima, representando a assexualidade; cinzento em baixo, simbolizando a zona cinzenta entre a assexualidade e a sexualidade; branco, representando a sexualidade; e roxo em baixo, simbolizando a comunidade. Esta bandeira foi criada para dar maior visibilidade \u00e0 comunidade assexual e para simbolizar a inclus\u00e3o e a diversidade dentro dessa comunidade.<\/p>\n<h3>Versatilidade de utiliza\u00e7\u00e3o<\/h3>\n<p>Quer seja para desfiles de orgulho, reuni\u00f5es comunit\u00e1rias, eventos culturais ou como ferramenta educativa, a bandeira assexual adequa-se perfeitamente a todas estas ocasi\u00f5es. O seu design robusto e as cores resistentes ao desbotamento garantem que a bandeira mant\u00e9m o seu significado e impacto visual ao longo do tempo.<\/p>","protected":false},"excerpt":{"rendered":"<p>Bandeira de 150 x 90 cm com 2 ilh\u00f3s met\u00e1licos robustos para pendurar com seguran\u00e7a.<\/p>","protected":false},"featured_media":978,"comment_status":"open","ping_status":"closed","template":"","meta":{"_gspb_post_css":"","iawp_total_views":8},"product_brand":[],"product_cat":[57],"product_tag":[],"class_list":{"0":"post-2317","1":"product","2":"type-product","3":"status-publish","4":"has-post-thumbnail","6":"product_cat-lgbt-flags","8":"first","9":"instock","10":"sale","11":"shipping-taxable","12":"purchasable","13":"product-type-simple"},"_links":{"self":[{"href":"https:\/\/cosmoflag.com\/pt\/wp-json\/wp\/v2\/product\/2317","targetHints":{"allow":["GET"]}}],"collection":[{"href":"https:\/\/cosmoflag.com\/pt\/wp-json\/wp\/v2\/product"}],"about":[{"href":"https:\/\/cosmoflag.com\/pt\/wp-json\/wp\/v2\/types\/product"}],"replies":[{"embeddable":true,"href":"https:\/\/cosmoflag.com\/pt\/wp-json\/wp\/v2\/comments?post=2317"}],"wp:featuredmedia":[{"embeddable":true,"href":"https:\/\/cosmoflag.com\/pt\/wp-json\/wp\/v2\/media\/978"}],"wp:attachment":[{"href":"https:\/\/cosmoflag.com\/pt\/wp-json\/wp\/v2\/media?parent=2317"}],"wp:term":[{"taxonomy":"product_brand","embeddable":true,"href":"https:\/\/cosmoflag.com\/pt\/wp-json\/wp\/v2\/product_brand?post=2317"},{"taxonomy":"product_cat","embeddable":true,"href":"https:\/\/cosmoflag.com\/pt\/wp-json\/wp\/v2\/product_cat?post=2317"},{"taxonomy":"product_tag","embeddable":true,"href":"https:\/\/cosmoflag.com\/pt\/wp-json\/wp\/v2\/product_tag?post=2317"}],"curies":[{"name":"wp","href":"https:\/\/api.w.org\/{rel}","templated":true}]}}