{"id":2559,"date":"2025-01-01T18:44:57","date_gmt":"2025-01-01T18:44:57","guid":{"rendered":"https:\/\/cosmoflag.com\/?page_id=2559"},"modified":"2025-01-05T14:19:20","modified_gmt":"2025-01-05T14:19:20","slug":"politica-de-privacidade","status":"publish","type":"page","link":"https:\/\/cosmoflag.com\/pt\/politica-de-privacidade\/","title":{"rendered":"Pol\u00edtica de privacidade"},"content":{"rendered":"<h3 class=\"wp-block-heading\" id=\"introduction-to-cosmoflag-s-privacy-statement\">Introdu\u00e7\u00e3o \u00e0 Declara\u00e7\u00e3o de Privacidade da Cosmoflag<\/h3>\n\n\n\n<p>Em <strong>Bandeira Cosmo<\/strong>A nossa loja online, a FLAG, compreende que a prote\u00e7\u00e3o da sua privacidade \u00e9 essencial e compromete-se a respeit\u00e1-la. Enquanto loja online dedicada \u00e0 venda de bandeiras de alta qualidade, recolhemos determinadas informa\u00e7\u00f5es para melhorar a sua experi\u00eancia de compra, garantindo simultaneamente a seguran\u00e7a e a confidencialidade dos seus dados pessoais.<\/p>\n\n\n\n<p>A nossa Declara\u00e7\u00e3o de Privacidade explica como e porque recolhemos os seus dados pessoais, como s\u00e3o utilizados e como os protegemos. A sua confian\u00e7a \u00e9 importante para n\u00f3s, e \u00e9 por isso que tomamos todas as medidas necess\u00e1rias para proteger as suas informa\u00e7\u00f5es e permitir-lhe controlar a sua utiliza\u00e7\u00e3o.<\/p>\n\n\n\n<p>Encorajamo-lo a ler atentamente esta declara\u00e7\u00e3o para compreender as nossas pr\u00e1ticas relativamente \u00e0s suas informa\u00e7\u00f5es pessoais e \u00e0 forma como as tratamos. Se tiver alguma d\u00favida ou preocupa\u00e7\u00e3o, n\u00e3o hesite em contactar-nos. A prote\u00e7\u00e3o da sua privacidade \u00e9 fundamental para a nossa miss\u00e3o e estamos empenhados em salvaguard\u00e1-la rigorosamente.<\/p>\n\n\n\n<hr class=\"wp-block-separator has-alpha-channel-opacity\"\/>\n\n\n\n<h3 class=\"wp-block-heading\" id=\"article-1-personal-information-collected\">Artigo 1.\u00ba - Informa\u00e7\u00f5es pessoais recolhidas<\/h3>\n\n\n\n<p><strong>Informa\u00e7\u00f5es recolhidas durante as compras<\/strong><br>Quando o utilizador faz uma compra na nossa loja Cosmoflag, recolhemos as informa\u00e7\u00f5es pessoais que nos fornece. Estas incluem o seu nome, endere\u00e7o postal e endere\u00e7o de correio eletr\u00f3nico - informa\u00e7\u00f5es necess\u00e1rias para concluir a sua transa\u00e7\u00e3o. Estes dados permitem-nos processar as suas encomendas, gerir a entrega dos produtos e contact\u00e1-lo, se necess\u00e1rio, relativamente \u00e0 sua compra.<\/p>\n\n\n\n<p><strong>Informa\u00e7\u00f5es recolhidas durante a navega\u00e7\u00e3o<\/strong><br>Para al\u00e9m das informa\u00e7\u00f5es fornecidas explicitamente, recolhemos automaticamente determinados detalhes quando o utilizador navega no nosso s\u00edtio. Estes incluem o endere\u00e7o IP (Internet Protocol) do seu computador, que nos ajuda a diagnosticar problemas no servidor, a gerir o nosso s\u00edtio Web e a identificar melhorias com base na forma como os visitantes navegam no nosso s\u00edtio. Tamb\u00e9m recolhemos detalhes sobre o seu tipo de browser e sistema operativo, que nos ajudam a otimizar o site para todos os utilizadores.<\/p>\n\n\n\n<p><strong>Marketing por correio eletr\u00f3nico<\/strong><br>Com a sua autoriza\u00e7\u00e3o, poderemos enviar-lhe mensagens de correio eletr\u00f3nico sobre a nossa loja, novos produtos e actualiza\u00e7\u00f5es que consideremos do seu interesse. Estas comunica\u00e7\u00f5es destinam-se a melhorar a sua experi\u00eancia, mantendo-o informado sobre as \u00faltimas novidades e ofertas da Cosmoflag. O utilizador pode cancelar a subscri\u00e7\u00e3o em qualquer altura se n\u00e3o desejar continuar a receber estas actualiza\u00e7\u00f5es.<\/p>\n\n\n\n<p>A prote\u00e7\u00e3o das suas informa\u00e7\u00f5es pessoais \u00e9 fundamental para n\u00f3s e estamos empenhados em geri-las com cuidado e responsabilidade. Todas as informa\u00e7\u00f5es s\u00e3o tratadas em conformidade com as leis de prote\u00e7\u00e3o de dados aplic\u00e1veis e com a nossa pol\u00edtica de privacidade interna.<\/p>\n\n\n\n<hr class=\"wp-block-separator has-alpha-channel-opacity\"\/>\n\n\n\n<h3 class=\"wp-block-heading\" id=\"article-2-consent\">Artigo 2.\u00ba - Consentimento<\/h3>\n\n\n\n<p><strong>Obter o seu consentimento<\/strong><br>Quando nos fornece as suas informa\u00e7\u00f5es pessoais para concluir uma transa\u00e7\u00e3o, verificar o seu cart\u00e3o de cr\u00e9dito, efetuar uma encomenda, organizar a entrega ou devolver uma compra, deduzimos que consente que recolhamos e utilizemos as suas informa\u00e7\u00f5es apenas para estes fins espec\u00edficos.<\/p>\n\n\n\n<p>Para qualquer outra utiliza\u00e7\u00e3o das suas informa\u00e7\u00f5es pessoais, como campanhas de marketing direto, solicitaremos explicitamente o seu consentimento ou dar-lhe-emos a oportunidade de optar por n\u00e3o participar.<\/p>\n\n\n\n<p><strong>Como retirar o seu consentimento<\/strong><br>Se, depois de dar o seu consentimento, mudar de ideias, tem o direito de, em qualquer altura, retirar o seu consentimento para que o contactemos, recolhamos, utilizemos ou divulguemos as suas informa\u00e7\u00f5es. Para retirar o seu consentimento, pode contactar-nos atrav\u00e9s de <strong><a>info@cosmoflag.com<\/a><\/strong> ou enviar uma carta para o nosso endere\u00e7o postal, fornecendo ou confirmando os dados necess\u00e1rios para que possamos identificar e responder ao seu pedido.<\/p>\n\n\n\n<p><strong>Gerir o seu consentimento<\/strong><br>Comprometemo-nos a respeitar as escolhas que o utilizador faz relativamente aos seus dados pessoais. Isto inclui n\u00e3o s\u00f3 o direito de retirar o seu consentimento em qualquer altura, mas tamb\u00e9m a possibilidade de solicitar o acesso aos dados pessoais que temos sobre si e de solicitar correc\u00e7\u00f5es se os dados estiverem incorrectos ou incompletos.<\/p>\n\n\n\n<p>A sua confian\u00e7a est\u00e1 no centro do nosso compromisso com a privacidade. Ao fornecer claramente op\u00e7\u00f5es de consentimento e ao respeitar as suas escolhas, garantimos que os seus dados s\u00e3o tratados de forma transparente e respeitosa.<\/p>\n\n\n\n<hr class=\"wp-block-separator has-alpha-channel-opacity\"\/>\n\n\n\n<h3 class=\"wp-block-heading\" id=\"article-3-disclosure\">Artigo 3.\u00ba - Divulga\u00e7\u00e3o<\/h3>\n\n\n\n<p><strong>Condi\u00e7\u00f5es de divulga\u00e7\u00e3o das suas informa\u00e7\u00f5es pessoais<\/strong><br>Comprometemo-nos a n\u00e3o vender, comercializar ou transferir indevidamente as suas informa\u00e7\u00f5es pessoais para terceiros sem o seu consentimento, exceto nas seguintes circunst\u00e2ncias:<\/p>\n\n\n\n<ul class=\"wp-block-list\">\n<li><strong>Requisitos legais<\/strong>: Podemos divulgar as suas informa\u00e7\u00f5es pessoais se tal for exigido por lei ou se o utilizador violar os nossos Termos e Condi\u00e7\u00f5es. Isto inclui a coopera\u00e7\u00e3o com as autoridades legais e regulamentares para resolver investiga\u00e7\u00f5es ou cumprir obriga\u00e7\u00f5es legais.<\/li>\n\n\n\n<li><strong>Prestadores de servi\u00e7os<\/strong>: As suas informa\u00e7\u00f5es pessoais podem ser partilhadas com terceiros que prestem servi\u00e7os em nosso nome, como o processamento de pagamentos, a gest\u00e3o de envios ou a an\u00e1lise de dados. Estes prestadores de servi\u00e7os s\u00e3o cuidadosamente selecionados e s\u00f3 est\u00e3o autorizados a utilizar os seus dados para executar os servi\u00e7os que lhes solicitamos, em conformidade com a nossa pol\u00edtica de privacidade.<\/li>\n\n\n\n<li><strong>Transac\u00e7\u00f5es comerciais<\/strong>: Em caso de fus\u00e3o, aquisi\u00e7\u00e3o ou venda da totalidade ou de parte dos nossos activos, os seus dados pessoais podem ser transferidos. Notific\u00e1-lo-emos por correio eletr\u00f3nico e\/ou atrav\u00e9s de um aviso bem vis\u00edvel no nosso s\u00edtio Web de quaisquer altera\u00e7\u00f5es de propriedade ou de utiliza\u00e7\u00e3o relativas aos seus dados pessoais, bem como das suas op\u00e7\u00f5es relativamente a esses dados.<\/li>\n\n\n\n<li><strong>Prote\u00e7\u00e3o da Cosmoflag e outros<\/strong>: Reservamo-nos o direito de divulgar as suas informa\u00e7\u00f5es pessoais para proteger os nossos direitos, a nossa seguran\u00e7a, a dos nossos clientes ou a de terceiros, por exemplo, em casos de preven\u00e7\u00e3o de fraudes e de redu\u00e7\u00e3o do risco de cr\u00e9dito.<\/li>\n<\/ul>\n\n\n\n<p><strong>Seguran\u00e7a e confidencialidade<\/strong><br>Em todos os casos de divulga\u00e7\u00e3o, tomamos medidas para garantir que as suas informa\u00e7\u00f5es pessoais permanecem protegidas em conformidade com esta pol\u00edtica de privacidade e com a legisla\u00e7\u00e3o aplic\u00e1vel. Os acordos com terceiros incluem cl\u00e1usulas que exigem a prote\u00e7\u00e3o das suas informa\u00e7\u00f5es pessoais e garantem que essas partes mant\u00eam a confidencialidade e a seguran\u00e7a dos dados.<\/p>\n\n\n\n<p>Comprometemo-nos a utilizar as suas informa\u00e7\u00f5es pessoais de forma respons\u00e1vel e segura e a ser transparentes quanto aos casos em que estas informa\u00e7\u00f5es podem ser partilhadas. Se tiver alguma d\u00favida ou preocupa\u00e7\u00e3o sobre a forma como as suas informa\u00e7\u00f5es pessoais s\u00e3o tratadas, contacte-nos.<\/p>\n\n\n\n<hr class=\"wp-block-separator has-alpha-channel-opacity\"\/>\n\n\n\n<h3 class=\"wp-block-heading\" id=\"article-4-wordpress-and-data-security\">Artigo 4.\u00ba - WordPress e seguran\u00e7a dos dados<\/h3>\n\n\n\n<p><strong>Alojamento e gest\u00e3o de dados<\/strong><br>A nossa loja est\u00e1 alojada no WordPress, utilizando a plataforma de com\u00e9rcio eletr\u00f3nico WooCommerce. A WooCommerce fornece a plataforma online que nos permite vender os nossos produtos e servi\u00e7os. Os seus dados s\u00e3o armazenados nos sistemas de armazenamento de dados do WooCommerce, nas bases de dados e na aplica\u00e7\u00e3o geral do WordPress. Os seus dados s\u00e3o mantidos em servidores seguros, protegidos por uma firewall.<\/p>\n\n\n\n<p><strong>Pagamento<\/strong><br>As transac\u00e7\u00f5es no nosso site s\u00e3o processadas atrav\u00e9s de gateways de pagamento externos, que utilizam protocolos de seguran\u00e7a para encriptar dados sens\u00edveis, tais como informa\u00e7\u00f5es de cart\u00f5es de cr\u00e9dito. Embora o WooCommerce facilite estas transac\u00e7\u00f5es, n\u00e3o armazena os dados do seu cart\u00e3o de cr\u00e9dito ap\u00f3s a conclus\u00e3o da transa\u00e7\u00e3o.<\/p>\n\n\n\n<p>Todos os gateways de pagamento utilizados no nosso s\u00edtio aderem a <strong>Normas PCI-DSS<\/strong> gerido pelo <strong>Conselho de Normas de Seguran\u00e7a PCI<\/strong>que \u00e9 um esfor\u00e7o conjunto de marcas como a Visa, MasterCard, American Express e Discover. Estas normas ajudam a garantir o processamento seguro das informa\u00e7\u00f5es do cart\u00e3o de cr\u00e9dito pela nossa loja e pelos fornecedores de servi\u00e7os.<\/p>\n\n\n\n<p><strong>Acesso e gest\u00e3o de dados pessoais<\/strong><br>Atrav\u00e9s do WordPress e do WooCommerce, o utilizador pode criar uma conta de utilizador para gerir as suas informa\u00e7\u00f5es pessoais, acompanhar encomendas e visualizar hist\u00f3ricos de pagamentos. O utilizador pode aceder a estas informa\u00e7\u00f5es a qualquer momento, iniciando sess\u00e3o na sua conta no nosso s\u00edtio Web.<\/p>\n\n\n\n<p><strong>Seguran\u00e7a dos dados<\/strong><br>Levamos a seguran\u00e7a dos dados muito a s\u00e9rio e estamos empenhados em proteger as suas informa\u00e7\u00f5es pessoais. S\u00e3o utilizadas medidas t\u00e9cnicas de seguran\u00e7a, como a encripta\u00e7\u00e3o SSL\/TLS, para salvaguardar os seus dados pessoais transmitidos atrav\u00e9s do nosso site. Al\u00e9m disso, as pr\u00e1ticas de seguran\u00e7a interna limitam o acesso aos seus dados ao pessoal autorizado que deles necessita para desempenhar as suas fun\u00e7\u00f5es.<\/p>\n\n\n\n<p>Se o WooCommerce ou o WordPress deixarem de satisfazer os nossos requisitos de seguran\u00e7a ou operacionais, reservamo-nos o direito de mudar de plataforma. A continuidade e a seguran\u00e7a dos seus dados continuar\u00e3o a ser a nossa prioridade, e ser\u00e1 informado de quaisquer altera\u00e7\u00f5es significativas que afectem a forma como os seus dados pessoais s\u00e3o geridos.<\/p>\n\n\n\n<p>Para quest\u00f5es relacionadas com a seguran\u00e7a das suas informa\u00e7\u00f5es pessoais, contacte-nos.<\/p>\n\n\n\n<h3 class=\"wp-block-heading\" id=\"article-6-security\">Artigo 6.\u00ba - Seguran\u00e7a<\/h3>\n\n\n\n<p><strong>Medidas de seguran\u00e7a<\/strong><br>Em <strong>Bandeira Cosmo<\/strong>Para n\u00f3s, a seguran\u00e7a dos seus dados pessoais \u00e9 uma prioridade m\u00e1xima. Implementamos medidas de seguran\u00e7a rigorosas para proteger as suas informa\u00e7\u00f5es contra o acesso n\u00e3o autorizado, a altera\u00e7\u00e3o, a divulga\u00e7\u00e3o ou a destrui\u00e7\u00e3o. Estas medidas incluem protocolos tecnol\u00f3gicos avan\u00e7ados, tais como a encripta\u00e7\u00e3o SSL (Secure Socket Layer) para a transmiss\u00e3o segura de dados no nosso site e o armazenamento seguro de informa\u00e7\u00f5es sens\u00edveis.<\/p>\n\n\n\n<p><strong>Encripta\u00e7\u00e3o de dados<\/strong><br>Quando o utilizador fornece informa\u00e7\u00f5es sobre o cart\u00e3o de cr\u00e9dito, estas s\u00e3o transmitidas de forma segura para os nossos servidores utilizando tecnologia de encripta\u00e7\u00e3o. Os dados s\u00e3o ent\u00e3o encriptados na nossa base de dados e s\u00f3 s\u00e3o acess\u00edveis a pessoas autorizadas com direitos de acesso especiais, que s\u00e3o obrigadas a manter estas informa\u00e7\u00f5es confidenciais. Para al\u00e9m do SSL, utilizamos a encripta\u00e7\u00e3o AES-256 para proteger os dados armazenados.<\/p>\n\n\n\n<p><strong>Normas do sector<\/strong><br>Cumprimos as normas da ind\u00fastria para a prote\u00e7\u00e3o de dados pessoais, incluindo as definidas pela Norma de Seguran\u00e7a de Dados da Ind\u00fastria de Cart\u00f5es de Pagamento (PCI-DSS). As nossas pr\u00e1ticas de seguran\u00e7a s\u00e3o revistas e actualizadas regularmente para refletir os avan\u00e7os tecnol\u00f3gicos e as melhores pr\u00e1ticas operacionais.<\/p>\n\n\n\n<p><strong>Acompanhamento e avalia\u00e7\u00e3o<\/strong><br>Monitorizamos continuamente os nossos sistemas para detetar vulnerabilidades de seguran\u00e7a e potenciais ataques. No entanto, nenhum sistema de transmiss\u00e3o ou armazenamento eletr\u00f3nico \u00e9 100% seguro. Embora nos esforcemos por proteger os seus dados pessoais, n\u00e3o podemos garantir a sua seguran\u00e7a absoluta.<\/p>\n\n\n\n<p><strong>Lidar com viola\u00e7\u00f5es de seguran\u00e7a<\/strong><br>Na eventualidade de uma viola\u00e7\u00e3o de seguran\u00e7a que afecte as suas informa\u00e7\u00f5es pessoais, agiremos prontamente para identificar a causa, tomar medidas corretivas e notific\u00e1-lo de acordo com a legisla\u00e7\u00e3o aplic\u00e1vel. Comprometemo-nos a cooperar com as autoridades relevantes e a inform\u00e1-lo sobre quaisquer medidas que possa tomar para minimizar os impactos.<\/p>\n\n\n\n<p><strong>Responsabilidades do utilizador<\/strong><br>Aconselhamo-lo a tomar medidas para proteger as suas informa\u00e7\u00f5es pessoais em linha. Isto inclui a utiliza\u00e7\u00e3o de palavras-passe fortes, a atualiza\u00e7\u00e3o regular do software e evitar redes Wi-Fi n\u00e3o seguras para efetuar transac\u00e7\u00f5es. A seguran\u00e7a das suas informa\u00e7\u00f5es tamb\u00e9m depende das suas medidas proactivas.<\/p>\n\n\n\n<p>Para quest\u00f5es sobre a seguran\u00e7a dos seus dados pessoais ou preocupa\u00e7\u00f5es espec\u00edficas, n\u00e3o hesite em contactar a nossa equipa de apoio ao cliente. Estamos aqui para o ajudar a navegar e a compreender a seguran\u00e7a dos dados na Cosmoflag.<\/p>\n\n\n\n<hr class=\"wp-block-separator has-alpha-channel-opacity\"\/>\n\n\n\n<h3 class=\"wp-block-heading\" id=\"article-7-cookies\">Artigo 7 - Cookies<\/h3>\n\n\n\n<p><strong>Utiliza\u00e7\u00e3o de cookies<\/strong><br>Em <strong>Bandeira Cosmo<\/strong>Utilizamos cookies para melhorar a experi\u00eancia do utilizador no nosso s\u00edtio. Os cookies s\u00e3o pequenos ficheiros de dados armazenados no seu computador ou dispositivo m\u00f3vel quando visita o nosso s\u00edtio Web. Permitem-nos reconhecer o seu dispositivo e recordar determinadas prefer\u00eancias ou ac\u00e7\u00f5es de visitas anteriores.<\/p>\n\n\n\n<p><strong>Tipos de cookies utilizados<\/strong><\/p>\n\n\n\n<ul class=\"wp-block-list\">\n<li><strong>Cookies de sess\u00e3o<\/strong>: Estes cookies armazenam informa\u00e7\u00f5es sobre a sua sess\u00e3o (referenciador, p\u00e1gina de destino, etc.) e expiram quando fecha o seu browser.<\/li>\n\n\n\n<li><strong>Cookies persistentes<\/strong>: Estes cookies permanecem no seu dispositivo durante um determinado per\u00edodo ou at\u00e9 os apagar. S\u00e3o utilizados para recordar as suas prefer\u00eancias (por exemplo, dados de acesso) e reconhecer o seu dispositivo quando regressa.<\/li>\n\n\n\n<li><strong>Cookies de desempenho e anal\u00edticos<\/strong>: Estes cookies ajudam-nos a compreender a forma como os visitantes interagem com o nosso s\u00edtio, fornecendo informa\u00e7\u00f5es sobre as \u00e1reas visitadas, o tempo passado no s\u00edtio e quaisquer problemas encontrados, como mensagens de erro.<\/li>\n<\/ul>\n\n\n\n<p><strong>Gerir cookies<\/strong><br>O utilizador pode controlar e gerir os cookies de v\u00e1rias formas. Tenha em aten\u00e7\u00e3o que a elimina\u00e7\u00e3o ou o bloqueio de cookies pode afetar a sua experi\u00eancia de utilizador e que algumas funcionalidades podem deixar de estar dispon\u00edveis. A maioria dos browsers aceita cookies por predefini\u00e7\u00e3o, mas pode modificar as defini\u00e7\u00f5es do browser para rejeitar cookies. Para mais informa\u00e7\u00f5es sobre a gest\u00e3o e elimina\u00e7\u00e3o de cookies, visite <a href=\"https:\/\/aboutcookies.org\" target=\"_blank\" rel=\"noopener\">aboutcookies.org<\/a>.<\/p>\n\n\n\n<p><strong>Consentimento de cookies<\/strong><br>A utiliza\u00e7\u00e3o do nosso s\u00edtio implica o seu consentimento para a utiliza\u00e7\u00e3o de cookies. Na sua primeira visita, um banner informa-o sobre a utiliza\u00e7\u00e3o de cookies e tem a op\u00e7\u00e3o de os aceitar ou recusar. Continuar a utilizar o nosso s\u00edtio ap\u00f3s esta notifica\u00e7\u00e3o indica a sua aceita\u00e7\u00e3o.<\/p>\n\n\n\n<p><strong>Seguran\u00e7a e privacidade<\/strong><br>Os cookies geralmente n\u00e3o cont\u00eam informa\u00e7\u00f5es de identifica\u00e7\u00e3o pessoal. No entanto, as informa\u00e7\u00f5es que armazenamos sobre o utilizador podem estar relacionadas com os dados obtidos atrav\u00e9s dos cookies. Implementamos medidas de seguran\u00e7a para impedir o acesso n\u00e3o autorizado ou a utiliza\u00e7\u00e3o indevida dos dados armazenados.<\/p>\n\n\n\n<p>Para quest\u00f5es sobre a nossa utiliza\u00e7\u00e3o de cookies ou para mais informa\u00e7\u00f5es sobre a nossa pol\u00edtica de cookies, contacte-nos. Comprometemo-nos a ser transparentes no tratamento dos seus dados e a respeitar a sua privacidade.<\/p>\n\n\n\n<hr class=\"wp-block-separator has-alpha-channel-opacity\"\/>\n\n\n\n<h3 class=\"wp-block-heading\" id=\"article-8-age-of-consent\">Artigo 8.\u00ba - Idade de consentimento<\/h3>\n\n\n\n<p><strong>Requisitos de idade para o consentimento<\/strong><br>Ao utilizar este s\u00edtio, o utilizador confirma que \u00e9 maior de idade no seu estado ou prov\u00edncia de resid\u00eancia e que deu o seu consentimento para permitir que quaisquer dependentes menores utilizem este s\u00edtio. A idade legal \u00e9 definida pela legisla\u00e7\u00e3o local e \u00e9 normalmente 18 ou 21 anos, consoante a jurisdi\u00e7\u00e3o.<\/p>\n\n\n\n<p><strong>Utiliza\u00e7\u00e3o do s\u00edtio por menores<\/strong><br>Se for pai ou tutor e tiver conhecimento de que o seu filho forneceu informa\u00e7\u00f5es pessoais sem o seu consentimento, contacte-nos. Se descobrirmos que um menor forneceu dados pessoais sem o consentimento dos pais, tomaremos medidas para eliminar os dados dos nossos servidores.<\/p>\n\n\n\n<p><strong>Responsabilidades parentais<\/strong><br>Encorajamos os pais e os encarregados de educa\u00e7\u00e3o a monitorizar a atividade em linha dos seus filhos e a orient\u00e1-los na navega\u00e7\u00e3o segura na Internet. A Cosmoflag n\u00e3o recolhe intencionalmente dados pessoais de menores sem o consentimento dos pais ou tutores. Se suspeitar que o seu filho partilhou dados pessoais connosco, contacte-nos imediatamente.<\/p>\n\n\n\n<p><strong>Autoriza\u00e7\u00e3o parental para servi\u00e7os em linha<\/strong><br>Em conformidade com a legisla\u00e7\u00e3o aplic\u00e1vel, pode ser necess\u00e1rio que os pais ou tutores d\u00eaem o seu consentimento para que os menores acedam a determinados servi\u00e7os online. A Cosmoflag implementar\u00e1 procedimentos para validar a idade dos utilizadores e obter o consentimento dos pais antes de recolher dados pessoais, de acordo com as leis locais e internacionais de privacidade de menores.<\/p>\n\n\n\n<p><strong>Compromisso da Cosmoflag<\/strong><br>A Cosmoflag dedica-se a proteger a privacidade e a seguran\u00e7a de todos os utilizadores, especialmente das crian\u00e7as. Tomamos medidas rigorosas para garantir que o acesso ao nosso site e as informa\u00e7\u00f5es que recolhemos s\u00e3o adequados \u00e0 idade do utilizador, de acordo com a legisla\u00e7\u00e3o aplic\u00e1vel.<\/p>\n\n\n\n<p>Para mais informa\u00e7\u00f5es ou quest\u00f5es sobre a forma como tratamos os dados de menores e o consentimento, contacte-nos. Estamos empenhados em trabalhar com os pais para criar um ambiente seguro para os jovens utilizadores do nosso s\u00edtio.<\/p>\n\n\n\n<hr class=\"wp-block-separator has-alpha-channel-opacity\"\/>\n\n\n\n<h3 class=\"wp-block-heading\" id=\"article-9-changes-to-this-privacy-policy\">Artigo 9 - Altera\u00e7\u00f5es \u00e0 presente pol\u00edtica de privacidade<\/h3>\n\n\n\n<p><strong>Altera\u00e7\u00f5es e actualiza\u00e7\u00f5es<\/strong><br>A Cosmoflag reserva-se o direito de atualizar ou modificar esta pol\u00edtica de privacidade em qualquer altura sem aviso pr\u00e9vio. As altera\u00e7\u00f5es entrar\u00e3o em vigor imediatamente ap\u00f3s a sua publica\u00e7\u00e3o no nosso s\u00edtio Web. Aconselhamos o utilizador a rever esta p\u00e1gina regularmente para se manter informado sobre as actualiza\u00e7\u00f5es.<\/p>\n\n\n\n<p><strong>Notifica\u00e7\u00e3o de altera\u00e7\u00f5es<\/strong><br>No caso de altera\u00e7\u00f5es significativas a esta pol\u00edtica de privacidade, tentaremos notific\u00e1-lo atrav\u00e9s de um aviso bem vis\u00edvel no nosso s\u00edtio Web ou por correio eletr\u00f3nico, se for assinante da nossa newsletter. Isto garante que o utilizador est\u00e1 sempre ciente dos dados que recolhemos, da forma como s\u00e3o utilizados e em que circunst\u00e2ncias (caso existam) os partilhamos.<\/p>\n\n\n\n<p><strong>Impacto das altera\u00e7\u00f5es<\/strong><br>As altera\u00e7\u00f5es \u00e0 nossa pol\u00edtica de privacidade podem afetar a forma como tratamos os dados pessoais fornecidos antes da data de altera\u00e7\u00e3o. No caso de altera\u00e7\u00f5es substanciais, poderemos solicitar a renova\u00e7\u00e3o do consentimento para os termos actualizados, dependendo da natureza das altera\u00e7\u00f5es.<\/p>\n\n\n\n<p><strong>Direitos e obriga\u00e7\u00f5es<\/strong><br>O nosso direito de alterar a pol\u00edtica de privacidade est\u00e1 vinculado ao nosso compromisso de cumprir a legisla\u00e7\u00e3o e as normas \u00e9ticas em mat\u00e9ria de privacidade e prote\u00e7\u00e3o de dados. As altera\u00e7\u00f5es estar\u00e3o sempre em conformidade com a legisla\u00e7\u00e3o aplic\u00e1vel e n\u00e3o reduzir\u00e3o os direitos do utilizador sem o seu consentimento expl\u00edcito.<\/p>\n\n\n\n<p><strong>Hist\u00f3rico de altera\u00e7\u00f5es<\/strong><br>Para maior transpar\u00eancia, podemos fornecer um hist\u00f3rico de altera\u00e7\u00f5es a esta pol\u00edtica de privacidade para o ajudar a acompanhar as actualiza\u00e7\u00f5es ao longo do tempo. Isto ajuda-o a compreender melhor a forma como processamos os dados pessoais e as nossas melhorias cont\u00ednuas nas pr\u00e1ticas de privacidade.<\/p>\n\n\n\n<p><strong>Contacto<\/strong><br>Para quest\u00f5es ou d\u00favidas relativas a esta pol\u00edtica de privacidade ou \u00e0s suas altera\u00e7\u00f5es, contacte-nos atrav\u00e9s de <strong><a>info@cosmoflag.com<\/a><\/strong>. Comprometemo-nos a responder \u00e0s suas perguntas e a prestar os esclarecimentos necess\u00e1rios sobre os seus direitos e os dados pessoais que gerimos.<\/p>\n\n\n\n<hr class=\"wp-block-separator has-alpha-channel-opacity\"\/>\n\n\n\n<h3 class=\"wp-block-heading\" id=\"contact-information\">Informa\u00e7\u00f5es de contacto<\/h3>\n\n\n\n<p>Se tiver alguma d\u00favida, precisar de mais informa\u00e7\u00f5es sobre as nossas pr\u00e1ticas de privacidade ou necessitar de assist\u00eancia relativamente aos seus dados pessoais, contacte a nossa equipa de apoio ao cliente:<\/p>\n\n\n\n<ul class=\"wp-block-list\">\n<li><strong>Correio eletr\u00f3nico<\/strong>: Contacte-nos a qualquer momento em <strong><a>info@cosmoflag.com<\/a><\/strong> com quaisquer quest\u00f5es ou preocupa\u00e7\u00f5es.<\/li>\n\n\n\n<li><strong>Endere\u00e7o postal<\/strong>: Pode tamb\u00e9m escrever-nos para o endere\u00e7o indicado na sec\u00e7\u00e3o \"Contactos\" do nosso s\u00edtio Web.<\/li>\n\n\n\n<li><strong>Formul\u00e1rio de contacto<\/strong>: Visite o nosso s\u00edtio Web e utilize o formul\u00e1rio de contacto dispon\u00edvel para apresentar diretamente as suas quest\u00f5es \u00e0 nossa equipa.<\/li>\n<\/ul>\n\n\n\n<p>Comprometemo-nos a responder prontamente a todos os pedidos e a prestar o apoio necess\u00e1rio para garantir a sua satisfa\u00e7\u00e3o e a prote\u00e7\u00e3o dos seus dados pessoais.<\/p>","protected":false},"excerpt":{"rendered":"<p>Introduction to Cosmoflag&#8217;s Privacy Statement At Cosmoflag, we understand that protecting your privacy is essential, and we are committed to respecting it. As an online store dedicated to selling high-quality flags, we collect certain information to enhance your shopping experience while ensuring the security and confidentiality of your personal data. Our Privacy Statement explains how [&hellip;]<\/p>\n","protected":false},"author":1,"featured_media":0,"parent":0,"menu_order":0,"comment_status":"closed","ping_status":"closed","template":"","meta":{"_gspb_post_css":"","iawp_total_views":5,"footnotes":""},"class_list":["post-2559","page","type-page","status-publish","hentry"],"blocksy_meta":[],"_links":{"self":[{"href":"https:\/\/cosmoflag.com\/pt\/wp-json\/wp\/v2\/pages\/2559","targetHints":{"allow":["GET"]}}],"collection":[{"href":"https:\/\/cosmoflag.com\/pt\/wp-json\/wp\/v2\/pages"}],"about":[{"href":"https:\/\/cosmoflag.com\/pt\/wp-json\/wp\/v2\/types\/page"}],"author":[{"embeddable":true,"href":"https:\/\/cosmoflag.com\/pt\/wp-json\/wp\/v2\/users\/1"}],"replies":[{"embeddable":true,"href":"https:\/\/cosmoflag.com\/pt\/wp-json\/wp\/v2\/comments?post=2559"}],"version-history":[{"count":0,"href":"https:\/\/cosmoflag.com\/pt\/wp-json\/wp\/v2\/pages\/2559\/revisions"}],"wp:attachment":[{"href":"https:\/\/cosmoflag.com\/pt\/wp-json\/wp\/v2\/media?parent=2559"}],"curies":[{"name":"wp","href":"https:\/\/api.w.org\/{rel}","templated":true}]}}