{"id":16,"date":"2024-05-22T13:40:16","date_gmt":"2024-05-22T13:40:16","guid":{"rendered":"https:\/\/startersites.io\/blocksy\/furniture\/?page_id=16"},"modified":"2025-01-26T20:23:02","modified_gmt":"2025-01-26T20:23:02","slug":"sobre-nos","status":"publish","type":"page","link":"https:\/\/cosmoflag.com\/pt\/sobre-nos\/","title":{"rendered":"Sobre n\u00f3s"},"content":{"rendered":"<div class=\"wp-block-greenshift-blocks-row gspb_row gspb_row-id-gsbp-63ba5b3\" id=\"gspb_row-id-gsbp-63ba5b3\"><div class=\"gspb_row__content\"> \n<div class=\"wp-block-greenshift-blocks-row-column gspb_row__col--12 gspb_col-id-gsbp-184e5ba\" id=\"gspb_col-id-gsbp-184e5ba\">\n<div id=\"gspb_text-id-gsbp-d4d1a69\" class=\"gspb_text gspb_text-id-gsbp-d4d1a69\">Situada no cora\u00e7\u00e3o de Montpellier, no Sul de Fran\u00e7a, a nossa loja de com\u00e9rcio eletr\u00f3nico tem alimentado a paix\u00e3o pelas bandeiras nacionais, regionais, hist\u00f3ricas e decorativas h\u00e1 mais de tr\u00eas anos. A partir da nossa base na 45 rue de la Libert\u00e9, 34000 Montpellier, celebramos a rica tape\u00e7aria do patrim\u00f3nio e do orgulho global.<br><br>Na Cosmoflag, somos movidos por uma miss\u00e3o simples mas profunda: unir culturas atrav\u00e9s do s\u00edmbolo universal das bandeiras. Acreditamos que cada bandeira transporta uma narrativa de identidade, hist\u00f3ria e valores, e \u00e9 por isso que seleccionamos meticulosamente produtos que representam a ess\u00eancia das na\u00e7\u00f5es e dos seus povos.<br>A nossa loja online possui uma vasta cole\u00e7\u00e3o de bandeiras de alta qualidade, concebidas para serem dur\u00e1veis e resistentes, garantindo que continuam a contar as suas hist\u00f3rias durante anos.<br><br>A satisfa\u00e7\u00e3o do cliente est\u00e1 no centro de tudo o que fazemos. A nossa equipa dedicada de apoio ao cliente est\u00e1 sempre pronta a responder a quaisquer perguntas, a orient\u00e1-lo no processo de compra ou a responder a quaisquer d\u00favidas sobre as suas encomendas. N\u00e3o hesite em contactar-nos atrav\u00e9s do nosso formul\u00e1rio online ou por correio eletr\u00f3nico em <a>contact@cosmoflag.com<\/a>. Estamos aqui todos os dias para garantir que a sua experi\u00eancia \u00e9 t\u00e3o enriquecedora como as bandeiras que entregamos.<br><br>Explore a nossa loja online e deixe-se envolver pelas cores, hist\u00f3rias e tradi\u00e7\u00f5es que fazem de cada bandeira um emblema \u00fanico da identidade nacional.<br>Obrigado por fazer parte do nosso percurso na Cosmoflag.<br><br>Cordiais cumprimentos, A equipa Cosmoflag<\/div>\n<\/div>\n <\/div><\/div>","protected":false},"excerpt":{"rendered":"","protected":false},"author":1,"featured_media":0,"parent":0,"menu_order":0,"comment_status":"closed","ping_status":"closed","template":"","meta":{"_gspb_post_css":"#gspb_row-id-gsbp-63ba5b3{justify-content:space-between;margin-top:0;margin-bottom:0;display:flex;flex-wrap:wrap}#gspb_row-id-gsbp-63ba5b3>.gspb_row__content{display:flex;justify-content:space-between;margin:0 auto;width:100%;flex-wrap:wrap}.gspb_row{position:relative}div[id^=gspb_col-id]{box-sizing:border-box;position:relative;padding:var(--gs-row-column-padding, 15px min(3vw, 20px))}body.gspb-bodyfront #gspb_row-id-gsbp-63ba5b3>.gspb_row__content{width:var(--theme-container-width, 1200px);max-width:var(--theme-normal-container-max-width, 1200px)}#gspb_col-id-gsbp-184e5ba.gspb_row__col--12{width:100%}@media (max-width:575.98px){#gspb_col-id-gsbp-184e5ba.gspb_row__col--12{width:100%}}","iawp_total_views":43,"footnotes":""},"class_list":["post-16","page","type-page","status-publish","hentry"],"blocksy_meta":{"has_hero_section":"default","vertical_spacing_source":"custom","content_area_spacing":"none","styles_descriptor":{"styles":{"desktop":"","tablet":"","mobile":""},"google_fonts":[],"version":6}},"_links":{"self":[{"href":"https:\/\/cosmoflag.com\/pt\/wp-json\/wp\/v2\/pages\/16","targetHints":{"allow":["GET"]}}],"collection":[{"href":"https:\/\/cosmoflag.com\/pt\/wp-json\/wp\/v2\/pages"}],"about":[{"href":"https:\/\/cosmoflag.com\/pt\/wp-json\/wp\/v2\/types\/page"}],"author":[{"embeddable":true,"href":"https:\/\/cosmoflag.com\/pt\/wp-json\/wp\/v2\/users\/1"}],"replies":[{"embeddable":true,"href":"https:\/\/cosmoflag.com\/pt\/wp-json\/wp\/v2\/comments?post=16"}],"version-history":[{"count":0,"href":"https:\/\/cosmoflag.com\/pt\/wp-json\/wp\/v2\/pages\/16\/revisions"}],"wp:attachment":[{"href":"https:\/\/cosmoflag.com\/pt\/wp-json\/wp\/v2\/media?parent=16"}],"curies":[{"name":"wp","href":"https:\/\/api.w.org\/{rel}","templated":true}]}}